{"id":10010,"date":"2025-10-24T22:17:05","date_gmt":"2025-10-24T20:17:05","guid":{"rendered":"https:\/\/motorrad-erinnerungen.de\/2026\/?post_type=product&#038;p=10010"},"modified":"2025-10-24T22:36:58","modified_gmt":"2025-10-24T20:36:58","slug":"mo-bmw-motorraeder-f-800-st-k-100-r-1200-r-sonderausgabe-19","status":"publish","type":"product","link":"https:\/\/motorrad-erinnerungen.de\/shop\/produkt\/mo-bmw-motorraeder-f-800-st-k-100-r-1200-r-sonderausgabe-19\/","title":{"rendered":"MO BMW Motorr\u00e4der \u2013 F 800 ST, K 100, R 1200 R \u2013 Sonderausgabe 19"},"content":{"rendered":"<p>Zum Kauf angeboten wird das Motorrad-Magazin\u00a0<strong>MO BMW-Motorr\u00e4der Sonderheft Nr. 19, Oktober &#8211; Dezember 2006<\/strong><\/p>\n<h2>\ud83d\udccc Freuen Sie sich auf folgende Titelthemen<\/h2>\n<ul>\n<li><strong>BMW F 800 ST <\/strong>\u2013 der ganz gro\u00dfe Wurf, Test &amp; Technik<\/li>\n<li><strong>Schnitzer-BMW R 1200 S<\/strong> &#8211; Sport ohne B\u00fccken<\/li>\n<li><strong>BMW K 100<\/strong> &#8211; Tipps und Tricks f\u00fcr den fliegenden Ziegel<\/li>\n<\/ul>\n<h2>\u2795 Weitere Tests &amp; Highlights<\/h2>\n<ul>\n<li><strong>BMW R 1200 R<\/strong> &#8211; leichter und st\u00e4rker denn je, Test &amp; Technik<\/li>\n<li><strong>Kalich-Schwenker-Gespann<\/strong> &#8211; Gespann fahren mit Schr\u00e4glage<\/li>\n<li><strong>BMW R 100 RS<\/strong> &#8211; Bericht \u00fcber eine Restaurierung, Teil 2<\/li>\n<\/ul>\n<h2>\ud83c\udf0d Zustand der Zeitschrift<\/h2>\n<ul>\n<li><strong>Gebraucht, weil gelesen, durchgebl\u00e4ttert oder auch nur gestapelt \ud83d\ude09<\/strong><\/li>\n<li>Dem Alter angemessen gut bis sehr gut erhalten, alles original<\/li>\n<\/ul>\n<h2>\ud83d\udce6 Versand &amp; Service<\/h2>\n<ul>\n<li>Stabil verpackt, damit die Zeitschrift heil bei Ihnen ankommt<\/li>\n<li>Kostenloser Versand innerhalb Deutschlands<\/li>\n<li>Weltweiter Versand auf Wunsch f\u00fcr eine geringe Pauschale<\/li>\n<li>interested Europeans or oversea peoples can also buy\u00a0 this article, of course<\/li>\n<li>should you have any questions, specially for ship &amp; handling, do not hesitate to contact us<\/li>\n<\/ul>\n","protected":false},"excerpt":{"rendered":"<p>Zum Kauf angeboten wird das Motorrad-Magazin\u00a0MO BMW-Motorr\u00e4der Sonderheft Nr. 19, Oktober &#8211; Dezember 2006 \ud83d\udccc Freuen Sie sich auf folgende Titelthemen BMW F 800 ST \u2013 der ganz gro\u00dfe Wurf, Test &amp; Technik Schnitzer-BMW R 1200 S &#8211; Sport ohne B\u00fccken BMW K 100 &#8211; Tipps und Tricks f\u00fcr den fliegenden Ziegel \u2795 Weitere Tests [&hellip;]<\/p>\n","protected":false},"featured_media":10011,"template":"","meta":{"iawp_total_views":1},"product_brand":[],"product_cat":[20],"product_tag":[2985,9393,9394,633,1241,2963],"class_list":{"0":"post-10010","1":"product","2":"type-product","3":"status-publish","4":"has-post-thumbnail","6":"product_cat-mo-bmw-motorraeder","7":"product_tag-bmw-r-1200-r","8":"product_tag-schnitzer-bmw-r-1200-s","9":"product_tag-kalich-schwenker-gespann","10":"product_tag-bmw-r-100-rs","11":"product_tag-bmw-k-100","12":"product_tag-bmw-f-800-st","14":"first","15":"instock","16":"shipping-taxable","17":"purchasable","18":"product-type-simple"},"_links":{"self":[{"href":"https:\/\/motorrad-erinnerungen.de\/shop\/wp-json\/wp\/v2\/product\/10010","targetHints":{"allow":["GET"]}}],"collection":[{"href":"https:\/\/motorrad-erinnerungen.de\/shop\/wp-json\/wp\/v2\/product"}],"about":[{"href":"https:\/\/motorrad-erinnerungen.de\/shop\/wp-json\/wp\/v2\/types\/product"}],"wp:featuredmedia":[{"embeddable":true,"href":"https:\/\/motorrad-erinnerungen.de\/shop\/wp-json\/wp\/v2\/media\/10011"}],"wp:attachment":[{"href":"https:\/\/motorrad-erinnerungen.de\/shop\/wp-json\/wp\/v2\/media?parent=10010"}],"wp:term":[{"taxonomy":"product_brand","embeddable":true,"href":"https:\/\/motorrad-erinnerungen.de\/shop\/wp-json\/wp\/v2\/product_brand?post=10010"},{"taxonomy":"product_cat","embeddable":true,"href":"https:\/\/motorrad-erinnerungen.de\/shop\/wp-json\/wp\/v2\/product_cat?post=10010"},{"taxonomy":"product_tag","embeddable":true,"href":"https:\/\/motorrad-erinnerungen.de\/shop\/wp-json\/wp\/v2\/product_tag?post=10010"}],"curies":[{"name":"wp","href":"https:\/\/api.w.org\/{rel}","templated":true}]}}