{"id":10227,"date":"2025-11-20T20:41:14","date_gmt":"2025-11-20T19:41:14","guid":{"rendered":"https:\/\/motorrad-erinnerungen.de\/2026\/?post_type=product&#038;p=10227"},"modified":"2026-03-27T13:22:59","modified_gmt":"2026-03-27T12:22:59","slug":"ps-2-2008","status":"publish","type":"product","link":"https:\/\/motorrad-erinnerungen.de\/shop\/produkt\/ps-2-2008\/","title":{"rendered":"PS 2\/2008 \u2013 Fahrbericht Honda Fireblade, Technik Yamaha YZF-R6 alt\/neu"},"content":{"rendered":"<p>Zum Kauf angeboten wird die <strong>Motorrad-Zeitung \u201ePS 2\/2008\u201c<\/strong>.<\/p>\n<h2>\ud83d\udccc Freuen Sie sich auf folgende Titelthemen<\/h2>\n<ul>\n<li><strong>Honda Fireblade <\/strong>\u2013 Fahrbericht in Wort und Bild auf 6 Seiten<\/li>\n<li><strong>Yamaha YZF-R6 <\/strong>\u2013 Technik alt(neu, Vorstellung in Wort und Bild auf 6 Seiten<\/li>\n<li><strong>Im Rausch der Geschwindigkeit, die Entwicklung von 1920 bis heute<\/strong> \u2013 Gro\u00dfer Report in Wort und Bild auf 17 Seiten<br \/>\nAm Beispiel au\u00dfergew\u00f6hnlicher Motorr\u00e4der: Harley-Davidson Boardtracker, BMW 500 Kompressor, Moto Guzzi V8, MV Agusta 500 Four, Ducati 750 SS Imola, Kawasaki Z 1000 R, Suzuki RGV 500, Ducati Desmosedici GP4<\/li>\n<\/ul>\n<h2>\u2795 Weitere Tests &amp; Highlights<\/h2>\n<ul>\n<li><strong>KTM RC8 1190 <\/strong>\u2013 Vorstellung im Rahmen eines KTM-Werksbesuchs in Wort und Bild auf 6 Seiten<\/li>\n<li><strong>Kalex AV1 <\/strong>\u2013 Vorstellung in Wort und Bild auf 4 Seiten<\/li>\n<li><strong>Schubert-BMW K 1200 S Endurance <\/strong>\u2013 Vorstellung als Edel-Bike in Wort und Bild auf 4 Seiten<\/li>\n<li><strong>Yamaha YZF-R1 <\/strong>\u2013 das WM-Superbike von Noriyuki Haga, Tracktest in Wort und Bild auf 6 Seiten<\/li>\n<\/ul>\n<h2>\ud83d\udca1 Tipp<\/h2>\n<ul>\n<li>Eine Motorrad-Zeitschrift kann auch eine willkommene \u00dcberraschung f\u00fcr Motorrad-\/Rollerfans sein<br \/>\n\u2026\u00a0<strong>zum Verschen<\/strong><strong>ken von Erinnerungen \u2026 Tr\u00e4umen \u2026<\/strong><\/li>\n<\/ul>\n<h2>\ud83d\udce6 Versand &amp; Service<\/h2>\n<ul>\n<li>\u2713 Kostenloser Versand in Deutschland, Auslandsversand f\u00fcr eine geringe Pauschale<\/li>\n<li>\u2713 Erfahrung aus \u00fcber 30.000 erfolgreichen Sendungen<\/li>\n<li>\u2713 Ihre Zeitschrift wird sicher und liebevoll verpackt<\/li>\n<\/ul>\n<h2>\ud83c\udf0d Zustand der Zeitschrift<\/h2>\n<ul>\n<li>Gebraucht, weil gelesen, durchgebl\u00e4ttert, gestapelt \ud83d\ude09<\/li>\n<li>Alles original, Klebespuren von Abo-Adressaufklebern sind m\u00f6glich<\/li>\n<\/ul>\n","protected":false},"excerpt":{"rendered":"<p>Zum Kauf angeboten wird die Motorrad-Zeitung \u201ePS 2\/2008\u201c. \ud83d\udccc Freuen Sie sich auf folgende Titelthemen Honda Fireblade \u2013 Fahrbericht in Wort und Bild auf 6 Seiten Yamaha YZF-R6 \u2013 Technik alt(neu, Vorstellung in Wort und Bild auf 6 Seiten Im Rausch der Geschwindigkeit, die Entwicklung von 1920 bis heute \u2013 Gro\u00dfer Report in Wort und [&hellip;]<\/p>\n","protected":false},"featured_media":10228,"template":"","meta":{"iawp_total_views":2},"product_brand":[],"product_cat":[28],"product_tag":[9894,9895,9896,9897,9898,9899,1654,9900,2078,9901,2218,14318,2279,14319,7314,14337],"class_list":{"0":"post-10227","1":"product","2":"type-product","3":"status-publish","4":"has-post-thumbnail","6":"product_cat-ps","7":"product_tag-kalex-av1","8":"product_tag-harley-davidson-boardtracker","9":"product_tag-bmw-500-kompressor","10":"product_tag-mv-agusta-500-four","11":"product_tag-ducati-750-ss-imola","12":"product_tag-ducati-desmosedici-gp4","13":"product_tag-suzuki-rgv-500","14":"product_tag-schubert-bmw-k-1200-s-endurance","15":"product_tag-moto-guzzi-v8","16":"product_tag-noriyuki-haga","17":"product_tag-yamaha-yzf-r1","18":"product_tag-honda-cbr-1000-rr-fireblade","19":"product_tag-yamaha-yzf-r6","20":"product_tag-kawasaki-z-1000-klassisch","21":"product_tag-ktm-rc8-1190","22":"product_tag-ducati-supersport-600-750-800-1000","24":"first","25":"instock","26":"shipping-taxable","27":"purchasable","28":"product-type-simple"},"_links":{"self":[{"href":"https:\/\/motorrad-erinnerungen.de\/shop\/wp-json\/wp\/v2\/product\/10227","targetHints":{"allow":["GET"]}}],"collection":[{"href":"https:\/\/motorrad-erinnerungen.de\/shop\/wp-json\/wp\/v2\/product"}],"about":[{"href":"https:\/\/motorrad-erinnerungen.de\/shop\/wp-json\/wp\/v2\/types\/product"}],"wp:featuredmedia":[{"embeddable":true,"href":"https:\/\/motorrad-erinnerungen.de\/shop\/wp-json\/wp\/v2\/media\/10228"}],"wp:attachment":[{"href":"https:\/\/motorrad-erinnerungen.de\/shop\/wp-json\/wp\/v2\/media?parent=10227"}],"wp:term":[{"taxonomy":"product_brand","embeddable":true,"href":"https:\/\/motorrad-erinnerungen.de\/shop\/wp-json\/wp\/v2\/product_brand?post=10227"},{"taxonomy":"product_cat","embeddable":true,"href":"https:\/\/motorrad-erinnerungen.de\/shop\/wp-json\/wp\/v2\/product_cat?post=10227"},{"taxonomy":"product_tag","embeddable":true,"href":"https:\/\/motorrad-erinnerungen.de\/shop\/wp-json\/wp\/v2\/product_tag?post=10227"}],"curies":[{"name":"wp","href":"https:\/\/api.w.org\/{rel}","templated":true}]}}