{"id":10336,"date":"2025-11-24T23:06:19","date_gmt":"2025-11-24T22:06:19","guid":{"rendered":"https:\/\/motorrad-erinnerungen.de\/2026\/produkt\/ps-11-2006-yzf-r1-gsx-r-1000-z-1000\/"},"modified":"2026-03-17T22:37:22","modified_gmt":"2026-03-17T21:37:22","slug":"ps-11-2006-yzf-r1-gsx-r-1000-z-1000","status":"publish","type":"product","link":"https:\/\/motorrad-erinnerungen.de\/shop\/produkt\/ps-11-2006-yzf-r1-gsx-r-1000-z-1000\/","title":{"rendered":"PS 11\/2006 \u2013 Kawasaki ZX-10R, damit die &#8222;Gr\u00fcne H\u00f6lle&#8220; \u00fcberlebt"},"content":{"rendered":"<p>Zum Kauf angeboten wird das Sport-Motorrad-Magazin <strong>PS 11\/2006<\/strong>.<\/p>\n<h2>\ud83d\udccc Die Titelthemen in :<\/h2>\n<ul>\n<li><strong>Yamaha YZF-R1<\/strong> \u2013 Titelstar 2007<\/li>\n<li><strong>Suzuki GSX-R 1000<\/strong>, <strong>Suzuki B-King<\/strong>, <strong>Suzuki Bandit 1250<\/strong>, <strong>BMW K1200 RS<\/strong>, <strong>Honda Hornet 600<\/strong>, <strong>Kawasaki ZX-6R<\/strong> \u2013 Modell\u00fcbersicht Stars 2007<\/li>\n<li><strong>Aprilia Tuono 1000 R, Benelli TnT 1130 Cafe Racer, Ducati Monster S4Rs, Moto Guzzi Griso 1100, MV Agusta Brutale 910 R<\/strong> \u2013 Italo-Nakeds im Vergleich<\/li>\n<li><strong>Kawasaki ZX-10R<\/strong> \u2013 Bikerstory \u201eGr\u00fcne H\u00f6lle\u201c, \u00fcberlebt<\/li>\n<\/ul>\n<h2>\u2795 Weitere Tests &amp; Highlights<\/h2>\n<ul>\n<li><strong>Aprilia Tuono 1000 R Factory<\/strong> \u2013 Fahrbericht<\/li>\n<li><strong>Ducati 999R, Superbike-Weltmeister 2006, Troy Bayliss<\/strong> \u2013 Poster<\/li>\n<\/ul>\n<h2>\ud83d\udca1 Tipp<\/h2>\n<ul>\n<li>Eine Motorrad-Zeitschrift kann auch eine willkommene \u00dcberraschung f\u00fcr Motorradfans sein<\/li>\n<li>\u2026 zum Verschenken von Erinnerungen \u2026 Tr\u00e4umen \u2026<\/li>\n<\/ul>\n<h2>\ud83d\udce6 Versand &amp; Service<\/h2>\n<ul>\n<li>Kostenloser Versand in Deutschland, Auslandsversand f\u00fcr eine geringe Pauschale<\/li>\n<li>Erfahrung aus weit \u00fcber 30.000 erfolgreichen Sendungen<\/li>\n<li>Ihre Zeitschrift wird sicher und liebevoll verpackt<\/li>\n<\/ul>\n<h2>\ud83c\udf0d Zustand der Zeitschrift<\/h2>\n<ul>\n<li>Gebraucht, weil gelesen, durchgebl\u00e4ttert oder gestapelt \ud83d\ude09 dem Alter angemessen gut bis sehr gut erhalten<\/li>\n<li>Alles original, es k\u00f6nnen Klebespuren von Abo-Adressaufklebern vorhanden sein<\/li>\n<\/ul>\n","protected":false},"excerpt":{"rendered":"<p>Premiere f\u00fcr Stars 2007: Yamaha YZF-R1, Suzuki GSX-R 1000 und Kawasaki Z 1000 im Heft. Vergleich, Espresso-Test und PS-Kennerspiel!<\/p>\n","protected":false},"featured_media":10338,"template":"","meta":{"iawp_total_views":2},"product_brand":[],"product_cat":[28],"product_tag":[2218,10022,2421,10023,2606,10024,2648,10025,2833,2869,2872,2951,2978,2979,3048],"class_list":{"0":"post-10336","1":"product","2":"type-product","3":"status-publish","4":"has-post-thumbnail","6":"product_cat-ps","7":"product_tag-yamaha-yzf-r1","8":"product_tag-bmw-k1200-rs","9":"product_tag-suzuki-gsx-r-1000","10":"product_tag-italo-nakeds","11":"product_tag-suzuki-b-king","12":"product_tag-yamaha-zx-10r","13":"product_tag-honda-hornet-600","14":"product_tag-troy-bayliss","15":"product_tag-ducati-999r","16":"product_tag-moto-guzzi-griso-1100","17":"product_tag-aprilia-tuono-1000-r","18":"product_tag-ducati-monster-s4rs","19":"product_tag-mv-agusta-brutale-910-r","20":"product_tag-benelli-tnt-1130-cafe-racer","21":"product_tag-suzuki-bandit-1250","23":"first","24":"instock","25":"shipping-taxable","26":"purchasable","27":"product-type-simple"},"_links":{"self":[{"href":"https:\/\/motorrad-erinnerungen.de\/shop\/wp-json\/wp\/v2\/product\/10336","targetHints":{"allow":["GET"]}}],"collection":[{"href":"https:\/\/motorrad-erinnerungen.de\/shop\/wp-json\/wp\/v2\/product"}],"about":[{"href":"https:\/\/motorrad-erinnerungen.de\/shop\/wp-json\/wp\/v2\/types\/product"}],"wp:featuredmedia":[{"embeddable":true,"href":"https:\/\/motorrad-erinnerungen.de\/shop\/wp-json\/wp\/v2\/media\/10338"}],"wp:attachment":[{"href":"https:\/\/motorrad-erinnerungen.de\/shop\/wp-json\/wp\/v2\/media?parent=10336"}],"wp:term":[{"taxonomy":"product_brand","embeddable":true,"href":"https:\/\/motorrad-erinnerungen.de\/shop\/wp-json\/wp\/v2\/product_brand?post=10336"},{"taxonomy":"product_cat","embeddable":true,"href":"https:\/\/motorrad-erinnerungen.de\/shop\/wp-json\/wp\/v2\/product_cat?post=10336"},{"taxonomy":"product_tag","embeddable":true,"href":"https:\/\/motorrad-erinnerungen.de\/shop\/wp-json\/wp\/v2\/product_tag?post=10336"}],"curies":[{"name":"wp","href":"https:\/\/api.w.org\/{rel}","templated":true}]}}