{"id":10432,"date":"2025-11-29T22:56:25","date_gmt":"2025-11-29T21:56:25","guid":{"rendered":"https:\/\/motorrad-erinnerungen.de\/2026\/?post_type=product&#038;p=10432"},"modified":"2026-03-16T16:12:12","modified_gmt":"2026-03-16T15:12:12","slug":"mo-10-2017","status":"publish","type":"product","link":"https:\/\/motorrad-erinnerungen.de\/shop\/produkt\/mo-10-2017\/","title":{"rendered":"MO 10\/2017 \u2013 Vergleich Triumph\u00a0 Street Triple S vs. Yamaha MT-09"},"content":{"rendered":"<p>Zum Kauf angeboten wird das Motorrad-Magazin <strong>MO 10\/2017<\/strong>.<\/p>\n<h2>\ud83d\udccc Die Titelthemen in :<\/h2>\n<ul>\n<li><b>Triumph\u00a0 Street Triple S vs. Yamaha MT-09<\/b> \u2013 Zwei Triples im Vergleich, Testbericht<\/li>\n<li><b>BMW K 1600 B<\/b> \u2013 Bestechender Sechszylinder-Bobber, Testbericht<\/li>\n<li><b>Harley-Davidson Sportster Roadster Cafe Racer<\/b> \u2013 umgebauter Roadster, Testbericht<\/li>\n<li><b>Himalaya-Roadtrip<\/b> \u2013 Ein wildes Abenteuer, Teil 2<\/li>\n<\/ul>\n<h2>\u2795 Weitere Tests &amp; Highlights<\/h2>\n<ul>\n<li><b>Sardinien<\/b> \u2013 die K\u00fcstenstra\u00dfe, ein Traumziel, Stra\u00dfe des Monats<\/li>\n<li><b>Yamaha MT-10, Triumph Street Triple RS, Honda CBR 1000 RR Fireblade, KTM 690 Duke R, Husqvarna 701 SM, BMW S 1000 XR <\/b>\u2013 alles MO-Dauertest-Motorr\u00e4der, Zwischenberichte, teilweise Abschlussbilanz, Zubeh\u00f6r-Tipps<\/li>\n<li><b>BMW R nineT Scrambler<\/b> \u2013 Zubeh\u00f6r-Tipps<\/li>\n<li><b>Moto Guzzi Titanium V<\/b> \u2013 bet\u00f6render Hot Shot<\/li>\n<\/ul>\n<h2>\ud83d\udca1 Tipp<\/h2>\n<ul>\n<li>Eine Motorrad-Zeitschrift kann auch eine willkommene \u00dcberraschung f\u00fcr Motorradfans sein<br \/>\n\u2026 zum Verschenken von Erinnerungen \u2026 Tr\u00e4umen \u2026<\/li>\n<\/ul>\n<h2>\ud83d\udce6 Versand &amp; Service<\/h2>\n<ul>\n<li>Kostenloser Versand in Deutschland, Auslandsversand f\u00fcr eine geringe Pauschale<\/li>\n<li>Erfahrung aus weit \u00fcber 30.000 erfolgreichen Sendungen<\/li>\n<li>Ihre Zeitschrift wird sicher und liebevoll verpackt<\/li>\n<\/ul>\n<h2>\ud83c\udf0d Zustand der Zeitschrift<\/h2>\n<ul>\n<li>Gebraucht, weil gelesen, durchgebl\u00e4ttert oder gestapelt \ud83d\ude09 dem Alter angemessen gut bis sehr gut erhalten<\/li>\n<li>Alles original, es k\u00f6nnen Klebespuren von Abo-Adressaufklebern vorhanden sein<\/li>\n<\/ul>\n","protected":false},"excerpt":{"rendered":"<p>Zum Kauf angeboten wird das Motorrad-Magazin MO 10\/2017. \ud83d\udccc Die Titelthemen in : Triumph\u00a0 Street Triple S vs. Yamaha MT-09 \u2013 Zwei Triples im Vergleich, Testbericht BMW K 1600 B \u2013 Bestechender Sechszylinder-Bobber, Testbericht Harley-Davidson Sportster Roadster Cafe Racer \u2013 umgebauter Roadster, Testbericht Himalaya-Roadtrip \u2013 Ein wildes Abenteuer, Teil 2 \u2795 Weitere Tests &amp; Highlights [&hellip;]<\/p>\n","protected":false},"featured_media":10433,"template":"","meta":{"iawp_total_views":3},"product_brand":[],"product_cat":[19],"product_tag":[7437,7462,10071,10129,2526,10130,3398,10131,3699,10132,3813,6070,7101,7375],"class_list":{"0":"post-10432","1":"product","2":"type-product","3":"status-publish","4":"has-post-thumbnail","6":"product_cat-mo","7":"product_tag-triumph-street-triple-rs","8":"product_tag-triumph-street-triple-s","9":"product_tag-husqvarna-701-sm","10":"product_tag-harley-davidson-sportster-roadster-cafe-racer","11":"product_tag-honda-fireblade","12":"product_tag-himalaya-roadtrip","13":"product_tag-ktm-690-duke-r","14":"product_tag-sardinien-die-kuestenstrasse","15":"product_tag-yamaha-mt-09","16":"product_tag-moto-guzzi-titanium-v","17":"product_tag-bmw-s-1000-xr","18":"product_tag-bmw-r-ninet-scrambler","19":"product_tag-yamaha-mt-10","20":"product_tag-bmw-k-1600-b","22":"first","23":"instock","24":"shipping-taxable","25":"purchasable","26":"product-type-simple"},"_links":{"self":[{"href":"https:\/\/motorrad-erinnerungen.de\/shop\/wp-json\/wp\/v2\/product\/10432","targetHints":{"allow":["GET"]}}],"collection":[{"href":"https:\/\/motorrad-erinnerungen.de\/shop\/wp-json\/wp\/v2\/product"}],"about":[{"href":"https:\/\/motorrad-erinnerungen.de\/shop\/wp-json\/wp\/v2\/types\/product"}],"wp:featuredmedia":[{"embeddable":true,"href":"https:\/\/motorrad-erinnerungen.de\/shop\/wp-json\/wp\/v2\/media\/10433"}],"wp:attachment":[{"href":"https:\/\/motorrad-erinnerungen.de\/shop\/wp-json\/wp\/v2\/media?parent=10432"}],"wp:term":[{"taxonomy":"product_brand","embeddable":true,"href":"https:\/\/motorrad-erinnerungen.de\/shop\/wp-json\/wp\/v2\/product_brand?post=10432"},{"taxonomy":"product_cat","embeddable":true,"href":"https:\/\/motorrad-erinnerungen.de\/shop\/wp-json\/wp\/v2\/product_cat?post=10432"},{"taxonomy":"product_tag","embeddable":true,"href":"https:\/\/motorrad-erinnerungen.de\/shop\/wp-json\/wp\/v2\/product_tag?post=10432"}],"curies":[{"name":"wp","href":"https:\/\/api.w.org\/{rel}","templated":true}]}}