{"id":10461,"date":"2025-12-01T15:40:01","date_gmt":"2025-12-01T14:40:01","guid":{"rendered":"https:\/\/motorrad-erinnerungen.de\/2026\/produkt\/mo-1-2022-yamaha-xsr900-aprilia-tuareg-660-ducati-streetfighter-v2\/"},"modified":"2026-03-31T22:19:14","modified_gmt":"2026-03-31T20:19:14","slug":"mo-1-2022-yamaha-xsr900-aprilia-tuareg-660-ducati-streetfighter-v2","status":"publish","type":"product","link":"https:\/\/motorrad-erinnerungen.de\/shop\/produkt\/mo-1-2022-yamaha-xsr900-aprilia-tuareg-660-ducati-streetfighter-v2\/","title":{"rendered":"MO 1\/2022 \u2013 Aprilia Tuareg 660, Ducati Streetfighter V2, Honda NT 1100"},"content":{"rendered":"<p>Zum Kauf angeboten wird das Motorrad-Magazin <strong>MO 1\/2022<\/strong> (Januar 2022).<\/p>\n<h2>\ud83d\udccc Die Titelthemen in :<\/h2>\n<ul>\n<li><strong>Neuheiten 2022 im Einzel-Test<\/strong>, mit dabei<br \/>\n<strong>Kawasaki Z650RS, Ducati Streetfighter V2, Yamaha XSR 900, Husqvarna Norden 901, Aprilia Tuareg 660, Honda NT 1100, Triumph Speed Triple 1200 RS, Suzuki GSX-S 1000 GT<\/strong><\/li>\n<\/ul>\n<h2>\u2795 Weitere Tests &amp; Highlights<\/h2>\n<ul>\n<li><strong>Yamaha 660 T\u00e9n\u00e9r\u00e9<\/strong> \u2013 pr\u00e4gende Erlebnisse aus acht Jahren Weltreise, Reportage<\/li>\n<li><strong>KTM 690 SMC-R und Gilera Nordwest <\/strong>\u2013 aktuelle SM von KTM im Test mit Seitenblick auf ein fr\u00fches &#8222;Funbike&#8220; in einem gr\u00f6\u00dferen <strong>Supermoto-Spezial<\/strong><\/li>\n<li><strong>XTR Pepo-Royal Enfield Lilith<\/strong> \u2013 Hot Shot<\/li>\n<li><b>Ducati Monster, Indian FTR R Carbon, Triumph Trident 660, BMW R 900 R, Honda Africa Twin CRF 1100 L DCT <\/b>\u2013 alles MO-Dauertest-Motorr\u00e4der, Zwischenberichte, Zubeh\u00f6r-Tipps, Fuhrpark-Notizen<\/li>\n<\/ul>\n<h2>\ud83e\udde9 Charakterk\u00f6pfe<\/h2>\n<ul>\n<li><strong>Indian Super Chief, Royal Enfield Interceptor, BMW R nineT Pure, Ducati Scrambler Nightshift <\/strong>\u2013 Die letzten Luftgek\u00fchlten Charakterkisten mit klassischer Motorentechnik im Vergleich<\/li>\n<\/ul>\n<h2>\ud83d\udca1 Tipp<\/h2>\n<ul>\n<li>Eine Motorrad-Zeitschrift kann auch eine willkommene \u00dcberraschung f\u00fcr Motorradfans sein \u2013 zum Verschenken von Erinnerungen und zum Tr\u00e4umen.<\/li>\n<\/ul>\n<h2>\ud83d\udce6 Versand &amp; Service<\/h2>\n<ul>\n<li>Kostenloser Versand in Deutschland, Auslandsversand f\u00fcr eine geringe Pauschale<\/li>\n<li>Erfahrung aus weit \u00fcber 30.000 erfolgreichen Sendungen<\/li>\n<li>Ihre Zeitschrift wird sicher und liebevoll verpackt<\/li>\n<\/ul>\n<h2>\ud83c\udf0d Zustand der Zeitschrift<\/h2>\n<ul>\n<li>Gebraucht, weil gelesen, durchgebl\u00e4ttert oder gestapelt \u2013 dem Alter entsprechend gut bis sehr gut erhalten<\/li>\n<li>Alles original, es k\u00f6nnen Klebespuren von Abo-Adressaufklebern vorhanden sein<\/li>\n<\/ul>\n","protected":false},"excerpt":{"rendered":"<p>Die Neuen f\u00fcr 2022: Yamaha XSR900, Aprilia Tuareg 660, Ducati Streetfighter V2 und weitere spannende Modelle, dazu Reise- und Charakterbike-Storys.<\/p>\n","protected":false},"featured_media":10468,"template":"","meta":{"iawp_total_views":2},"product_brand":[],"product_cat":[19],"product_tag":[7201,10184,7380,10186,7701,10187,8687,10188,8688,8691,1797,8702,3592,8912,5442,8942,7088,10171,7185,10182],"class_list":{"0":"post-10461","1":"product","2":"type-product","3":"status-publish","4":"has-post-thumbnail","6":"product_cat-mo","7":"product_tag-aprilia-tuareg-660","8":"product_tag-gilera-nordwest","9":"product_tag-bmw-r-ninet-pure","10":"product_tag-xtr-pepo-royal-enfield-lilith","11":"product_tag-royal-enfield-interceptor","12":"product_tag-indian-ftr-r-carbon","13":"product_tag-ducati-streetfighter-v2","14":"product_tag-bmw-r-900-r","15":"product_tag-kawasaki-z-650-rs","16":"product_tag-bimota-kb4","17":"product_tag-yamaha-xtz-660-tenere","18":"product_tag-brixton-cromwell-1200","19":"product_tag-ktm-690-smc-r","20":"product_tag-honda-crf-1100-l-africa-twin-dct","21":"product_tag-ducati-monster","22":"product_tag-ducati-scrambler-nightshift","23":"product_tag-yamaha-xsr-900","24":"product_tag-lucky-explorer-5-5","25":"product_tag-triumph-trident-660","26":"product_tag-indian-super-chief","28":"first","29":"instock","30":"shipping-taxable","31":"purchasable","32":"product-type-simple"},"_links":{"self":[{"href":"https:\/\/motorrad-erinnerungen.de\/shop\/wp-json\/wp\/v2\/product\/10461","targetHints":{"allow":["GET"]}}],"collection":[{"href":"https:\/\/motorrad-erinnerungen.de\/shop\/wp-json\/wp\/v2\/product"}],"about":[{"href":"https:\/\/motorrad-erinnerungen.de\/shop\/wp-json\/wp\/v2\/types\/product"}],"wp:featuredmedia":[{"embeddable":true,"href":"https:\/\/motorrad-erinnerungen.de\/shop\/wp-json\/wp\/v2\/media\/10468"}],"wp:attachment":[{"href":"https:\/\/motorrad-erinnerungen.de\/shop\/wp-json\/wp\/v2\/media?parent=10461"}],"wp:term":[{"taxonomy":"product_brand","embeddable":true,"href":"https:\/\/motorrad-erinnerungen.de\/shop\/wp-json\/wp\/v2\/product_brand?post=10461"},{"taxonomy":"product_cat","embeddable":true,"href":"https:\/\/motorrad-erinnerungen.de\/shop\/wp-json\/wp\/v2\/product_cat?post=10461"},{"taxonomy":"product_tag","embeddable":true,"href":"https:\/\/motorrad-erinnerungen.de\/shop\/wp-json\/wp\/v2\/product_tag?post=10461"}],"curies":[{"name":"wp","href":"https:\/\/api.w.org\/{rel}","templated":true}]}}