{"id":1079,"date":"2025-09-04T20:31:05","date_gmt":"2025-09-04T18:31:05","guid":{"rendered":"https:\/\/motorrad-erinnerungen.de\/2026\/produkt\/motorrad-13-1983-test-honda-cx-650-c-mit-48-kw-65-ps-test-test-yamaha-xv-500-special-mit-36-kw-49-ps-im-test\/"},"modified":"2026-03-21T10:51:29","modified_gmt":"2026-03-21T09:51:29","slug":"motorrad-13-1983-test-honda-cx-650-c-mit-48-kw-65-ps-test-test-yamaha-xv-500-special-mit-36-kw-49-ps-im-test","status":"publish","type":"product","link":"https:\/\/motorrad-erinnerungen.de\/shop\/produkt\/motorrad-13-1983-test-honda-cx-650-c-mit-48-kw-65-ps-test-test-yamaha-xv-500-special-mit-36-kw-49-ps-im-test\/","title":{"rendered":"MOTORRAD 13\/1983 \u2013 Test Honda CX 650 C; Eckert-Honda CB 1100 F"},"content":{"rendered":"<p>Hier k\u00f6nnen Sie die <strong>Motorrad\u2011Zeitschrift &#8222;MOTORRAD 13\/1983&#8220;<\/strong> erwerben:<\/p>\n<h2>\ud83d\udcccInhalt dieser Ausgabe (u.a.):<\/h2>\n<ul>\n<li><strong>Honda CX 650 C<\/strong> mit 48 kW (65 PS) Test &amp; Technik \u2013 Testbericht in Wort und Bild auf 3 Seiten<\/li>\n<li><strong>Yamaha XV 500 Special<\/strong> mit 36 kW (49 PS) im Test \u2013 Fahrbericht in Wort und Bild auf 2 Seiten<\/li>\n<li><strong>Yamaha XT 600 Z T\u00e9n\u00e9r\u00e9<\/strong> mit 32 kW (44 PS) Test &amp; Technik \u2013 Testbericht in Wort und Bild auf 4 Seiten<\/li>\n<li><strong>Honda CB 1100 F, hier von Eckert getunt<\/strong> \u2013 Testbericht in Wort und Bild auf 4 Seiten<\/li>\n<li><strong>Honda CBX 550 F 2 vs. Kawasaki GP Z 550 vs. Suzuki GSX 550 ES <\/strong>\u2013 550er Vergleich, Testbericht (Teil 2\/2) in Wort und Bild auf 6 Seiten<\/li>\n<\/ul>\n<h2>\ud83c\udf0d Zustand der Zeitschrift<\/h2>\n<p><strong>Gebraucht, weil gelesen, durchgebl\u00e4ttert oder gestapelt \ud83d\ude09<\/strong> dem Alter angemessen gut bis sehr gut erhalten.<br \/>\nAlles original, Klebespuren von abgel\u00f6sten Abo-Versandaufklebern k\u00f6nnen vorhanden sein.<\/p>\n<h2>\ud83d\udce6 Versand &amp; Service<\/h2>\n<ul>\n<li>\u2713 Kostenloser Versand innerhalb Deutschlands<\/li>\n<li>\u2713 Versand auch ins Ausland m\u00f6glich<\/li>\n<li>\u2713 Sicher verpackt \u2013 wir wissen, wie wertvoll diese Sch\u00e4tze sind!<\/li>\n<\/ul>\n","protected":false},"excerpt":{"rendered":"<p>Originalausgabe der Zeitschrift \u201eMOTORRAD\u201c \u2013 zum Eintauchen in die Zeit, als viele heutige Erinnerungen auf zwei R\u00e4dern begonnen haben.<\/p>\n","protected":false},"featured_media":1078,"template":"","meta":{"iawp_total_views":4},"product_brand":[],"product_cat":[23],"product_tag":[1274,1641,1026,1088,1202,1217,1218],"class_list":{"0":"post-1079","1":"product","2":"type-product","3":"status-publish","4":"has-post-thumbnail","6":"product_cat-motorrad","7":"product_tag-eckert-honda-cb-1100-f","8":"product_tag-yamaha-xt-600-z-tenere","9":"product_tag-kawasaki-gpz-550","10":"product_tag-honda-cbx-550-f","11":"product_tag-suzuki-gsx-550-es","12":"product_tag-honda-cx-650-c","13":"product_tag-yamaha-xv-500","15":"first","16":"instock","17":"shipping-taxable","18":"purchasable","19":"product-type-simple"},"_links":{"self":[{"href":"https:\/\/motorrad-erinnerungen.de\/shop\/wp-json\/wp\/v2\/product\/1079","targetHints":{"allow":["GET"]}}],"collection":[{"href":"https:\/\/motorrad-erinnerungen.de\/shop\/wp-json\/wp\/v2\/product"}],"about":[{"href":"https:\/\/motorrad-erinnerungen.de\/shop\/wp-json\/wp\/v2\/types\/product"}],"wp:featuredmedia":[{"embeddable":true,"href":"https:\/\/motorrad-erinnerungen.de\/shop\/wp-json\/wp\/v2\/media\/1078"}],"wp:attachment":[{"href":"https:\/\/motorrad-erinnerungen.de\/shop\/wp-json\/wp\/v2\/media?parent=1079"}],"wp:term":[{"taxonomy":"product_brand","embeddable":true,"href":"https:\/\/motorrad-erinnerungen.de\/shop\/wp-json\/wp\/v2\/product_brand?post=1079"},{"taxonomy":"product_cat","embeddable":true,"href":"https:\/\/motorrad-erinnerungen.de\/shop\/wp-json\/wp\/v2\/product_cat?post=1079"},{"taxonomy":"product_tag","embeddable":true,"href":"https:\/\/motorrad-erinnerungen.de\/shop\/wp-json\/wp\/v2\/product_tag?post=1079"}],"curies":[{"name":"wp","href":"https:\/\/api.w.org\/{rel}","templated":true}]}}