{"id":11409,"date":"2026-01-04T12:29:24","date_gmt":"2026-01-04T11:29:24","guid":{"rendered":"https:\/\/motorrad-erinnerungen.de\/2026\/?post_type=product&#038;p=11409"},"modified":"2026-01-04T12:52:32","modified_gmt":"2026-01-04T11:52:32","slug":"mo-klassik-motorrad-5-2007-kreidler-florett-honda-xl-250-motosport-maico-mobil-mb-200","status":"publish","type":"product","link":"https:\/\/motorrad-erinnerungen.de\/shop\/produkt\/mo-klassik-motorrad-5-2007-kreidler-florett-honda-xl-250-motosport-maico-mobil-mb-200\/","title":{"rendered":"MO Klassik Motorrad 5\/2007 \u2013 Kreidler Florett; Honda XL 250 Motosport; Maico Mobil MB 200"},"content":{"rendered":"<p>Zum Kauf angeboten wird die Motorrad-Zeitschrift <strong>\u201eKlassik Motorrad\u201c 5\/2007<\/strong>.<\/p>\n<h2>\ud83d\udccc Titelthemen u. a.<\/h2>\n<ul>\n<li><strong>Kreidler Florett<\/strong> \u2013 pr\u00e4gte eine ganze Generation von Motorradfahrern, Titelstory in Wort und Bild auf 16 Seiten<\/li>\n<li><strong>RPM-Triumph in Texas<\/strong> \u2013 Keith Martin h\u00e4ng an alten englischen Zweizylindermotoren<\/li>\n<li><b>Honda XL 250 Motosport <\/b>\u2013 ein Youngtimer, eine sch\u00f6ne japanische Enduro<\/li>\n<li><strong>Gespanne in Schleiz<\/strong> \u2013 hier z\u00e4hlt nur Vollgas, nat\u00fcrlich auch f\u00fcr die Artisten auf drei R\u00e4dern<\/li>\n<li><strong>Harley-Davidson XLCH Sportster<\/strong> \u2013 die Baby-Harley f\u00fcr alle F\u00e4lle, macht alles mit<\/li>\n<\/ul>\n<h2>\u2795 Weitere Highlights u.a.<\/h2>\n<ul>\n<li><b>Maico Mobil MB 200<\/b>\u2013 kein Motorrad, allenfalls ein halbes Auto<\/li>\n<li><b>New Imperial 350<\/b>\u2013der Vorkriegsrenner mit dem JAP-Motor<\/li>\n<\/ul>\n<h2>\ud83d\udca1 Tipp<\/h2>\n<p>Eine Motorrad-Zeitschrift kann auch eine willkommene \u00dcberraschung f\u00fcr Motorrad-\/Rollerfans sein \u2026 zum Verschenken von Erinnerungen \u2026 Tr\u00e4umen \u2026<\/p>\n<h2>\ud83d\udce6 Versand &amp; Service<\/h2>\n<ul>\n<li>Kostenloser Versand in Deutschland, Auslandsversand f\u00fcr eine geringe Pauschale<\/li>\n<li>Erfahrung aus \u00fcber 30.000 erfolgreichen Sendungen<\/li>\n<li>Ihre Zeitschrift wird sicher und liebevoll verpackt<\/li>\n<\/ul>\n<h2>\ud83c\udf0d Zustand der Zeitschrift<\/h2>\n<p><strong>Gebraucht<\/strong>, weil gelesen, durchgebl\u00e4ttert, gestapelt, alles original \ud83d\ude09<\/p>\n","protected":false},"excerpt":{"rendered":"<p>Diese Sonderausgabe des Motorrad Magazins MO enth\u00e4lt Modell- und Markengeschichten \u00fcber Motorrad-Legenden und Youngtimer mit vielen Erinnerungen an Menschen, Strecken und Maschinen.<\/p>\n","protected":false},"featured_media":11410,"template":"","meta":{"iawp_total_views":0},"product_brand":[],"product_cat":[21],"product_tag":[69,163,4471,10563,10564,10565,10566],"class_list":{"0":"post-11409","1":"product","2":"type-product","3":"status-publish","4":"has-post-thumbnail","6":"product_cat-mo-klassik-motorrad","7":"product_tag-maico-mobil-mb-200","8":"product_tag-kreidler-florett","9":"product_tag-honda-xl-250-motosport","10":"product_tag-rpm-triumph","11":"product_tag-gespanne-in-schleiz","12":"product_tag-harley-davidson-xlch-sportster","13":"product_tag-new-imperial-350","15":"first","16":"instock","17":"shipping-taxable","18":"purchasable","19":"product-type-simple"},"_links":{"self":[{"href":"https:\/\/motorrad-erinnerungen.de\/shop\/wp-json\/wp\/v2\/product\/11409","targetHints":{"allow":["GET"]}}],"collection":[{"href":"https:\/\/motorrad-erinnerungen.de\/shop\/wp-json\/wp\/v2\/product"}],"about":[{"href":"https:\/\/motorrad-erinnerungen.de\/shop\/wp-json\/wp\/v2\/types\/product"}],"wp:featuredmedia":[{"embeddable":true,"href":"https:\/\/motorrad-erinnerungen.de\/shop\/wp-json\/wp\/v2\/media\/11410"}],"wp:attachment":[{"href":"https:\/\/motorrad-erinnerungen.de\/shop\/wp-json\/wp\/v2\/media?parent=11409"}],"wp:term":[{"taxonomy":"product_brand","embeddable":true,"href":"https:\/\/motorrad-erinnerungen.de\/shop\/wp-json\/wp\/v2\/product_brand?post=11409"},{"taxonomy":"product_cat","embeddable":true,"href":"https:\/\/motorrad-erinnerungen.de\/shop\/wp-json\/wp\/v2\/product_cat?post=11409"},{"taxonomy":"product_tag","embeddable":true,"href":"https:\/\/motorrad-erinnerungen.de\/shop\/wp-json\/wp\/v2\/product_tag?post=11409"}],"curies":[{"name":"wp","href":"https:\/\/api.w.org\/{rel}","templated":true}]}}