{"id":11702,"date":"2026-01-05T20:54:21","date_gmt":"2026-01-05T19:54:21","guid":{"rendered":"https:\/\/motorrad-erinnerungen.de\/2026\/?post_type=product&#038;p=11702"},"modified":"2026-03-21T00:09:04","modified_gmt":"2026-03-20T23:09:04","slug":"yamaha-xtz750-super-tenere-prospekt-brochure-6-seiten-aus-1993","status":"publish","type":"product","link":"https:\/\/motorrad-erinnerungen.de\/shop\/produkt\/yamaha-xtz750-super-tenere-prospekt-brochure-6-seiten-aus-1993\/","title":{"rendered":"YAMAHA XTZ750 Super T\u00e9n\u00e9r\u00e9 + Prospekt brochure + 6 Seiten + aus 1993?"},"content":{"rendered":"<p>Hier erhalten Sie einen originalen Prospekt aus unserer Sammlung (keine Kopie!).<\/p>\n<ul>\n<li><strong>Modell\/Thema:<\/strong> Prospekte &gt; YAMAHA<\/li>\n<li><strong>Ausf\u00fchrung:<\/strong> Originalprospekt (Format kann variieren: Einzelbl\u00e4tter, mehrseitig, gebunden<\/li>\n<li><strong>Sprache:<\/strong> Meist Deutsch (bei internationalen Modellen evtl. mehrsprachig\/englisch &#8211; siehe Titel\/Fotos)<\/li>\n<li><strong>Zustand:<\/strong> Gebraucht, weil privat in Prospekth\u00fcllen gesammelt, gut erhalten f\u00fcr das Alter.<\/li>\n<\/ul>\n<p><em>Ideal f\u00fcr Sammler, zur Dokumentation, als Geschenk oder als Erinnerung.<\/em><\/p>\n","protected":false},"excerpt":{"rendered":"<p>Originales Sammlerst\u00fcck (Keine Kopie!). Sprache: Deutsch (sofern nicht anders angegeben). Zustand: Gebraucht &amp; gut erhalten.<\/p>\n","protected":false},"featured_media":11732,"template":"","meta":{"iawp_total_views":1},"product_brand":[],"product_cat":[10614],"product_tag":[1677],"class_list":{"0":"post-11702","1":"product","2":"type-product","3":"status-publish","4":"has-post-thumbnail","6":"product_cat-yamaha","7":"product_tag-yamaha-xtz-750-super-tenere","9":"first","10":"instock","11":"shipping-taxable","12":"purchasable","13":"product-type-simple"},"_links":{"self":[{"href":"https:\/\/motorrad-erinnerungen.de\/shop\/wp-json\/wp\/v2\/product\/11702","targetHints":{"allow":["GET"]}}],"collection":[{"href":"https:\/\/motorrad-erinnerungen.de\/shop\/wp-json\/wp\/v2\/product"}],"about":[{"href":"https:\/\/motorrad-erinnerungen.de\/shop\/wp-json\/wp\/v2\/types\/product"}],"wp:featuredmedia":[{"embeddable":true,"href":"https:\/\/motorrad-erinnerungen.de\/shop\/wp-json\/wp\/v2\/media\/11732"}],"wp:attachment":[{"href":"https:\/\/motorrad-erinnerungen.de\/shop\/wp-json\/wp\/v2\/media?parent=11702"}],"wp:term":[{"taxonomy":"product_brand","embeddable":true,"href":"https:\/\/motorrad-erinnerungen.de\/shop\/wp-json\/wp\/v2\/product_brand?post=11702"},{"taxonomy":"product_cat","embeddable":true,"href":"https:\/\/motorrad-erinnerungen.de\/shop\/wp-json\/wp\/v2\/product_cat?post=11702"},{"taxonomy":"product_tag","embeddable":true,"href":"https:\/\/motorrad-erinnerungen.de\/shop\/wp-json\/wp\/v2\/product_tag?post=11702"}],"curies":[{"name":"wp","href":"https:\/\/api.w.org\/{rel}","templated":true}]}}