{"id":12909,"date":"2026-01-06T22:02:07","date_gmt":"2026-01-06T21:02:07","guid":{"rendered":"https:\/\/motorrad-erinnerungen.de\/shop\/produkt\/mo-klassik-motorrad-1-2011-ago-in-imola-sik-700-s-sabre-renn-rudge-350-mabeco-treffen\/"},"modified":"2026-01-06T22:41:07","modified_gmt":"2026-01-06T21:41:07","slug":"mo-klassik-motorrad-1-2011-ago-in-imola-sik-700-s-sabre-renn-rudge-350-mabeco-treffen","status":"publish","type":"product","link":"https:\/\/motorrad-erinnerungen.de\/shop\/produkt\/mo-klassik-motorrad-1-2011-ago-in-imola-sik-700-s-sabre-renn-rudge-350-mabeco-treffen\/","title":{"rendered":"MO Klassik Motorrad 1\/2011 \u2013 Ago in Imola, Silk 700 S Sabre, Renn-Rudge 350, Mabeco-Treffen"},"content":{"rendered":"<p>Zum Kauf angeboten wird die Zeitschrift \u201eKlassik Motorrad\u201c <strong>1\/2011<\/strong>.<\/p>\n<h2>\ud83d\udccc Titelthemen u. a.<\/h2>\n<ul>\n<li><strong>Ago in Imola<\/strong> \u2013 Hommage an die legend\u00e4ren 200 Meilen-Rennen<\/li>\n<li><strong>Triumph TR5T Adventurer, Norton Commando 750, Ducati GT 750, Triumph Bonneville T 120<\/strong>\u00a0\u2013 Vier Schweizer und ihre legend\u00e4ren Klassiker<\/li>\n<li><strong>Sik 700 S Sabre<\/strong> \u2013 nur 138 St\u00fcck, die moderne Version der betagten <strong>Scott-Motorr\u00e4der<\/strong><\/li>\n<li><strong>Mabeco-Treffen<\/strong> \u2013 die Berliner Indian-Nachbauten<\/li>\n<li><strong>Renn-Rudge 350<\/strong> \u2013 mit Brumm-Tuning<\/li>\n<\/ul>\n<h2>Weitere Highlights u. a.<\/h2>\n<ul>\n<li><strong>Gulf Trident<\/strong> \u2013 Nachbau der legend\u00e4ren Rob North Werks-Maschine<\/li>\n<li><strong>DKW 900-Gespann<\/strong> \u2013 ein au\u00dfergew\u00f6hnliches Dreirad<\/li>\n<\/ul>\n<h2>\ud83d\udca1 Tipp<\/h2>\n<ul>\n<li>Diese Ausgabe eignet sich besonders zum Schm\u00f6kern: Viele kleine Szenen und Details wecken beim Bl\u00e4ttern sofort eigene Erinnerungen an die Zeit klassischer Motorr\u00e4der.<\/li>\n<\/ul>\n<h2>\ud83d\udce6 Versand &amp; Service<\/h2>\n<ul>\n<li>Kostenloser Versand in Deutschland, Auslandsversand f\u00fcr eine geringe Pauschale<\/li>\n<li>Erfahrung aus weit \u00fcber 30.000 erfolgreichen Sendungen<\/li>\n<li>Die Zeitschrift wird sicher und liebevoll verpackt<\/li>\n<\/ul>\n<h2>\ud83c\udf0d Zustand der Zeitschrift<\/h2>\n<ul>\n<li><strong>Gebraucht<\/strong>, weil gelesen, durchgebl\u00e4ttert oder gestapelt \u2013 dem Alter entsprechend gut bis sehr gut erhalten, alle original<\/li>\n<\/ul>\n","protected":false},"excerpt":{"rendered":"<p>Diese Sonderausgabe des Motorrad Magazins MO enth\u00e4lt Modell- und Markengeschichten \u00fcber Motorrad-Legenden und Youngtimer mit vielen Erinnerungen an Menschen, Strecken und Maschinen.<\/p>\n","protected":false},"featured_media":12916,"template":"","meta":{"iawp_total_views":1},"product_brand":[],"product_cat":[21],"product_tag":[10623,10624,10625,10626,10627,10644,10645,10646,1966,10647,4211,7095],"class_list":{"0":"post-12909","1":"product","2":"type-product","3":"status-publish","4":"has-post-thumbnail","6":"product_cat-mo-klassik-motorrad","7":"product_tag-ago-in-imola","8":"product_tag-sik-700-s-sabre","9":"product_tag-renn-rudge-350","10":"product_tag-mabeco-treffen","11":"product_tag-200-meilen-rennen","12":"product_tag-triumph-tr5t-adventurer","13":"product_tag-ducati-gt-750","14":"product_tag-gulf-trident","15":"product_tag-norton-commando-750","16":"product_tag-dkw-900-gespann","17":"product_tag-scott-motorraeder","18":"product_tag-triumph-bonneville-t-120","20":"first","21":"instock","22":"shipping-taxable","23":"purchasable","24":"product-type-simple"},"_links":{"self":[{"href":"https:\/\/motorrad-erinnerungen.de\/shop\/wp-json\/wp\/v2\/product\/12909","targetHints":{"allow":["GET"]}}],"collection":[{"href":"https:\/\/motorrad-erinnerungen.de\/shop\/wp-json\/wp\/v2\/product"}],"about":[{"href":"https:\/\/motorrad-erinnerungen.de\/shop\/wp-json\/wp\/v2\/types\/product"}],"wp:featuredmedia":[{"embeddable":true,"href":"https:\/\/motorrad-erinnerungen.de\/shop\/wp-json\/wp\/v2\/media\/12916"}],"wp:attachment":[{"href":"https:\/\/motorrad-erinnerungen.de\/shop\/wp-json\/wp\/v2\/media?parent=12909"}],"wp:term":[{"taxonomy":"product_brand","embeddable":true,"href":"https:\/\/motorrad-erinnerungen.de\/shop\/wp-json\/wp\/v2\/product_brand?post=12909"},{"taxonomy":"product_cat","embeddable":true,"href":"https:\/\/motorrad-erinnerungen.de\/shop\/wp-json\/wp\/v2\/product_cat?post=12909"},{"taxonomy":"product_tag","embeddable":true,"href":"https:\/\/motorrad-erinnerungen.de\/shop\/wp-json\/wp\/v2\/product_tag?post=12909"}],"curies":[{"name":"wp","href":"https:\/\/api.w.org\/{rel}","templated":true}]}}