{"id":13029,"date":"2026-01-08T16:04:22","date_gmt":"2026-01-08T15:04:22","guid":{"rendered":"https:\/\/motorrad-erinnerungen.de\/shop\/produkt\/oldtimer-praxis-3-1994-goggomobil-peugeot-p-107\/"},"modified":"2026-01-08T16:39:41","modified_gmt":"2026-01-08T15:39:41","slug":"oldtimer-praxis-3-1994-goggomobil-peugeot-p-107","status":"publish","type":"product","link":"https:\/\/motorrad-erinnerungen.de\/shop\/produkt\/oldtimer-praxis-3-1994-goggomobil-peugeot-p-107\/","title":{"rendered":"Oldtimer Praxis 3\/1994 \u2013 Goggomobil, Peugeot P 107, NSU Dreigang-Fox"},"content":{"rendered":"<p>Zum Kauf angeboten wird die Zeitschrift <strong>Oldtimer Praxis 3\/1994<\/strong>.<\/p>\n<h2>\ud83d\udccc Schwerpunktthema dieser Ausgabe:<\/h2>\n<ul>\n<li><strong>Goggomobil \u2013 <\/strong>drei Goggos, ein Restaurator<\/li>\n<\/ul>\n<h2>\ud83c\udfcd\ufe0f Motorr\u00e4der &amp; Zweir\u00e4der in dieser Ausgabe<\/h2>\n<ul>\n<li><strong>Peugeot P 107 <\/strong>von 1928 \u2013 Kaufpreis 50 Mark, die Rettung geriet f\u00fcr einen Profi zur Reifepr\u00fcfung<\/li>\n<li><strong>NSU Dreigang-Fox \u2013 <\/strong>die &#8222;unvollendete&#8220;<\/li>\n<\/ul>\n<h2>\ud83d\ude97 Weitere Oldtimer-Themen<\/h2>\n<ul>\n<li><strong>Citro\u00ebn DS 20 Break<\/strong> von 1972 \u2013 Avantgarde und Alltag<\/li>\n<li><strong>Triumph TR 6<\/strong> \u2013 sein Restaurator packt aus<\/li>\n<li><strong>Wolseley Hornet Roadster<\/strong> \u2013 eine grandiose Restaurierung<\/li>\n<\/ul>\n<h2>\ud83d\udca1 Tipp<\/h2>\n<ul>\n<li>Eine Oldtimer-Zeitschrift kann auch eine willkommene \u00dcberraschung sein, f\u00fcr Liebhaber klassischer Autos und Motorr\u00e4der \u2013 zum Verschenken von Erinnerungen und Tr\u00e4umen.<\/li>\n<\/ul>\n<h2>\ud83d\udce6 Versand &amp; Service<\/h2>\n<ul>\n<li>Kostenloser Versand in Deutschland, Auslandsversand f\u00fcr eine geringe Pauschale<\/li>\n<li>Erfahrung aus weit \u00fcber 30.000 erfolgreichen Sendungen<\/li>\n<li>Ihre Zeitschrift wird sicher und liebevoll verpackt<\/li>\n<\/ul>\n<h2>\ud83c\udf0d Zustand der Zeitschrift<\/h2>\n<ul>\n<li>Gebraucht, weil gelesen, durchgebl\u00e4ttert, gestapelt, alles original \ud83d\ude09<\/li>\n<\/ul>\n","protected":false},"excerpt":{"rendered":"<p>Oldtimer Praxis ist die Zeitschrift f\u00fcr Schrauberherzen: Technik, Praxis\u2011Tipps und Restaurierungsberichte f\u00fcr Oldtimer\u2011Autos und klassische Motorr\u00e4der \u2013 damit aus Erinnerungen wieder fahrbare Wirklichkeit wird.<\/p>\n","protected":false},"featured_media":13032,"template":"","meta":{"iawp_total_views":0},"product_brand":[],"product_cat":[10216],"product_tag":[10795,10796,10804,10805,10806,10807],"class_list":{"0":"post-13029","1":"product","2":"type-product","3":"status-publish","4":"has-post-thumbnail","6":"product_cat-oldtimer-praxis","7":"product_tag-triumph-tr-6","8":"product_tag-peugeot-p-107","9":"product_tag-goggomobil","10":"product_tag-citroen-ds-20-break","11":"product_tag-nsu-dreigang-fox","12":"product_tag-wolseley-hornet-roadster","14":"first","15":"instock","16":"shipping-taxable","17":"purchasable","18":"product-type-simple"},"_links":{"self":[{"href":"https:\/\/motorrad-erinnerungen.de\/shop\/wp-json\/wp\/v2\/product\/13029","targetHints":{"allow":["GET"]}}],"collection":[{"href":"https:\/\/motorrad-erinnerungen.de\/shop\/wp-json\/wp\/v2\/product"}],"about":[{"href":"https:\/\/motorrad-erinnerungen.de\/shop\/wp-json\/wp\/v2\/types\/product"}],"wp:featuredmedia":[{"embeddable":true,"href":"https:\/\/motorrad-erinnerungen.de\/shop\/wp-json\/wp\/v2\/media\/13032"}],"wp:attachment":[{"href":"https:\/\/motorrad-erinnerungen.de\/shop\/wp-json\/wp\/v2\/media?parent=13029"}],"wp:term":[{"taxonomy":"product_brand","embeddable":true,"href":"https:\/\/motorrad-erinnerungen.de\/shop\/wp-json\/wp\/v2\/product_brand?post=13029"},{"taxonomy":"product_cat","embeddable":true,"href":"https:\/\/motorrad-erinnerungen.de\/shop\/wp-json\/wp\/v2\/product_cat?post=13029"},{"taxonomy":"product_tag","embeddable":true,"href":"https:\/\/motorrad-erinnerungen.de\/shop\/wp-json\/wp\/v2\/product_tag?post=13029"}],"curies":[{"name":"wp","href":"https:\/\/api.w.org\/{rel}","templated":true}]}}