{"id":13043,"date":"2026-01-08T17:38:22","date_gmt":"2026-01-08T16:38:22","guid":{"rendered":"https:\/\/motorrad-erinnerungen.de\/shop\/produkt\/oldtimer-praxis-3-1996-au-1000-s-nsu-prima\/"},"modified":"2026-01-08T17:49:42","modified_gmt":"2026-01-08T16:49:42","slug":"oldtimer-praxis-3-1996-au-1000-s-nsu-prima","status":"publish","type":"product","link":"https:\/\/motorrad-erinnerungen.de\/shop\/produkt\/oldtimer-praxis-3-1996-au-1000-s-nsu-prima\/","title":{"rendered":"Oldtimer Praxis 3\/1996 \u2013 Auto Union 1000 S Coup\u00e9; NSU Prima; Monet Goyon"},"content":{"rendered":"<p>Zum Kauf angeboten wird die Zeitschrift <strong>Oldtimer Praxis 3\/1996<\/strong>.<\/p>\n<h2>\ud83d\udccc Titelstory dieser Ausgabe:<\/h2>\n<ul>\n<li><strong>Auto Union 1000 S Coup\u00e9<\/strong> \u2013 Schrauben im 3=6 Takt<\/li>\n<\/ul>\n<h2>\ud83c\udfcd\ufe0f Motorr\u00e4der &amp; Zweir\u00e4der in dieser Ausgabe<\/h2>\n<ul>\n<li><strong>NSU Prima<\/strong> \u2013 der Neckarsulmer Nobelroller entpuppte sich als Zeitvernichtungs-Apparat<\/li>\n<li><strong>Monet Goyon<\/strong> \u2013 uraltes Motorrad, junger Eigner<\/li>\n<\/ul>\n<h2>\ud83d\ude97 Weitere Oldtimer-Themen<\/h2>\n<ul>\n<li><strong>MG C<\/strong> \u2013 ein harter Job war\u2019s, den Kraft-Roadster ins Leben zur\u00fcckzuholen<\/li>\n<li><strong>VW K 70 LS<\/strong> \u2013 die Liebe zum Ungeliebten<\/li>\n<li><strong>Autobianchi A 112, <\/strong>1971 \u2013 die Liebe zum Ungeliebten<\/li>\n<li><\/li>\n<\/ul>\n<h2>\ud83d\udca1 Tipp<\/h2>\n<ul>\n<li>Eine Oldtimer-Zeitschrift kann auch eine willkommene \u00dcberraschung sein, f\u00fcr Liebhaber klassischer Autos und Motorr\u00e4der \u2013 zum Verschenken von Erinnerungen und Tr\u00e4umen.<\/li>\n<\/ul>\n<h2>\ud83d\udce6 Versand &amp; Service<\/h2>\n<ul>\n<li>Kostenloser Versand in Deutschland, Auslandsversand f\u00fcr eine geringe Pauschale<\/li>\n<li>Erfahrung aus weit \u00fcber 30.000 erfolgreichen Sendungen<\/li>\n<li>Ihre Zeitschrift wird sicher und liebevoll verpackt<\/li>\n<\/ul>\n<h2>\ud83c\udf0d Zustand der Zeitschrift<\/h2>\n<ul>\n<li>Gebraucht, weil gelesen, durchgebl\u00e4ttert, gestapelt, alles original \ud83d\ude09<\/li>\n<\/ul>\n","protected":false},"excerpt":{"rendered":"<p>Oldtimer Praxis ist die Zeitschrift f\u00fcr Schrauberherzen: Technik, Praxis-Tipps und Restaurierungsberichte f\u00fcr Oldtimer-Autos und klassische Motorr\u00e4der \u2013 damit aus Erinnerungen wieder fahrbare Wirklichkeit wird. In dieser Ausgabe u. a.: AU 1000 S und NSU Prima.<\/p>\n","protected":false},"featured_media":13048,"template":"","meta":{"iawp_total_views":0},"product_brand":[],"product_cat":[10216],"product_tag":[4662,10822,10823,10824,10846,10847,10848],"class_list":{"0":"post-13043","1":"product","2":"type-product","3":"status-publish","4":"has-post-thumbnail","6":"product_cat-oldtimer-praxis","7":"product_tag-nsu-prima","8":"product_tag-au-1000-s","9":"product_tag-monet-goyon-1927","10":"product_tag-mg-c","11":"product_tag-auto-union-1000-s-coupe","12":"product_tag-vw-k-70-ls","13":"product_tag-autobianchi-a-112","15":"first","16":"instock","17":"shipping-taxable","18":"purchasable","19":"product-type-simple"},"_links":{"self":[{"href":"https:\/\/motorrad-erinnerungen.de\/shop\/wp-json\/wp\/v2\/product\/13043","targetHints":{"allow":["GET"]}}],"collection":[{"href":"https:\/\/motorrad-erinnerungen.de\/shop\/wp-json\/wp\/v2\/product"}],"about":[{"href":"https:\/\/motorrad-erinnerungen.de\/shop\/wp-json\/wp\/v2\/types\/product"}],"wp:featuredmedia":[{"embeddable":true,"href":"https:\/\/motorrad-erinnerungen.de\/shop\/wp-json\/wp\/v2\/media\/13048"}],"wp:attachment":[{"href":"https:\/\/motorrad-erinnerungen.de\/shop\/wp-json\/wp\/v2\/media?parent=13043"}],"wp:term":[{"taxonomy":"product_brand","embeddable":true,"href":"https:\/\/motorrad-erinnerungen.de\/shop\/wp-json\/wp\/v2\/product_brand?post=13043"},{"taxonomy":"product_cat","embeddable":true,"href":"https:\/\/motorrad-erinnerungen.de\/shop\/wp-json\/wp\/v2\/product_cat?post=13043"},{"taxonomy":"product_tag","embeddable":true,"href":"https:\/\/motorrad-erinnerungen.de\/shop\/wp-json\/wp\/v2\/product_tag?post=13043"}],"curies":[{"name":"wp","href":"https:\/\/api.w.org\/{rel}","templated":true}]}}