{"id":13044,"date":"2026-01-08T17:38:22","date_gmt":"2026-01-08T16:38:22","guid":{"rendered":"https:\/\/motorrad-erinnerungen.de\/shop\/produkt\/oldtimer-praxis-4-1996-citroen-id-19-express-radex\/"},"modified":"2026-01-08T17:58:46","modified_gmt":"2026-01-08T16:58:46","slug":"oldtimer-praxis-4-1996-citroen-id-19-express-radex","status":"publish","type":"product","link":"https:\/\/motorrad-erinnerungen.de\/shop\/produkt\/oldtimer-praxis-4-1996-citroen-id-19-express-radex\/","title":{"rendered":"Oldtimer Praxis 4\/1996 \u2013 Citro\u00ebn ID 19; Express Radex 251; BMW R 60"},"content":{"rendered":"<p>Zum Kauf angeboten wird die Zeitschrift <strong>Oldtimer Praxis 4\/1996<\/strong>.<\/p>\n<h2>\ud83d\udccc Titelstory dieser Ausgabe:<\/h2>\n<ul>\n<li><strong>Citro\u00ebn ID 19<\/strong> \u2013 in g\u00f6ttlichem Zustand<\/li>\n<\/ul>\n<h2>\ud83c\udfcd\ufe0f Motorr\u00e4der &amp; Zweir\u00e4der in dieser Ausgabe<\/h2>\n<ul>\n<li><strong>Express Radex 251<\/strong> \u2013 ein Kaufmann wandelte sich f\u00fcr sein Lieblings-Bike zum Filigran-Techniker<\/li>\n<li><strong>BMW R 60<\/strong> \u2013 ein Mann, ein Motorrad, eine unglaubliche Geschichte<\/li>\n<li><\/li>\n<\/ul>\n<h2>\ud83d\ude97 Weitere Oldtimer-Themen<\/h2>\n<ul>\n<li><strong>Lloyd Alexander TS<\/strong> \u2013 seit 1960 in erster Hand<\/li>\n<li><strong>Opel Blitz<\/strong> \u2013 ein Ehepaar aus Holland erz\u00e4hlt von seiner Dreiecks-Story im \u00d6lsumpf<\/li>\n<li><strong>Werkstatt-Thema<\/strong> \u2013 Kreuzgelenke wechseln<\/li>\n<\/ul>\n<h2>\ud83d\udca1 Tipp<\/h2>\n<ul>\n<li>Eine Oldtimer-Zeitschrift kann auch eine willkommene \u00dcberraschung sein, f\u00fcr Liebhaber klassischer Autos und Motorr\u00e4der \u2013 zum Verschenken von Erinnerungen und Tr\u00e4umen.<\/li>\n<\/ul>\n<h2>\ud83d\udce6 Versand &amp; Service<\/h2>\n<ul>\n<li>Kostenloser Versand in Deutschland, Auslandsversand f\u00fcr eine geringe Pauschale<\/li>\n<li>Erfahrung aus weit \u00fcber 30.000 erfolgreichen Sendungen<\/li>\n<li>Ihre Zeitschrift wird sicher und liebevoll verpackt<\/li>\n<\/ul>\n<h2>\ud83c\udf0d Zustand der Zeitschrift<\/h2>\n<ul>\n<li>Gebraucht, weil gelesen, durchgebl\u00e4ttert, gestapelt, alles original \ud83d\ude09<\/li>\n<\/ul>\n","protected":false},"excerpt":{"rendered":"<p>Oldtimer Praxis ist die Zeitschrift f\u00fcr Schrauberherzen: Technik, Praxis-Tipps und Restaurierungsberichte f\u00fcr Oldtimer-Autos und klassische Motorr\u00e4der \u2013 damit aus Erinnerungen wieder fahrbare Wirklichkeit wird. In dieser Ausgabe u. a.: Citro\u00ebn ID 19 und Express Radex.<\/p>\n","protected":false},"featured_media":13050,"template":"","meta":{"iawp_total_views":1},"product_brand":[],"product_cat":[10216],"product_tag":[10849,115,10826,10827,10828,10829],"class_list":{"0":"post-13044","1":"product","2":"type-product","3":"status-publish","4":"has-post-thumbnail","6":"product_cat-oldtimer-praxis","7":"product_tag-express-radex-251","8":"product_tag-bmw-r-60","9":"product_tag-citroen-id-19","10":"product_tag-lloyd-alexander-ts","11":"product_tag-opel-blitz","12":"product_tag-kreuzgelenke-wechseln","14":"first","15":"instock","16":"shipping-taxable","17":"purchasable","18":"product-type-simple"},"_links":{"self":[{"href":"https:\/\/motorrad-erinnerungen.de\/shop\/wp-json\/wp\/v2\/product\/13044","targetHints":{"allow":["GET"]}}],"collection":[{"href":"https:\/\/motorrad-erinnerungen.de\/shop\/wp-json\/wp\/v2\/product"}],"about":[{"href":"https:\/\/motorrad-erinnerungen.de\/shop\/wp-json\/wp\/v2\/types\/product"}],"wp:featuredmedia":[{"embeddable":true,"href":"https:\/\/motorrad-erinnerungen.de\/shop\/wp-json\/wp\/v2\/media\/13050"}],"wp:attachment":[{"href":"https:\/\/motorrad-erinnerungen.de\/shop\/wp-json\/wp\/v2\/media?parent=13044"}],"wp:term":[{"taxonomy":"product_brand","embeddable":true,"href":"https:\/\/motorrad-erinnerungen.de\/shop\/wp-json\/wp\/v2\/product_brand?post=13044"},{"taxonomy":"product_cat","embeddable":true,"href":"https:\/\/motorrad-erinnerungen.de\/shop\/wp-json\/wp\/v2\/product_cat?post=13044"},{"taxonomy":"product_tag","embeddable":true,"href":"https:\/\/motorrad-erinnerungen.de\/shop\/wp-json\/wp\/v2\/product_tag?post=13044"}],"curies":[{"name":"wp","href":"https:\/\/api.w.org\/{rel}","templated":true}]}}