{"id":13046,"date":"2026-01-08T17:38:22","date_gmt":"2026-01-08T16:38:22","guid":{"rendered":"https:\/\/motorrad-erinnerungen.de\/shop\/produkt\/oldtimer-praxis-9-1996-ford-12m-honda-cb-750-four\/"},"modified":"2026-01-08T21:21:29","modified_gmt":"2026-01-08T20:21:29","slug":"oldtimer-praxis-9-1996-ford-12m-honda-cb-750-four","status":"publish","type":"product","link":"https:\/\/motorrad-erinnerungen.de\/shop\/produkt\/oldtimer-praxis-9-1996-ford-12m-honda-cb-750-four\/","title":{"rendered":"Oldtimer Praxis 9\/1996 \u2013 Ford 12m; Honda CB 750 Four; Ural-Gespanne"},"content":{"rendered":"<p>Zum Kauf angeboten wird die Zeitschrift <strong>Oldtimer Praxis 9\/1996<\/strong>.<\/p>\n<h2>\ud83d\udccc Titelstory dieser Ausgabe:<\/h2>\n<ul>\n<li><strong>Ford 12m<\/strong> \u2013 einer der sch\u00f6nsten Biederm\u00e4nner<\/li>\n<\/ul>\n<h2>\ud83c\udfcd\ufe0f Motorr\u00e4der &amp; Zweir\u00e4der in dieser Ausgabe<\/h2>\n<ul>\n<li><strong>Honda CB 750 Four K0<\/strong> \u2013 ein Restaurator verr\u00e4t Tipps und Tricks rund um das japanische Vierzylinderbike<\/li>\n<li><strong>Vespa 1961er<\/strong> \u2013 damit kreuz und quer durch Indonesien<\/li>\n<li><strong>Ural-Gespanne<\/strong> \u2013 Oldtimer ab Werk?<\/li>\n<\/ul>\n<h2>\ud83d\ude97 Weitere Oldtimer-Themen<\/h2>\n<ul>\n<li><strong>Ratgeber Recht<\/strong> \u2013 alles \u00fcber Kostenvoranschl\u00e4ge<\/li>\n<li><strong>Tipps und Technik<\/strong> \u2013 Arbeiten mit der Drehbank<\/li>\n<li><strong>Jaguar E V12 Roadster<\/strong> \u2013 in erster Hand: 20 Jahre mit der sch\u00f6nen, schnellen Gro\u00dfkatze aus Coventry<\/li>\n<\/ul>\n<h2>\ud83d\udca1 Tipp<\/h2>\n<ul>\n<li>Eine Oldtimer-Zeitschrift kann auch eine willkommene \u00dcberraschung sein, f\u00fcr Liebhaber klassischer Autos und Motorr\u00e4der \u2013 zum Verschenken von Erinnerungen und Tr\u00e4umen.<\/li>\n<\/ul>\n<h2>\ud83d\udce6 Versand &amp; Service<\/h2>\n<ul>\n<li>Kostenloser Versand in Deutschland, Auslandsversand f\u00fcr eine geringe Pauschale<\/li>\n<li>Erfahrung aus weit \u00fcber 30.000 erfolgreichen Sendungen<\/li>\n<li>Ihre Zeitschrift wird sicher und liebevoll verpackt<\/li>\n<\/ul>\n<h2>\ud83c\udf0d Zustand der Zeitschrift<\/h2>\n<ul>\n<li>Gebraucht, weil gelesen, durchgebl\u00e4ttert, gestapelt, alles original \ud83d\ude09<\/li>\n<\/ul>\n","protected":false},"excerpt":{"rendered":"<p>Oldtimer Praxis ist die Zeitschrift f\u00fcr Schrauberherzen: Technik, Praxis-Tipps und Restaurierungsberichte f\u00fcr Oldtimer-Autos und klassische Motorr\u00e4der \u2013 damit aus Erinnerungen wieder fahrbare Wirklichkeit wird. In dieser Ausgabe u. a.: Ford 12m und Honda CB 750 Four.<\/p>\n","protected":false},"featured_media":13056,"template":"","meta":{"iawp_total_views":2},"product_brand":[],"product_cat":[10216],"product_tag":[55,245,6128,10836,10837,10839,10840],"class_list":{"0":"post-13046","1":"product","2":"type-product","3":"status-publish","4":"has-post-thumbnail","6":"product_cat-oldtimer-praxis","7":"product_tag-honda-cb-750-four","8":"product_tag-vespa","9":"product_tag-ural-gespanne","10":"product_tag-ford-12m","11":"product_tag-jaguar-e-v12-roadster","12":"product_tag-kostenvoranschlaege","13":"product_tag-dressbank","15":"first","16":"instock","17":"shipping-taxable","18":"purchasable","19":"product-type-simple"},"_links":{"self":[{"href":"https:\/\/motorrad-erinnerungen.de\/shop\/wp-json\/wp\/v2\/product\/13046","targetHints":{"allow":["GET"]}}],"collection":[{"href":"https:\/\/motorrad-erinnerungen.de\/shop\/wp-json\/wp\/v2\/product"}],"about":[{"href":"https:\/\/motorrad-erinnerungen.de\/shop\/wp-json\/wp\/v2\/types\/product"}],"wp:featuredmedia":[{"embeddable":true,"href":"https:\/\/motorrad-erinnerungen.de\/shop\/wp-json\/wp\/v2\/media\/13056"}],"wp:attachment":[{"href":"https:\/\/motorrad-erinnerungen.de\/shop\/wp-json\/wp\/v2\/media?parent=13046"}],"wp:term":[{"taxonomy":"product_brand","embeddable":true,"href":"https:\/\/motorrad-erinnerungen.de\/shop\/wp-json\/wp\/v2\/product_brand?post=13046"},{"taxonomy":"product_cat","embeddable":true,"href":"https:\/\/motorrad-erinnerungen.de\/shop\/wp-json\/wp\/v2\/product_cat?post=13046"},{"taxonomy":"product_tag","embeddable":true,"href":"https:\/\/motorrad-erinnerungen.de\/shop\/wp-json\/wp\/v2\/product_tag?post=13046"}],"curies":[{"name":"wp","href":"https:\/\/api.w.org\/{rel}","templated":true}]}}