{"id":13061,"date":"2026-01-08T21:44:05","date_gmt":"2026-01-08T20:44:05","guid":{"rendered":"https:\/\/motorrad-erinnerungen.de\/shop\/produkt\/oldtimer-praxis-11-1997-jaguar-mk2-muench-4-tts\/"},"modified":"2026-01-08T22:03:19","modified_gmt":"2026-01-08T21:03:19","slug":"oldtimer-praxis-11-1997-jaguar-mk2-muench-4-tts","status":"publish","type":"product","link":"https:\/\/motorrad-erinnerungen.de\/shop\/produkt\/oldtimer-praxis-11-1997-jaguar-mk2-muench-4-tts\/","title":{"rendered":"Oldtimer Praxis 11\/1997 \u2013 Jaguar Mk2; M\u00fcnch-4 TTS 1200; Z\u00fcndapp CS 50 Sport und KS 100"},"content":{"rendered":"<p>Zum Kauf angeboten wird die Zeitschrift <strong>Oldtimer Praxis 11\/1997<\/strong>.<\/p>\n<h2>\ud83d\udccc Titelstory dieser Ausgabe:<\/h2>\n<ul>\n<li><strong>Jaguar Mk2<\/strong> \u2013 f\u00fcr kleines Geld<\/li>\n<\/ul>\n<h2>\ud83c\udfcd\ufe0f Motorr\u00e4der &amp; Zweir\u00e4der in dieser Ausgabe<\/h2>\n<ul>\n<li><strong>M\u00fcnch-4 TTS 1200<\/strong> \u2013 das Mammut ist lebendiger denn je, wir schauten einem Restaurator zu und lie\u00dfen Friedel M\u00fcnch erz\u00e4hlen<\/li>\n<li><strong>Z\u00fcndapp CS 50 Sport und KS 100<\/strong> \u2013 kleine Zweitakter \u2013 der ideale Hobby-Einstieg?<\/li>\n<\/ul>\n<h2>\ud83d\ude97 Weitere Oldtimer-Themen<\/h2>\n<ul>\n<li><strong>VW-Bulli von Westfalia<\/strong> \u2013 Baujahr 1970: seit 27 Jahren kreuz und quer in ganz Europa unterwegs<\/li>\n<li><strong>Fiat 500<\/strong> \u2013 Ein kleiner Fiat schockt die Auto-Welt<\/li>\n<li><strong>Triumph Competition<\/strong> \u2013 Rennsport-Einstieg<\/li>\n<li><strong>Technik-Thema<\/strong> \u2013 Dichtungen anfertigen<\/li>\n<li><strong>Grundkurs-Elektrik<\/strong> \u2013 Schaltpl\u00e4ne<\/li>\n<\/ul>\n<h2>\ud83d\udca1 Tipp<\/h2>\n<ul>\n<li>Eine Oldtimer-Zeitschrift kann auch eine willkommene \u00dcberraschung sein, f\u00fcr Liebhaber klassischer Autos und Motorr\u00e4der \u2013 zum Verschenken von Erinnerungen und Tr\u00e4umen.<\/li>\n<\/ul>\n<h2>\ud83d\udce6 Versand &amp; Service<\/h2>\n<ul>\n<li>Kostenloser Versand in Deutschland, Auslandsversand f\u00fcr eine geringe Pauschale<\/li>\n<li>Erfahrung aus weit \u00fcber 30.000 erfolgreichen Sendungen<\/li>\n<li>Ihre Zeitschrift wird sicher und liebevoll verpackt<\/li>\n<\/ul>\n<h2>\ud83c\udf0d Zustand der Zeitschrift<\/h2>\n<ul>\n<li>Gebraucht, weil gelesen, durchgebl\u00e4ttert, gestapelt, alles original \ud83d\ude09<\/li>\n<\/ul>\n","protected":false},"excerpt":{"rendered":"<p>Oldtimer Praxis ist die Zeitschrift f\u00fcr Schrauberherzen: Technik, Praxis-Tipps und Restaurierungsberichte f\u00fcr Oldtimer-Autos und klassische Motorr\u00e4der \u2013 damit aus Erinnerungen wieder fahrbare Wirklichkeit wird. In dieser Ausgabe u. a.: Jaguar Mk2 und M\u00fcnch 4 TTS.<\/p>\n","protected":false},"featured_media":13064,"template":"","meta":{"iawp_total_views":0},"product_brand":[],"product_cat":[10216],"product_tag":[10857,10859,10860,10861,10862,10865,10866,10867,562],"class_list":{"0":"post-13061","1":"product","2":"type-product","3":"status-publish","4":"has-post-thumbnail","6":"product_cat-oldtimer-praxis","7":"product_tag-jaguar-mk2","8":"product_tag-triumph-competition","9":"product_tag-vw-campingbus-1970","10":"product_tag-dichtungen-anfertigen","11":"product_tag-schaltplaene","12":"product_tag-friedel-muench","13":"product_tag-fiat-500","14":"product_tag-zuendapp-cs-50-sport-und-ks-100","15":"product_tag-muench-4-tts-1200","17":"first","18":"instock","19":"shipping-taxable","20":"purchasable","21":"product-type-simple"},"_links":{"self":[{"href":"https:\/\/motorrad-erinnerungen.de\/shop\/wp-json\/wp\/v2\/product\/13061","targetHints":{"allow":["GET"]}}],"collection":[{"href":"https:\/\/motorrad-erinnerungen.de\/shop\/wp-json\/wp\/v2\/product"}],"about":[{"href":"https:\/\/motorrad-erinnerungen.de\/shop\/wp-json\/wp\/v2\/types\/product"}],"wp:featuredmedia":[{"embeddable":true,"href":"https:\/\/motorrad-erinnerungen.de\/shop\/wp-json\/wp\/v2\/media\/13064"}],"wp:attachment":[{"href":"https:\/\/motorrad-erinnerungen.de\/shop\/wp-json\/wp\/v2\/media?parent=13061"}],"wp:term":[{"taxonomy":"product_brand","embeddable":true,"href":"https:\/\/motorrad-erinnerungen.de\/shop\/wp-json\/wp\/v2\/product_brand?post=13061"},{"taxonomy":"product_cat","embeddable":true,"href":"https:\/\/motorrad-erinnerungen.de\/shop\/wp-json\/wp\/v2\/product_cat?post=13061"},{"taxonomy":"product_tag","embeddable":true,"href":"https:\/\/motorrad-erinnerungen.de\/shop\/wp-json\/wp\/v2\/product_tag?post=13061"}],"curies":[{"name":"wp","href":"https:\/\/api.w.org\/{rel}","templated":true}]}}