{"id":13071,"date":"2026-01-08T22:10:34","date_gmt":"2026-01-08T21:10:34","guid":{"rendered":"https:\/\/motorrad-erinnerungen.de\/shop\/produkt\/oldtimer-praxis-9-1998-datsun-240-z-aermacchi\/"},"modified":"2026-01-08T22:49:24","modified_gmt":"2026-01-08T21:49:24","slug":"oldtimer-praxis-9-1998-datsun-240-z-aermacchi","status":"publish","type":"product","link":"https:\/\/motorrad-erinnerungen.de\/shop\/produkt\/oldtimer-praxis-9-1998-datsun-240-z-aermacchi\/","title":{"rendered":"Oldtimer Praxis 9\/1998 \u2013 Datsun 240 Z; Aermacchi; BMW R 25\/2"},"content":{"rendered":"<p>Zum Kauf angeboten wird die Zeitschrift <strong>Oldtimer Praxis 9\/1998<\/strong>.<\/p>\n<h2>\ud83d\udccc Titelstory dieser Ausgabe:<\/h2>\n<ul>\n<li><strong>Datsun 240 Z<\/strong> \u2013 der Breitensportler, war mal der bestverkaufte Sportwagen aller Zeiten<\/li>\n<\/ul>\n<h2>\ud83c\udfcd\ufe0f Motorr\u00e4der &amp; Zweir\u00e4der in dieser Ausgabe<\/h2>\n<ul>\n<li><strong>Aermacchi<\/strong> \u2013 Einzylinder: der au\u00dfergew\u00f6hnliche Motor pr\u00e4gt die faszinierenden Sportmotorr\u00e4der aus Varese, wir haben ihn seziert<\/li>\n<li><strong>BMW R 25\/2<\/strong> \u2013 im t\u00e4glichen Einsatz, jede Delle hat eigene Geschichten, Restaurierung tabu<\/li>\n<\/ul>\n<h2>\ud83d\ude97 Weitere Oldtimer-Themen<\/h2>\n<ul>\n<li><strong>Alfa 2000 Touring Spider<\/strong> \u2013 ein Profi-Restaurator verwandelte ihn zum Schaust\u00fcck der besonderen Art<\/li>\n<li><strong>Glas 1700<\/strong> \u2013 in erster Hand<\/li>\n<li><strong>Tipps und Technik<\/strong> \u2013 Alu-Gussteile nachfertigen<\/li>\n<li><strong>Technik-Serie<\/strong> \u2013 Bremskraftverst\u00e4rker: Aufbau und Funktion<\/li>\n<\/ul>\n<h2>\ud83d\udca1 Tipp<\/h2>\n<ul>\n<li>Eine Oldtimer-Zeitschrift kann auch eine willkommene \u00dcberraschung sein, f\u00fcr Liebhaber klassischer Autos und Motorr\u00e4der \u2013 zum Verschenken von Erinnerungen und Tr\u00e4umen.<\/li>\n<\/ul>\n<h2>\ud83d\udce6 Versand &amp; Service<\/h2>\n<ul>\n<li>Kostenloser Versand in Deutschland, Auslandsversand f\u00fcr eine geringe Pauschale<\/li>\n<li>Erfahrung aus weit \u00fcber 30.000 erfolgreichen Sendungen<\/li>\n<li>Ihre Zeitschrift wird sicher und liebevoll verpackt<\/li>\n<\/ul>\n<h2>\ud83c\udf0d Zustand der Zeitschrift<\/h2>\n<ul>\n<li>Gebraucht, weil gelesen, durchgebl\u00e4ttert, gestapelt, alles original \ud83d\ude09<\/li>\n<\/ul>\n","protected":false},"excerpt":{"rendered":"<p>Oldtimer Praxis ist die Zeitschrift f\u00fcr Schrauberherzen: Technik, Praxis-Tipps und Restaurierungsberichte f\u00fcr Oldtimer-Autos und klassische Motorr\u00e4der \u2013 damit aus Erinnerungen wieder fahrbare Wirklichkeit wird. In dieser Ausgabe u. a.: Datsun 240 Z und Aermacchi.<\/p>\n","protected":false},"featured_media":13080,"template":"","meta":{"iawp_total_views":0},"product_brand":[],"product_cat":[10216],"product_tag":[4824,10888,10889,10890,10891,10892,10893],"class_list":{"0":"post-13071","1":"product","2":"type-product","3":"status-publish","4":"has-post-thumbnail","6":"product_cat-oldtimer-praxis","7":"product_tag-bmw-r-25","8":"product_tag-datsun-240-z","9":"product_tag-aermacchi","10":"product_tag-alfa-2000-touring-spider","11":"product_tag-glas-1700","12":"product_tag-alu-gussteile","13":"product_tag-bremskraftverstaerker","15":"first","16":"instock","17":"shipping-taxable","18":"purchasable","19":"product-type-simple"},"_links":{"self":[{"href":"https:\/\/motorrad-erinnerungen.de\/shop\/wp-json\/wp\/v2\/product\/13071","targetHints":{"allow":["GET"]}}],"collection":[{"href":"https:\/\/motorrad-erinnerungen.de\/shop\/wp-json\/wp\/v2\/product"}],"about":[{"href":"https:\/\/motorrad-erinnerungen.de\/shop\/wp-json\/wp\/v2\/types\/product"}],"wp:featuredmedia":[{"embeddable":true,"href":"https:\/\/motorrad-erinnerungen.de\/shop\/wp-json\/wp\/v2\/media\/13080"}],"wp:attachment":[{"href":"https:\/\/motorrad-erinnerungen.de\/shop\/wp-json\/wp\/v2\/media?parent=13071"}],"wp:term":[{"taxonomy":"product_brand","embeddable":true,"href":"https:\/\/motorrad-erinnerungen.de\/shop\/wp-json\/wp\/v2\/product_brand?post=13071"},{"taxonomy":"product_cat","embeddable":true,"href":"https:\/\/motorrad-erinnerungen.de\/shop\/wp-json\/wp\/v2\/product_cat?post=13071"},{"taxonomy":"product_tag","embeddable":true,"href":"https:\/\/motorrad-erinnerungen.de\/shop\/wp-json\/wp\/v2\/product_tag?post=13071"}],"curies":[{"name":"wp","href":"https:\/\/api.w.org\/{rel}","templated":true}]}}