{"id":13121,"date":"2026-01-09T14:33:53","date_gmt":"2026-01-09T13:33:53","guid":{"rendered":"https:\/\/motorrad-erinnerungen.de\/shop\/produkt\/oldtimer-praxis-12-2000-austin-seven-mini-indian-tt\/"},"modified":"2026-01-09T15:24:41","modified_gmt":"2026-01-09T14:24:41","slug":"oldtimer-praxis-12-2000-austin-seven-mini-indian-tt","status":"publish","type":"product","link":"https:\/\/motorrad-erinnerungen.de\/shop\/produkt\/oldtimer-praxis-12-2000-austin-seven-mini-indian-tt\/","title":{"rendered":"Oldtimer Praxis 12\/2000 \u2013 Austin Seven Mini; Indian TT, Puch 250 TF; Motorradrestaurierung"},"content":{"rendered":"<p>Erg\u00e4nzen Sie Ihre Sammlung mit dieser Original-Ausgabe der <strong>Oldtimer Praxis 12\/2000<\/strong>.<\/p>\n<h2>\ud83d\udccc Titelstory dieser Ausgabe:<\/h2>\n<ul>\n<li><strong>Austin Seven Mini<\/strong> \u2013 Der \u00e4lteste Deutschlands<\/li>\n<\/ul>\n<h2>\ud83c\udfcd\ufe0f Motorr\u00e4der &amp; Zweir\u00e4der in dieser Ausgabe<\/h2>\n<ul>\n<li><strong>Indian TT<\/strong> \u2013 Wiederbelebung eines au\u00dfergew\u00f6hnlichen Einzylinder-Renners<\/li>\n<li><strong>Puch 250 TF<\/strong> \u2013 In erster Hand, auch ein VW K\u00e4fer 1300<\/li>\n<li><strong>Motorradrestaurierung von A bis Z<\/strong> \u2013 am Beispiel einer NSU OSL 350, Demontage und Bestandsaufnahme<\/li>\n<\/ul>\n<h2>\ud83d\ude97 Weitere Oldtimer-Themen<\/h2>\n<ul>\n<li><strong>Ford XL<\/strong> \u2013 Fastback-Coup\u00e9 mit 6,3 Litern Hubraum<\/li>\n<li><strong>Alfa Romeo GTV 6<\/strong> \u2013 Es lebe der Sport<\/li>\n<li><strong>Autositze restaurieren<\/strong> \u2013 Tipps und Technik<\/li>\n<li><strong>Konservieren statt Restaurieren<\/strong> \u2013 Technik-Ratgeber<\/li>\n<\/ul>\n<h2>\ud83d\udca1 Tipp<\/h2>\n<ul>\n<li>Eine Oldtimer-Zeitschrift kann auch eine willkommene \u00dcberraschung sein, f\u00fcr Liebhaber klassischer Autos und Motorr\u00e4der \u2013 zum Verschenken von Erinnerungen und Tr\u00e4umen.<\/li>\n<\/ul>\n<h2>\ud83d\udce6 Versand &amp; Service<\/h2>\n<ul>\n<li>Kostenloser Versand in Deutschland, Auslandsversand f\u00fcr eine geringe Pauschale<\/li>\n<li>Erfahrung aus weit \u00fcber 30.000 erfolgreichen Sendungen<\/li>\n<li>Ihre Zeitschrift wird sicher und liebevoll verpackt<\/li>\n<\/ul>\n<h2>\ud83c\udf0d Zustand der Zeitschrift<\/h2>\n<ul>\n<li>Gebraucht, weil gelesen, durchgebl\u00e4ttert, gestapelt, alles original \ud83d\ude09<\/li>\n<\/ul>\n","protected":false},"excerpt":{"rendered":"<p>Leidenschaft, die nach \u00d6l und Benzin riecht: Diese Zeitschrift verbindet technische Tiefe mit der Liebe zu historischen Fahrzeugen \u2013 Inspiration f\u00fcr Ihr n\u00e4chstes Projekt. Highlights dieses Heftes: Austin Seven Mini und Indian TT.<\/p>\n","protected":false},"featured_media":13125,"template":"","meta":{"iawp_total_views":1},"product_brand":[],"product_cat":[10216],"product_tag":[10972,10973,10974,10975,10978,11000,10970,10971],"class_list":{"0":"post-13121","1":"product","2":"type-product","3":"status-publish","4":"has-post-thumbnail","6":"product_cat-oldtimer-praxis","7":"product_tag-ford-xl","8":"product_tag-alfa-romeo-gtv-6","9":"product_tag-puch-250-tf","10":"product_tag-autositze-restaurieren","11":"product_tag-motorradrestaurierung-von-a-bis-z","12":"product_tag-nsu-osl-350","13":"product_tag-austin-seven-mini","14":"product_tag-indian-tt","16":"first","17":"instock","18":"shipping-taxable","19":"purchasable","20":"product-type-simple"},"_links":{"self":[{"href":"https:\/\/motorrad-erinnerungen.de\/shop\/wp-json\/wp\/v2\/product\/13121","targetHints":{"allow":["GET"]}}],"collection":[{"href":"https:\/\/motorrad-erinnerungen.de\/shop\/wp-json\/wp\/v2\/product"}],"about":[{"href":"https:\/\/motorrad-erinnerungen.de\/shop\/wp-json\/wp\/v2\/types\/product"}],"wp:featuredmedia":[{"embeddable":true,"href":"https:\/\/motorrad-erinnerungen.de\/shop\/wp-json\/wp\/v2\/media\/13125"}],"wp:attachment":[{"href":"https:\/\/motorrad-erinnerungen.de\/shop\/wp-json\/wp\/v2\/media?parent=13121"}],"wp:term":[{"taxonomy":"product_brand","embeddable":true,"href":"https:\/\/motorrad-erinnerungen.de\/shop\/wp-json\/wp\/v2\/product_brand?post=13121"},{"taxonomy":"product_cat","embeddable":true,"href":"https:\/\/motorrad-erinnerungen.de\/shop\/wp-json\/wp\/v2\/product_cat?post=13121"},{"taxonomy":"product_tag","embeddable":true,"href":"https:\/\/motorrad-erinnerungen.de\/shop\/wp-json\/wp\/v2\/product_tag?post=13121"}],"curies":[{"name":"wp","href":"https:\/\/api.w.org\/{rel}","templated":true}]}}