{"id":13131,"date":"2026-01-09T15:02:37","date_gmt":"2026-01-09T14:02:37","guid":{"rendered":"https:\/\/motorrad-erinnerungen.de\/shop\/produkt\/oldtimer-praxis-04-2001-porsche-356-triumph-competition\/"},"modified":"2026-01-09T15:11:39","modified_gmt":"2026-01-09T14:11:39","slug":"oldtimer-praxis-04-2001-porsche-356-triumph-competition","status":"publish","type":"product","link":"https:\/\/motorrad-erinnerungen.de\/shop\/produkt\/oldtimer-praxis-04-2001-porsche-356-triumph-competition\/","title":{"rendered":"Oldtimer Praxis 04\/2001 \u2013 Porsche 356; BMW-Einzylinder; Opel-Kleinkraftrad"},"content":{"rendered":"<p>Erg\u00e4nzen Sie Ihre Sammlung mit dieser Original-Ausgabe der <strong>Oldtimer Praxis 04\/2001<\/strong>.<\/p>\n<h2>\ud83d\udccc Titelstory dieser Ausgabe:<\/h2>\n<ul>\n<li><strong>Porsche 356<\/strong> \u2013 Importieren oder restaurieren?<\/li>\n<\/ul>\n<h2>\ud83c\udfcd\ufe0f Motorr\u00e4der &amp; Zweir\u00e4der in dieser Ausgabe<\/h2>\n<ul>\n<li><strong>BMW-Einzylinder<\/strong> \u2013 Wie der Bayern-Single zum Leben erweckt wird<\/li>\n<li><strong>Opel-Kleinkraftrad<\/strong> \u2013 nur ein einziges hat \u00fcberlebt<\/li>\n<li><strong>NSU OSL 351<\/strong> \u2013 Restaurierungs-Serie: Technik seziert<\/li>\n<li><strong>Motorradrestaurierung von A-Z<\/strong> \u2013 Der Vergaser unter der Lupe der Profis<\/li>\n<\/ul>\n<h2>\ud83d\ude97 Weitere Oldtimer-Themen<\/h2>\n<ul>\n<li><strong>VW Golf GTI<\/strong> \u2013 in Erstbesitz! Leicht, schnell, sportlich<\/li>\n<li><strong>Goliath Express 1100<\/strong> \u2013 Lust und Last<\/li>\n<li><strong>Triumph-Competition<\/strong> \u2013 Rennsport-Einstieg: Chronik einer Rennsaison<\/li>\n<li><strong>Technik-Grundkurs<\/strong> \u2013 Blech richtig formen: Kanten, Stauchen, Strecken<\/li>\n<\/ul>\n<h2>\ud83d\udca1 Tipp<\/h2>\n<ul>\n<li>Eine Oldtimer-Zeitschrift kann auch eine willkommene \u00dcberraschung sein, f\u00fcr Liebhaber klassischer Autos und Motorr\u00e4der \u2013 zum Verschenken von Erinnerungen und Tr\u00e4umen.<\/li>\n<\/ul>\n<h2>\ud83d\udce6 Versand &amp; Service<\/h2>\n<ul>\n<li>Kostenloser Versand in Deutschland, Auslandsversand f\u00fcr eine geringe Pauschale<\/li>\n<li>Erfahrung aus weit \u00fcber 30.000 erfolgreichen Sendungen<\/li>\n<li>Ihre Zeitschrift wird sicher und liebevoll verpackt<\/li>\n<\/ul>\n<h2>\ud83c\udf0d Zustand der Zeitschrift<\/h2>\n<ul>\n<li>Gebraucht, weil gelesen, durchgebl\u00e4ttert, gestapelt, alles original \ud83d\ude09<\/li>\n<\/ul>\n","protected":false},"excerpt":{"rendered":"<p>Leidenschaft, die nach \u00d6l und Benzin riecht: Diese Zeitschrift verbindet technische Tiefe mit der Liebe zu historischen Fahrzeugen \u2013 Inspiration f\u00fcr Ihr n\u00e4chstes Projekt. Highlights dieses Heftes: Porsche 356 und Triumph-Competition.<\/p>\n","protected":false},"featured_media":13134,"template":"","meta":{"iawp_total_views":0},"product_brand":[],"product_cat":[10216],"product_tag":[10998,10859,10981,10982,10985,10995,10996,10997],"class_list":{"0":"post-13131","1":"product","2":"type-product","3":"status-publish","4":"has-post-thumbnail","6":"product_cat-oldtimer-praxis","7":"product_tag-opel-kleinkraftrad","8":"product_tag-triumph-competition","9":"product_tag-porsche-356","10":"product_tag-bmw-einzylinder","11":"product_tag-blechbearbeitung","12":"product_tag-vw-golf-gti","13":"product_tag-goliath-express-1100","14":"product_tag-motorradrestaurierung-von-a-z","16":"first","17":"instock","18":"shipping-taxable","19":"purchasable","20":"product-type-simple"},"_links":{"self":[{"href":"https:\/\/motorrad-erinnerungen.de\/shop\/wp-json\/wp\/v2\/product\/13131","targetHints":{"allow":["GET"]}}],"collection":[{"href":"https:\/\/motorrad-erinnerungen.de\/shop\/wp-json\/wp\/v2\/product"}],"about":[{"href":"https:\/\/motorrad-erinnerungen.de\/shop\/wp-json\/wp\/v2\/types\/product"}],"wp:featuredmedia":[{"embeddable":true,"href":"https:\/\/motorrad-erinnerungen.de\/shop\/wp-json\/wp\/v2\/media\/13134"}],"wp:attachment":[{"href":"https:\/\/motorrad-erinnerungen.de\/shop\/wp-json\/wp\/v2\/media?parent=13131"}],"wp:term":[{"taxonomy":"product_brand","embeddable":true,"href":"https:\/\/motorrad-erinnerungen.de\/shop\/wp-json\/wp\/v2\/product_brand?post=13131"},{"taxonomy":"product_cat","embeddable":true,"href":"https:\/\/motorrad-erinnerungen.de\/shop\/wp-json\/wp\/v2\/product_cat?post=13131"},{"taxonomy":"product_tag","embeddable":true,"href":"https:\/\/motorrad-erinnerungen.de\/shop\/wp-json\/wp\/v2\/product_tag?post=13131"}],"curies":[{"name":"wp","href":"https:\/\/api.w.org\/{rel}","templated":true}]}}