{"id":13141,"date":"2026-01-09T16:20:11","date_gmt":"2026-01-09T15:20:11","guid":{"rendered":"https:\/\/motorrad-erinnerungen.de\/shop\/produkt\/oldtimer-praxis-08-2001-giulietta-spider-moto-guzzi-c4v\/"},"modified":"2026-01-09T16:26:43","modified_gmt":"2026-01-09T15:26:43","slug":"oldtimer-praxis-08-2001-giulietta-spider-moto-guzzi-c4v","status":"publish","type":"product","link":"https:\/\/motorrad-erinnerungen.de\/shop\/produkt\/oldtimer-praxis-08-2001-giulietta-spider-moto-guzzi-c4v\/","title":{"rendered":"Oldtimer Praxis 08\/2001 \u2013 Giulietta Spider; Moto Guzzi C4V; MZ-Technik-Story"},"content":{"rendered":"<p>Erg\u00e4nzen Sie Ihre Sammlung mit dieser Original-Ausgabe der <strong>Oldtimer Praxis 08\/2001<\/strong>.<\/p>\n<h2>\ud83d\udccc Titelstory dieser Ausgabe:<\/h2>\n<ul>\n<li><strong>Alfa Romeo Giulietta Spider<\/strong> \u2013 Alfa Romeos sch\u00f6nstes Cabrio<\/li>\n<\/ul>\n<h2>\ud83c\udfcd\ufe0f Motorr\u00e4der &amp; Zweir\u00e4der in dieser Ausgabe<\/h2>\n<ul>\n<li><strong>Moto Guzzi C4V<\/strong> \u2013 Restaurierungsgeschichte eines au\u00dfergew\u00f6hnlichen Vierventil-Rennmotorrads<\/li>\n<li><strong>MZ-Technik-Story<\/strong> \u2013 Teil 2: F\u00fcnfgangmodelle und Gespanne<\/li>\n<li><strong>Motorradrestaurierung von A-Z<\/strong> \u2013 die R\u00e4der der NSU OSL sind an der Reihe<\/li>\n<\/ul>\n<h2>\ud83d\ude97 Weitere Oldtimer-Themen<\/h2>\n<ul>\n<li><strong>Opel Rekord C Caravan<\/strong> \u2013 Der andere Firmenwagen<\/li>\n<li><strong>Wanderer W10<\/strong> \u2013 Nur ein Haufen rostiger Teile war noch \u00fcbrig<\/li>\n<li><strong>Lloyd LP 300<\/strong> \u2013 Klein aber mein: in erster Hand!<\/li>\n<li><strong>Blechschneidewerkzeug<\/strong> \u2013 Gro\u00dfer Praxis-Test<\/li>\n<li><strong>Versandhandel<\/strong> \u2013 Ratgeber Recht<\/li>\n<\/ul>\n<h2>\ud83d\udca1 Tipp<\/h2>\n<ul>\n<li>Eine Oldtimer-Zeitschrift kann auch eine willkommene \u00dcberraschung sein, f\u00fcr Liebhaber klassischer Autos und Motorr\u00e4der \u2013 zum Verschenken von Erinnerungen und Tr\u00e4umen.<\/li>\n<\/ul>\n<h2>\ud83d\udce6 Versand &amp; Service<\/h2>\n<ul>\n<li>Kostenloser Versand in Deutschland, Auslandsversand f\u00fcr eine geringe Pauschale<\/li>\n<li>Erfahrung aus weit \u00fcber 30.000 erfolgreichen Sendungen<\/li>\n<li>Ihre Zeitschrift wird sicher und liebevoll verpackt<\/li>\n<\/ul>\n<h2>\ud83c\udf0d Zustand der Zeitschrift<\/h2>\n<ul>\n<li>Gebraucht, weil gelesen, durchgebl\u00e4ttert, gestapelt, alles original \ud83d\ude09<\/li>\n<\/ul>\n","protected":false},"excerpt":{"rendered":"<p>Leidenschaft, die nach \u00d6l und Benzin riecht: Diese Zeitschrift verbindet technische Tiefe mit der Liebe zu historischen Fahrzeugen \u2013 Inspiration f\u00fcr Ihr n\u00e4chstes Projekt. Highlights dieses Heftes: Giulietta Spider und Moto Guzzi C4V.<\/p>\n","protected":false},"featured_media":13146,"template":"","meta":{"iawp_total_views":1},"product_brand":[],"product_cat":[10216],"product_tag":[11006,11007,11031,1565,11003,11004,11005],"class_list":{"0":"post-13141","1":"product","2":"type-product","3":"status-publish","4":"has-post-thumbnail","6":"product_cat-oldtimer-praxis","7":"product_tag-lloyd-lp-300","8":"product_tag-blechschneidewerkzeug","9":"product_tag-alfa-romeo-giulietta-spider","10":"product_tag-nsu-osl-351","11":"product_tag-moto-guzzi-c4v","12":"product_tag-opel-rekord-c","13":"product_tag-wanderer-w10","15":"first","16":"instock","17":"shipping-taxable","18":"purchasable","19":"product-type-simple"},"_links":{"self":[{"href":"https:\/\/motorrad-erinnerungen.de\/shop\/wp-json\/wp\/v2\/product\/13141","targetHints":{"allow":["GET"]}}],"collection":[{"href":"https:\/\/motorrad-erinnerungen.de\/shop\/wp-json\/wp\/v2\/product"}],"about":[{"href":"https:\/\/motorrad-erinnerungen.de\/shop\/wp-json\/wp\/v2\/types\/product"}],"wp:featuredmedia":[{"embeddable":true,"href":"https:\/\/motorrad-erinnerungen.de\/shop\/wp-json\/wp\/v2\/media\/13146"}],"wp:attachment":[{"href":"https:\/\/motorrad-erinnerungen.de\/shop\/wp-json\/wp\/v2\/media?parent=13141"}],"wp:term":[{"taxonomy":"product_brand","embeddable":true,"href":"https:\/\/motorrad-erinnerungen.de\/shop\/wp-json\/wp\/v2\/product_brand?post=13141"},{"taxonomy":"product_cat","embeddable":true,"href":"https:\/\/motorrad-erinnerungen.de\/shop\/wp-json\/wp\/v2\/product_cat?post=13141"},{"taxonomy":"product_tag","embeddable":true,"href":"https:\/\/motorrad-erinnerungen.de\/shop\/wp-json\/wp\/v2\/product_tag?post=13141"}],"curies":[{"name":"wp","href":"https:\/\/api.w.org\/{rel}","templated":true}]}}