{"id":13144,"date":"2026-01-09T16:20:12","date_gmt":"2026-01-09T15:20:12","guid":{"rendered":"https:\/\/motorrad-erinnerungen.de\/shop\/produkt\/oldtimer-praxis-11-2001-hansa-2400-benelli-tornado\/"},"modified":"2026-01-09T16:41:10","modified_gmt":"2026-01-09T15:41:10","slug":"oldtimer-praxis-11-2001-hansa-2400-benelli-tornado","status":"publish","type":"product","link":"https:\/\/motorrad-erinnerungen.de\/shop\/produkt\/oldtimer-praxis-11-2001-hansa-2400-benelli-tornado\/","title":{"rendered":"Oldtimer Praxis 11\/2001 \u2013 Hansa 2400; Benelli Tornado 650; Terrot OSC"},"content":{"rendered":"<p>Erg\u00e4nzen Sie Ihre Sammlung mit dieser Original-Ausgabe der <strong>Oldtimer Praxis 11\/2001<\/strong>.<\/p>\n<h2>\ud83d\udccc Titelstory dieser Ausgabe:<\/h2>\n<ul>\n<li><strong>Borgward Hansa 2400 Pullman<\/strong> \u2013 Borgwards S-Klasse<\/li>\n<\/ul>\n<h2>\ud83c\udfcd\ufe0f Motorr\u00e4der &amp; Zweir\u00e4der in dieser Ausgabe<\/h2>\n<ul>\n<li><strong>Benelli Tornado 650<\/strong> \u2013 Interessante Au\u00dfenseiterin: Ein gro\u00dfer Twin muss nicht aus England kommen<\/li>\n<li><strong>Terrot OSC<\/strong> \u2013 Feines aus Frankreich (Moto \u00e0 la fran\u00e7aise)<\/li>\n<li><strong>Motorradrestaurierung von A-Z<\/strong> \u2013 die Elektrik der NSU OSL ist an der Reihe<\/li>\n<\/ul>\n<h2>\ud83d\ude97 Weitere Oldtimer-Themen<\/h2>\n<ul>\n<li><strong>Manta 400<\/strong> \u2013 Manta f\u00fcr Fortgeschrittene (Rothmans)<\/li>\n<li><strong>Autobianchi A112<\/strong> \u2013 Italiens Mini<\/li>\n<li><strong>Lenkgetriebe<\/strong> \u2013 Funktion und Reparatur (Tipps und Technik)<\/li>\n<\/ul>\n<h2>\ud83d\udca1 Tipp<\/h2>\n<ul>\n<li>Eine Oldtimer-Zeitschrift kann auch eine willkommene \u00dcberraschung sein, f\u00fcr Liebhaber klassischer Autos und Motorr\u00e4der \u2013 zum Verschenken von Erinnerungen und Tr\u00e4umen.<\/li>\n<\/ul>\n<h2>\ud83d\udce6 Versand &amp; Service<\/h2>\n<ul>\n<li>Kostenloser Versand in Deutschland, Auslandsversand f\u00fcr eine geringe Pauschale<\/li>\n<li>Erfahrung aus weit \u00fcber 30.000 erfolgreichen Sendungen<\/li>\n<li>Ihre Zeitschrift wird sicher und liebevoll verpackt<\/li>\n<\/ul>\n<h2>\ud83c\udf0d Zustand der Zeitschrift<\/h2>\n<ul>\n<li>Gebraucht, weil gelesen, durchgebl\u00e4ttert, gestapelt, alles original \ud83d\ude09<\/li>\n<\/ul>\n","protected":false},"excerpt":{"rendered":"<p>Leidenschaft, die nach \u00d6l und Benzin riecht: Diese Zeitschrift verbindet technische Tiefe mit der Liebe zu historischen Fahrzeugen \u2013 Inspiration f\u00fcr Ihr n\u00e4chstes Projekt. Highlights dieses Heftes: Hansa 2400 und Benelli Tornado.<\/p>\n","protected":false},"featured_media":13149,"template":"","meta":{"iawp_total_views":0},"product_brand":[],"product_cat":[10216],"product_tag":[11022,11023,11024,11025,11033,372,1565,10997],"class_list":{"0":"post-13144","1":"product","2":"type-product","3":"status-publish","4":"has-post-thumbnail","6":"product_cat-oldtimer-praxis","7":"product_tag-terrot-osc","8":"product_tag-manta-400","9":"product_tag-autobianchi-a112","10":"product_tag-lenkgetriebe","11":"product_tag-borgward-hansa-2400-pullman","12":"product_tag-benelli-tornado-650","13":"product_tag-nsu-osl-351","14":"product_tag-motorradrestaurierung-von-a-z","16":"first","17":"instock","18":"shipping-taxable","19":"purchasable","20":"product-type-simple"},"_links":{"self":[{"href":"https:\/\/motorrad-erinnerungen.de\/shop\/wp-json\/wp\/v2\/product\/13144","targetHints":{"allow":["GET"]}}],"collection":[{"href":"https:\/\/motorrad-erinnerungen.de\/shop\/wp-json\/wp\/v2\/product"}],"about":[{"href":"https:\/\/motorrad-erinnerungen.de\/shop\/wp-json\/wp\/v2\/types\/product"}],"wp:featuredmedia":[{"embeddable":true,"href":"https:\/\/motorrad-erinnerungen.de\/shop\/wp-json\/wp\/v2\/media\/13149"}],"wp:attachment":[{"href":"https:\/\/motorrad-erinnerungen.de\/shop\/wp-json\/wp\/v2\/media?parent=13144"}],"wp:term":[{"taxonomy":"product_brand","embeddable":true,"href":"https:\/\/motorrad-erinnerungen.de\/shop\/wp-json\/wp\/v2\/product_brand?post=13144"},{"taxonomy":"product_cat","embeddable":true,"href":"https:\/\/motorrad-erinnerungen.de\/shop\/wp-json\/wp\/v2\/product_cat?post=13144"},{"taxonomy":"product_tag","embeddable":true,"href":"https:\/\/motorrad-erinnerungen.de\/shop\/wp-json\/wp\/v2\/product_tag?post=13144"}],"curies":[{"name":"wp","href":"https:\/\/api.w.org\/{rel}","templated":true}]}}