{"id":13145,"date":"2026-01-09T16:20:12","date_gmt":"2026-01-09T15:20:12","guid":{"rendered":"https:\/\/motorrad-erinnerungen.de\/shop\/produkt\/oldtimer-praxis-12-2001-lancia-flaminia-velocette-singles\/"},"modified":"2026-01-09T16:50:08","modified_gmt":"2026-01-09T15:50:08","slug":"oldtimer-praxis-12-2001-lancia-flaminia-velocette-singles","status":"publish","type":"product","link":"https:\/\/motorrad-erinnerungen.de\/shop\/produkt\/oldtimer-praxis-12-2001-lancia-flaminia-velocette-singles\/","title":{"rendered":"Oldtimer Praxis 12\/2001 \u2013 Lancia Flaminia; Velocette-Singles; Adler M 250"},"content":{"rendered":"<p>Erg\u00e4nzen Sie Ihre Sammlung mit dieser Original-Ausgabe der <strong>Oldtimer Praxis 12\/2001<\/strong>.<\/p>\n<h2>\ud83d\udccc Titelstory dieser Ausgabe:<\/h2>\n<ul>\n<li><strong>Lancia Flaminia<\/strong> \u2013 Pininfarinas Coup\u00e9-Meisterst\u00fcck<\/li>\n<\/ul>\n<h2>\ud83c\udfcd\ufe0f Motorr\u00e4der &amp; Zweir\u00e4der in dieser Ausgabe<\/h2>\n<ul>\n<li><strong>Velocette-Singles<\/strong> \u2013 Einzylinder vom Allerfeinsten: Der besondere Reiz<\/li>\n<li><strong>Adler M 250<\/strong> \u2013 im GS-Trimm: Eigenbau mit Vergangenheit<\/li>\n<li><strong>Motorradrestaurierung von A-Z<\/strong> \u2013 die Elektrik der NSU OSL ist an der Reihe (Teil 2)<\/li>\n<\/ul>\n<h2>\ud83d\ude97 Weitere Oldtimer-Themen<\/h2>\n<ul>\n<li><strong>Goggomobil<\/strong> \u2013 Die andere Reiselimousine: Auf gro\u00dfer Fahrt<\/li>\n<li><strong>Mercedes L 311<\/strong> \u2013 Mannschaftswagen: Dicker Freund<\/li>\n<li><strong>Dethleffs Senior<\/strong> \u2013 die Restaurierung eines 1962er Wohnwagens vom Allerfeinsten<\/li>\n<li><strong>Kupplungen<\/strong> \u2013 Alles \u00fcber Technik (Tipps und Technik)<\/li>\n<\/ul>\n<h2>\ud83d\udca1 Tipp<\/h2>\n<ul>\n<li>Eine Oldtimer-Zeitschrift kann auch eine willkommene \u00dcberraschung sein, f\u00fcr Liebhaber klassischer Autos und Motorr\u00e4der \u2013 zum Verschenken von Erinnerungen und Tr\u00e4umen.<\/li>\n<\/ul>\n<h2>\ud83d\udce6 Versand &amp; Service<\/h2>\n<ul>\n<li>Kostenloser Versand in Deutschland, Auslandsversand f\u00fcr eine geringe Pauschale<\/li>\n<li>Erfahrung aus weit \u00fcber 30.000 erfolgreichen Sendungen<\/li>\n<li>Ihre Zeitschrift wird sicher und liebevoll verpackt<\/li>\n<\/ul>\n<h2>\ud83c\udf0d Zustand der Zeitschrift<\/h2>\n<ul>\n<li>Gebraucht, weil gelesen, durchgebl\u00e4ttert, gestapelt, alles original \ud83d\ude09<\/li>\n<\/ul>\n","protected":false},"excerpt":{"rendered":"<p>Leidenschaft, die nach \u00d6l und Benzin riecht: Diese Zeitschrift verbindet technische Tiefe mit der Liebe zu historischen Fahrzeugen \u2013 Inspiration f\u00fcr Ihr n\u00e4chstes Projekt. Highlights dieses Heftes: Lancia Flaminia und Velocette-Singles.<\/p>\n","protected":false},"featured_media":13150,"template":"","meta":{"iawp_total_views":0},"product_brand":[],"product_cat":[10216],"product_tag":[10804,11026,11027,11029,11030,11032,11034,1565,6340],"class_list":{"0":"post-13145","1":"product","2":"type-product","3":"status-publish","4":"has-post-thumbnail","6":"product_cat-oldtimer-praxis","7":"product_tag-goggomobil","8":"product_tag-lancia-flaminia","9":"product_tag-adler-m-250","10":"product_tag-mercedes-l-311","11":"product_tag-kupplungen","12":"product_tag-motorradrestaurierung","13":"product_tag-dethleffs-senior","14":"product_tag-nsu-osl-351","15":"product_tag-velocette","17":"first","18":"instock","19":"shipping-taxable","20":"purchasable","21":"product-type-simple"},"_links":{"self":[{"href":"https:\/\/motorrad-erinnerungen.de\/shop\/wp-json\/wp\/v2\/product\/13145","targetHints":{"allow":["GET"]}}],"collection":[{"href":"https:\/\/motorrad-erinnerungen.de\/shop\/wp-json\/wp\/v2\/product"}],"about":[{"href":"https:\/\/motorrad-erinnerungen.de\/shop\/wp-json\/wp\/v2\/types\/product"}],"wp:featuredmedia":[{"embeddable":true,"href":"https:\/\/motorrad-erinnerungen.de\/shop\/wp-json\/wp\/v2\/media\/13150"}],"wp:attachment":[{"href":"https:\/\/motorrad-erinnerungen.de\/shop\/wp-json\/wp\/v2\/media?parent=13145"}],"wp:term":[{"taxonomy":"product_brand","embeddable":true,"href":"https:\/\/motorrad-erinnerungen.de\/shop\/wp-json\/wp\/v2\/product_brand?post=13145"},{"taxonomy":"product_cat","embeddable":true,"href":"https:\/\/motorrad-erinnerungen.de\/shop\/wp-json\/wp\/v2\/product_cat?post=13145"},{"taxonomy":"product_tag","embeddable":true,"href":"https:\/\/motorrad-erinnerungen.de\/shop\/wp-json\/wp\/v2\/product_tag?post=13145"}],"curies":[{"name":"wp","href":"https:\/\/api.w.org\/{rel}","templated":true}]}}