{"id":13157,"date":"2026-01-09T16:54:59","date_gmt":"2026-01-09T15:54:59","guid":{"rendered":"https:\/\/motorrad-erinnerungen.de\/shop\/produkt\/oldtimer-praxis-01-2002-dkw-1000-sp-rickman-honda\/"},"modified":"2026-01-09T17:26:17","modified_gmt":"2026-01-09T16:26:17","slug":"oldtimer-praxis-01-2002-dkw-1000-sp-rickman-honda","status":"publish","type":"product","link":"https:\/\/motorrad-erinnerungen.de\/shop\/produkt\/oldtimer-praxis-01-2002-dkw-1000-sp-rickman-honda\/","title":{"rendered":"Oldtimer Praxis 01\/2002 \u2013 DKW 1000 Sp; Rickman-Fahrwerke; Opel-Motorrad"},"content":{"rendered":"<p>Erg\u00e4nzen Sie Ihre Sammlung mit dieser Original-Ausgabe der <strong>Oldtimer Praxis 01\/2002<\/strong>.<\/p>\n<h2>\ud83d\udccc Titelstory dieser Ausgabe:<\/h2>\n<ul>\n<li><strong>DKW 1000 Sp<\/strong> \u2013 Ein tolles Coup\u00e9 traumhaft restauriert<\/li>\n<\/ul>\n<h2>\ud83c\udfcd\ufe0f Motorr\u00e4der &amp; Zweir\u00e4der in dieser Ausgabe<\/h2>\n<ul>\n<li><strong>Rickman<\/strong>\u00a0\u2013 Feine Fahrwerke f\u00fcr schnelle Motoren (Rickman-Br\u00fcder)<\/li>\n<li><strong>Opel-Motorrad<\/strong> \u2013 das Monster vom Main, gebaut f\u00fcr die Rennbahn, die Radrennbahn<\/li>\n<li><strong>Motorradrestaurierung von A-Z<\/strong> \u2013 die NSU OSL wird lackiert<\/li>\n<\/ul>\n<h2>\ud83d\ude97 Weitere Oldtimer-Themen<\/h2>\n<ul>\n<li><strong>Mini mit Turbolader<\/strong> \u2013 Leistungsdruck: Rutschen Sie mit uns hinters Steuer<\/li>\n<li><strong>Saporoshez SAS<\/strong> \u2013 Rarer Russe in erster Hand<\/li>\n<li><strong>Fr\u00e4sen f\u00fcr Einsteiger<\/strong> \u2013 Tipps und Technik<\/li>\n<\/ul>\n<h2>\ud83d\udca1 Tipp<\/h2>\n<ul>\n<li>Eine Oldtimer-Zeitschrift kann auch eine willkommene \u00dcberraschung sein, f\u00fcr Liebhaber klassischer Autos und Motorr\u00e4der \u2013 zum Verschenken von Erinnerungen und Tr\u00e4umen.<\/li>\n<\/ul>\n<h2>\ud83d\udce6 Versand &amp; Service<\/h2>\n<ul>\n<li>Kostenloser Versand in Deutschland, Auslandsversand f\u00fcr eine geringe Pauschale<\/li>\n<li>Erfahrung aus weit \u00fcber 30.000 erfolgreichen Sendungen<\/li>\n<li>Ihre Zeitschrift wird sicher und liebevoll verpackt<\/li>\n<\/ul>\n<h2>\ud83c\udf0d Zustand der Zeitschrift<\/h2>\n<ul>\n<li>Gebraucht, weil gelesen, durchgebl\u00e4ttert, gestapelt, alles original \ud83d\ude09<\/li>\n<\/ul>\n","protected":false},"excerpt":{"rendered":"<p>Leidenschaft, die nach \u00d6l und Benzin riecht: Diese Zeitschrift verbindet technische Tiefe mit der Liebe zu historischen Fahrzeugen \u2013 Inspiration f\u00fcr Ihr n\u00e4chstes Projekt. Highlights dieses Heftes: DKW 1000 Sp und Rickman-Rahmen.<\/p>\n","protected":false},"featured_media":13161,"template":"","meta":{"iawp_total_views":1},"product_brand":[],"product_cat":[10216],"product_tag":[411,1565,11032,11035,11037,11038,11039,11040],"class_list":{"0":"post-13157","1":"product","2":"type-product","3":"status-publish","4":"has-post-thumbnail","6":"product_cat-oldtimer-praxis","7":"product_tag-rickman","8":"product_tag-nsu-osl-351","9":"product_tag-motorradrestaurierung","10":"product_tag-dkw-1000-sp","11":"product_tag-opel-motorrad","12":"product_tag-mini-turbo","13":"product_tag-saporoshez-sas","14":"product_tag-fraesen","16":"first","17":"instock","18":"shipping-taxable","19":"purchasable","20":"product-type-simple"},"_links":{"self":[{"href":"https:\/\/motorrad-erinnerungen.de\/shop\/wp-json\/wp\/v2\/product\/13157","targetHints":{"allow":["GET"]}}],"collection":[{"href":"https:\/\/motorrad-erinnerungen.de\/shop\/wp-json\/wp\/v2\/product"}],"about":[{"href":"https:\/\/motorrad-erinnerungen.de\/shop\/wp-json\/wp\/v2\/types\/product"}],"wp:featuredmedia":[{"embeddable":true,"href":"https:\/\/motorrad-erinnerungen.de\/shop\/wp-json\/wp\/v2\/media\/13161"}],"wp:attachment":[{"href":"https:\/\/motorrad-erinnerungen.de\/shop\/wp-json\/wp\/v2\/media?parent=13157"}],"wp:term":[{"taxonomy":"product_brand","embeddable":true,"href":"https:\/\/motorrad-erinnerungen.de\/shop\/wp-json\/wp\/v2\/product_brand?post=13157"},{"taxonomy":"product_cat","embeddable":true,"href":"https:\/\/motorrad-erinnerungen.de\/shop\/wp-json\/wp\/v2\/product_cat?post=13157"},{"taxonomy":"product_tag","embeddable":true,"href":"https:\/\/motorrad-erinnerungen.de\/shop\/wp-json\/wp\/v2\/product_tag?post=13157"}],"curies":[{"name":"wp","href":"https:\/\/api.w.org\/{rel}","templated":true}]}}