{"id":13158,"date":"2026-01-09T16:54:59","date_gmt":"2026-01-09T15:54:59","guid":{"rendered":"https:\/\/motorrad-erinnerungen.de\/shop\/produkt\/oldtimer-praxis-03-2002-marcos-1800-moto-guzzi-le-mans\/"},"modified":"2026-01-09T19:43:18","modified_gmt":"2026-01-09T18:43:18","slug":"oldtimer-praxis-03-2002-marcos-1800-moto-guzzi-le-mans","status":"publish","type":"product","link":"https:\/\/motorrad-erinnerungen.de\/shop\/produkt\/oldtimer-praxis-03-2002-marcos-1800-moto-guzzi-le-mans\/","title":{"rendered":"Oldtimer Praxis 03\/2002 \u2013 Marcos 1800; Moto Guzzi Le Mans; 50 ccm-Sachs-Motoren"},"content":{"rendered":"<p>Erg\u00e4nzen Sie Ihre Sammlung mit dieser Original-Ausgabe der <strong>Oldtimer Praxis 03\/2002<\/strong>.<\/p>\n<h2>\ud83d\udccc Titelstory dieser Ausgabe:<\/h2>\n<ul>\n<li><strong>Marcos 1800<\/strong> \u2013 Sportler aus Sperrholz!<\/li>\n<\/ul>\n<h2>\ud83c\udfcd\ufe0f Motorr\u00e4der &amp; Zweir\u00e4der in dieser Ausgabe<\/h2>\n<ul>\n<li><strong>Moto Guzzi Le Mans 1 und 2<\/strong> \u2013 Sie ist sch\u00f6n, sie ist schnell \u2013 doch wie solide ist die Technik?<\/li>\n<li><strong>Sachs-Motoren<\/strong> \u2013 50 Kubik vom Feinsten (Technik seziert)<\/li>\n<li><strong>Motorradrestaurierung von A-Z<\/strong> \u2013 die Trapezgabel der NSU OSL wird seziert<\/li>\n<\/ul>\n<h2>\ud83d\ude97 Weitere Oldtimer-Themen<\/h2>\n<ul>\n<li><strong>BMW 700<\/strong> \u2013 Von einem, der es einfach nicht lassen kann (Heckschleuder)<\/li>\n<li><strong>Kaelble K 410 Z<\/strong> \u2013 Zugmaschine mit 6,5 Liter Hubraum<\/li>\n<li><strong>Granada-Kombi<\/strong> \u2013 So jung und doch fast ausgestorben<\/li>\n<li><strong>Wie Getriebe funktionieren<\/strong> \u2013 Tipps und Technik<\/li>\n<\/ul>\n<h2>\ud83d\udca1 Tipp<\/h2>\n<ul>\n<li>Eine Oldtimer-Zeitschrift kann auch eine willkommene \u00dcberraschung sein, f\u00fcr Liebhaber klassischer Autos und Motorr\u00e4der \u2013 zum Verschenken von Erinnerungen und Tr\u00e4umen.<\/li>\n<\/ul>\n<h2>\ud83d\udce6 Versand &amp; Service<\/h2>\n<ul>\n<li>Kostenloser Versand in Deutschland, Auslandsversand f\u00fcr eine geringe Pauschale<\/li>\n<li>Erfahrung aus weit \u00fcber 30.000 erfolgreichen Sendungen<\/li>\n<li>Ihre Zeitschrift wird sicher und liebevoll verpackt<\/li>\n<\/ul>\n<h2>\ud83c\udf0d Zustand der Zeitschrift<\/h2>\n<ul>\n<li>Gebraucht, weil gelesen, durchgebl\u00e4ttert, gestapelt, alles original \ud83d\ude09<\/li>\n<\/ul>\n","protected":false},"excerpt":{"rendered":"<p>Leidenschaft, die nach \u00d6l und Benzin riecht: Diese Zeitschrift verbindet technische Tiefe mit der Liebe zu historischen Fahrzeugen \u2013 Inspiration f\u00fcr Ihr n\u00e4chstes Projekt. Highlights dieses Heftes: Marcos 1800 und Moto Guzzi Le Mans.<\/p>\n","protected":false},"featured_media":13163,"template":"","meta":{"iawp_total_views":0},"product_brand":[],"product_cat":[10216],"product_tag":[11043,11044,11045,1565,4559,10997,11041,11042],"class_list":{"0":"post-13158","1":"product","2":"type-product","3":"status-publish","4":"has-post-thumbnail","6":"product_cat-oldtimer-praxis","7":"product_tag-sachs-motoren","8":"product_tag-kaelble-k-410-z","9":"product_tag-ford-granada","10":"product_tag-nsu-osl-351","11":"product_tag-moto-guzzi-le-mans","12":"product_tag-motorradrestaurierung-von-a-z","13":"product_tag-marcos-1800","14":"product_tag-bmw-700","16":"first","17":"instock","18":"shipping-taxable","19":"purchasable","20":"product-type-simple"},"_links":{"self":[{"href":"https:\/\/motorrad-erinnerungen.de\/shop\/wp-json\/wp\/v2\/product\/13158","targetHints":{"allow":["GET"]}}],"collection":[{"href":"https:\/\/motorrad-erinnerungen.de\/shop\/wp-json\/wp\/v2\/product"}],"about":[{"href":"https:\/\/motorrad-erinnerungen.de\/shop\/wp-json\/wp\/v2\/types\/product"}],"wp:featuredmedia":[{"embeddable":true,"href":"https:\/\/motorrad-erinnerungen.de\/shop\/wp-json\/wp\/v2\/media\/13163"}],"wp:attachment":[{"href":"https:\/\/motorrad-erinnerungen.de\/shop\/wp-json\/wp\/v2\/media?parent=13158"}],"wp:term":[{"taxonomy":"product_brand","embeddable":true,"href":"https:\/\/motorrad-erinnerungen.de\/shop\/wp-json\/wp\/v2\/product_brand?post=13158"},{"taxonomy":"product_cat","embeddable":true,"href":"https:\/\/motorrad-erinnerungen.de\/shop\/wp-json\/wp\/v2\/product_cat?post=13158"},{"taxonomy":"product_tag","embeddable":true,"href":"https:\/\/motorrad-erinnerungen.de\/shop\/wp-json\/wp\/v2\/product_tag?post=13158"}],"curies":[{"name":"wp","href":"https:\/\/api.w.org\/{rel}","templated":true}]}}