{"id":13181,"date":"2026-01-10T16:25:18","date_gmt":"2026-01-10T15:25:18","guid":{"rendered":"https:\/\/motorrad-erinnerungen.de\/shop\/produkt\/oldtimer-praxis-10-2002-vw-golf-gti-maico-md-250\/"},"modified":"2026-01-10T16:36:51","modified_gmt":"2026-01-10T15:36:51","slug":"oldtimer-praxis-10-2002-vw-golf-gti-maico-md-250","status":"publish","type":"product","link":"https:\/\/motorrad-erinnerungen.de\/shop\/produkt\/oldtimer-praxis-10-2002-vw-golf-gti-maico-md-250\/","title":{"rendered":"Oldtimer Praxis 10\/2002 \u2013 VW Golf GTI; Maico MD 250; Honda CB 1100 R"},"content":{"rendered":"<p>Ein St\u00fcck Zeitgeschichte f\u00fcr Fans klassischer Technik: die <strong>Oldtimer Praxis 10\/2002<\/strong>.<\/p>\n<h2>\ud83d\udccc Titelthema dieser Ausgabe<\/h2>\n<ul>\n<li><strong>VW Golf GTI<\/strong> \u2013 Bahnbrechend \u2013 und fast ausgestorben!<\/li>\n<\/ul>\n<h2>\ud83c\udfcd\ufe0f Motorr\u00e4der &amp; Zweir\u00e4der in dieser Ausgabe<\/h2>\n<ul>\n<li><strong>Maico MD 250<\/strong> \u2013 Die sieht aus, als k\u00f6nnte sie kein W\u00e4sserchen tr\u00fcben \u2013 aber sie hat&#8217;s faustdick hinter den Ohren!<\/li>\n<li><strong>Honda CB 1100 R<\/strong> \u2013 Hei\u00dfer Youngtimer-Tipp<\/li>\n<\/ul>\n<h2>\ud83d\ude97 Weitere Oldtimer-Themen<\/h2>\n<ul>\n<li><strong>Citro\u00ebn Ami 6<\/strong> \u2013 Steigen Sie mit uns in den sympathisch-skurrilen Ami 6 und halten Sie sich gut fest<\/li>\n<li><strong>Henschel HS12<\/strong> \u2013 Ganz schwerer Brocken: Die Restaurierung eines Henschel HS12<\/li>\n<li><strong>Oldtimer einmotten \u2013 Tipps f\u00fcr den Winterschlaf<\/strong> \u2013\u00a0 Standsch\u00e4den? Nein danke!<\/li>\n<li><strong>Camping-Oldie<\/strong> \u2013 Reise in die Vergangenheit: Mit dem <strong>Opel Admiral B<\/strong> und einem <strong>Dethleffs Globetrooter<\/strong> in den S\u00fcden<\/li>\n<\/ul>\n<h2>\ud83d\udca1 Tipp<\/h2>\n<ul>\n<li>Eine Oldtimer-Zeitschrift kann auch eine willkommene \u00dcberraschung sein, f\u00fcr Liebhaber klassischer Autos und Motorr\u00e4der \u2013 zum Verschenken von Erinnerungen und Tr\u00e4umen.<\/li>\n<\/ul>\n<h2>\ud83d\udce6 Versand &amp; Service<\/h2>\n<ul>\n<li>Kostenloser Versand in Deutschland, Auslandsversand f\u00fcr eine geringe Pauschale<\/li>\n<li>Erfahrung aus weit \u00fcber 30.000 erfolgreichen Sendungen<\/li>\n<li>Ihre Zeitschrift wird sicher und liebevoll verpackt<\/li>\n<\/ul>\n<h2>\ud83c\udf0d Zustand der Zeitschrift<\/h2>\n<ul>\n<li>Gebraucht, weil gelesen, durchgebl\u00e4ttert, gestapelt, alles original \ud83d\ude09<\/li>\n<\/ul>\n","protected":false},"excerpt":{"rendered":"<p>Leidenschaft, die nach \u00d6l und Benzin riecht: Diese Zeitschrift verbindet technische Tiefe mit der Liebe zu historischen Fahrzeugen \u2013 Inspiration f\u00fcr Ihr n\u00e4chstes Projekt. Highlights dieses Heftes: VW Golf GTI und Maico MD 250.<\/p>\n","protected":false},"featured_media":13185,"template":"","meta":{"iawp_total_views":2},"product_brand":[],"product_cat":[10216],"product_tag":[11067,11068,11082,11083,11084,396,946,10995,11066],"class_list":{"0":"post-13181","1":"product","2":"type-product","3":"status-publish","4":"has-post-thumbnail","6":"product_cat-oldtimer-praxis","7":"product_tag-citroen-ami-6","8":"product_tag-henschel-hs12","9":"product_tag-oldtimer-einmotten-tipps-fuer-den-winterschlaf","10":"product_tag-opel-admiral-b","11":"product_tag-dethleffs-globetrooter","12":"product_tag-maico-md-250","13":"product_tag-honda-cb-1100-r","14":"product_tag-vw-golf-gti","15":"product_tag-camping","17":"first","18":"instock","19":"shipping-taxable","20":"purchasable","21":"product-type-simple"},"_links":{"self":[{"href":"https:\/\/motorrad-erinnerungen.de\/shop\/wp-json\/wp\/v2\/product\/13181","targetHints":{"allow":["GET"]}}],"collection":[{"href":"https:\/\/motorrad-erinnerungen.de\/shop\/wp-json\/wp\/v2\/product"}],"about":[{"href":"https:\/\/motorrad-erinnerungen.de\/shop\/wp-json\/wp\/v2\/types\/product"}],"wp:featuredmedia":[{"embeddable":true,"href":"https:\/\/motorrad-erinnerungen.de\/shop\/wp-json\/wp\/v2\/media\/13185"}],"wp:attachment":[{"href":"https:\/\/motorrad-erinnerungen.de\/shop\/wp-json\/wp\/v2\/media?parent=13181"}],"wp:term":[{"taxonomy":"product_brand","embeddable":true,"href":"https:\/\/motorrad-erinnerungen.de\/shop\/wp-json\/wp\/v2\/product_brand?post=13181"},{"taxonomy":"product_cat","embeddable":true,"href":"https:\/\/motorrad-erinnerungen.de\/shop\/wp-json\/wp\/v2\/product_cat?post=13181"},{"taxonomy":"product_tag","embeddable":true,"href":"https:\/\/motorrad-erinnerungen.de\/shop\/wp-json\/wp\/v2\/product_tag?post=13181"}],"curies":[{"name":"wp","href":"https:\/\/api.w.org\/{rel}","templated":true}]}}