{"id":13182,"date":"2026-01-10T16:25:19","date_gmt":"2026-01-10T15:25:19","guid":{"rendered":"https:\/\/motorrad-erinnerungen.de\/shop\/produkt\/oldtimer-praxis-11-2002-rr-silver-cloud-norton-einzylinder\/"},"modified":"2026-01-10T16:46:57","modified_gmt":"2026-01-10T15:46:57","slug":"oldtimer-praxis-11-2002-rr-silver-cloud-norton-einzylinder","status":"publish","type":"product","link":"https:\/\/motorrad-erinnerungen.de\/shop\/produkt\/oldtimer-praxis-11-2002-rr-silver-cloud-norton-einzylinder\/","title":{"rendered":"Oldtimer Praxis 11\/2002 \u2013 Rolls-Royce Silver Cloud; Norton Einzylinder; Moto Guzzi V35\/V50"},"content":{"rendered":"<p>Ein St\u00fcck Zeitgeschichte f\u00fcr Fans klassischer Technik: die <strong>Oldtimer Praxis 11\/2002<\/strong>.<\/p>\n<h2>\ud83d\udccc Titelthema dieser Ausgabe<\/h2>\n<ul>\n<li><strong>Rolls-Royce Silver Cloud<\/strong> \u2013 Heute ein K\u00f6nig!<\/li>\n<\/ul>\n<h2>\ud83c\udfcd\ufe0f Motorr\u00e4der &amp; Zweir\u00e4der in dieser Ausgabe<\/h2>\n<ul>\n<li><strong>Norton Einzylinder ES2<\/strong> \u2013 Genie\u00dfen Kultstatus \u2013 ein Fan erz\u00e4hlt, was den Reiz der gro\u00dfen Singles ausmacht<\/li>\n<li><strong>Moto Guzzi V35\/V50<\/strong> \u2013 Italienisch f\u00fcr Anf\u00e4nger<\/li>\n<\/ul>\n<h2>\ud83d\ude97 Weitere Oldtimer-Themen<\/h2>\n<ul>\n<li><strong>Trabant P50\/2<\/strong> \u2013 Ein Enthusiast wollte einfach ein St\u00fcck Auto-Geschichte retten \u2013 heraus kam einer der besten Trabant P50 \u00fcberhaupt!<\/li>\n<li><strong>Tipps und Technik<\/strong> \u2013 GFK-Karosserien sanieren<\/li>\n<li><strong>Renault 4 CV<\/strong> \u2013 Cr\u00e8me de la Cr\u00e8me<\/li>\n<li><strong>Unimog<\/strong> \u2013 Allrad-Legende: Die Story eines perfekt restaurierten Unimog<\/li>\n<\/ul>\n<h2>\ud83d\udca1 Tipp<\/h2>\n<ul>\n<li>Eine Oldtimer-Zeitschrift kann auch eine willkommene \u00dcberraschung sein, f\u00fcr Liebhaber klassischer Autos und Motorr\u00e4der \u2013 zum Verschenken von Erinnerungen und Tr\u00e4umen.<\/li>\n<\/ul>\n<h2>\ud83d\udce6 Versand &amp; Service<\/h2>\n<ul>\n<li>Kostenloser Versand in Deutschland, Auslandsversand f\u00fcr eine geringe Pauschale<\/li>\n<li>Erfahrung aus weit \u00fcber 30.000 erfolgreichen Sendungen<\/li>\n<li>Ihre Zeitschrift wird sicher und liebevoll verpackt<\/li>\n<\/ul>\n<h2>\ud83c\udf0d Zustand der Zeitschrift<\/h2>\n<ul>\n<li>Gebraucht, weil gelesen, durchgebl\u00e4ttert, gestapelt, alles original \ud83d\ude09<\/li>\n<\/ul>\n","protected":false},"excerpt":{"rendered":"<p>Leidenschaft, die nach \u00d6l und Benzin riecht: Diese Zeitschrift verbindet technische Tiefe mit der Liebe zu historischen Fahrzeugen \u2013 Inspiration f\u00fcr Ihr n\u00e4chstes Projekt. Highlights dieses Heftes: RR Silver Cloud und Norton Einzylinder.<\/p>\n","protected":false},"featured_media":13186,"template":"","meta":{"iawp_total_views":0},"product_brand":[],"product_cat":[10216],"product_tag":[11071,11074,11075,11085,11086,11087,655,733,11070],"class_list":{"0":"post-13182","1":"product","2":"type-product","3":"status-publish","4":"has-post-thumbnail","6":"product_cat-oldtimer-praxis","7":"product_tag-gfk-karosserien","8":"product_tag-rolls-royce","9":"product_tag-unimog","10":"product_tag-rolls-royce-silver-cloud","11":"product_tag-norton-einzylinder-es2","12":"product_tag-trabant-p50-2","13":"product_tag-moto-guzzi-v35","14":"product_tag-moto-guzzi-v50","15":"product_tag-renault-4-cv","17":"first","18":"instock","19":"shipping-taxable","20":"purchasable","21":"product-type-simple"},"_links":{"self":[{"href":"https:\/\/motorrad-erinnerungen.de\/shop\/wp-json\/wp\/v2\/product\/13182","targetHints":{"allow":["GET"]}}],"collection":[{"href":"https:\/\/motorrad-erinnerungen.de\/shop\/wp-json\/wp\/v2\/product"}],"about":[{"href":"https:\/\/motorrad-erinnerungen.de\/shop\/wp-json\/wp\/v2\/types\/product"}],"wp:featuredmedia":[{"embeddable":true,"href":"https:\/\/motorrad-erinnerungen.de\/shop\/wp-json\/wp\/v2\/media\/13186"}],"wp:attachment":[{"href":"https:\/\/motorrad-erinnerungen.de\/shop\/wp-json\/wp\/v2\/media?parent=13182"}],"wp:term":[{"taxonomy":"product_brand","embeddable":true,"href":"https:\/\/motorrad-erinnerungen.de\/shop\/wp-json\/wp\/v2\/product_brand?post=13182"},{"taxonomy":"product_cat","embeddable":true,"href":"https:\/\/motorrad-erinnerungen.de\/shop\/wp-json\/wp\/v2\/product_cat?post=13182"},{"taxonomy":"product_tag","embeddable":true,"href":"https:\/\/motorrad-erinnerungen.de\/shop\/wp-json\/wp\/v2\/product_tag?post=13182"}],"curies":[{"name":"wp","href":"https:\/\/api.w.org\/{rel}","templated":true}]}}