{"id":13183,"date":"2026-01-10T16:25:19","date_gmt":"2026-01-10T15:25:19","guid":{"rendered":"https:\/\/motorrad-erinnerungen.de\/shop\/produkt\/oldtimer-praxis-12-2002-dkw-contra-ifa-yamaha-rd-250\/"},"modified":"2026-01-10T16:56:06","modified_gmt":"2026-01-10T15:56:06","slug":"oldtimer-praxis-12-2002-dkw-contra-ifa-yamaha-rd-250","status":"publish","type":"product","link":"https:\/\/motorrad-erinnerungen.de\/shop\/produkt\/oldtimer-praxis-12-2002-dkw-contra-ifa-yamaha-rd-250\/","title":{"rendered":"Oldtimer Praxis 12\/2002 \u2013 DKW contra IFA; Yamaha RD 250; M\u00fcnch-URS"},"content":{"rendered":"<p>Ein St\u00fcck Zeitgeschichte f\u00fcr Fans klassischer Technik: die <strong>Oldtimer Praxis 12\/2002<\/strong>.<\/p>\n<h2>\ud83d\udccc Titelthema dieser Ausgabe<\/h2>\n<ul>\n<li><strong>DKW 3=6 contra IFA F9<\/strong> \u2013 Ost-West-Vergleich<\/li>\n<\/ul>\n<h2>\ud83c\udfcd\ufe0f Motorr\u00e4der &amp; Zweir\u00e4der in dieser Ausgabe<\/h2>\n<ul>\n<li><strong>Yamaha RD 250<\/strong> \u2013 Hei\u00dfes Eisen<\/li>\n<li><strong>M\u00fcnch-URS<\/strong> \u2013 Wie eine au\u00dfergew\u00f6hnliche Rennmaschine ihren Weg zur\u00fcck auf die Piste fand<\/li>\n<\/ul>\n<h2>\ud83d\ude97 Weitere Oldtimer-Themen<\/h2>\n<ul>\n<li><strong>Plymouth Roadrunner<\/strong> \u2013 Knapp 400 PS, 650 Newtonmeter \u2013 und die Zahlen verraten nur die halbe Wahrheit!<\/li>\n<li><strong>Stoewer R 180<\/strong> \u2013 Fortschritt anno 1935<\/li>\n<li><strong>Hebeb\u00fchnen<\/strong> \u2013 F\u00fcr Auto und Motorrad: Kauf, Aufbau, Einsatz<\/li>\n<li><strong>Triumph TR 7<\/strong> \u2013 Zur\u00fcck in erster Hand: Die Biographie eines Triumph TR 7<\/li>\n<\/ul>\n<h2>\ud83d\udca1 Tipp<\/h2>\n<ul>\n<li>Eine Oldtimer-Zeitschrift kann auch eine willkommene \u00dcberraschung sein, f\u00fcr Liebhaber klassischer Autos und Motorr\u00e4der \u2013 zum Verschenken von Erinnerungen und Tr\u00e4umen.<\/li>\n<\/ul>\n<h2>\ud83d\udce6 Versand &amp; Service<\/h2>\n<ul>\n<li>Kostenloser Versand in Deutschland, Auslandsversand f\u00fcr eine geringe Pauschale<\/li>\n<li>Erfahrung aus weit \u00fcber 30.000 erfolgreichen Sendungen<\/li>\n<li>Ihre Zeitschrift wird sicher und liebevoll verpackt<\/li>\n<\/ul>\n<h2>\ud83c\udf0d Zustand der Zeitschrift<\/h2>\n<ul>\n<li>Gebraucht, weil gelesen, durchgebl\u00e4ttert, gestapelt, alles original \ud83d\ude09<\/li>\n<\/ul>\n","protected":false},"excerpt":{"rendered":"<p>Leidenschaft, die nach \u00d6l und Benzin riecht: Diese Zeitschrift verbindet technische Tiefe mit der Liebe zu historischen Fahrzeugen \u2013 Inspiration f\u00fcr Ihr n\u00e4chstes Projekt. Highlights dieses Heftes: DKW contra IFA und Yamaha RD 250.<\/p>\n","protected":false},"featured_media":13187,"template":"","meta":{"iawp_total_views":0},"product_brand":[],"product_cat":[10216],"product_tag":[448,11076,11078,11079,11080,11088,11089,11090],"class_list":{"0":"post-13183","1":"product","2":"type-product","3":"status-publish","4":"has-post-thumbnail","6":"product_cat-oldtimer-praxis","7":"product_tag-yamaha-rd-250","8":"product_tag-hebebuehnen","9":"product_tag-stoewer-r-180","10":"product_tag-triumph-tr-7","11":"product_tag-plymouth-roadrunner","12":"product_tag-dkw-36","13":"product_tag-ifa-f9","14":"product_tag-muench-urs","16":"first","17":"instock","18":"shipping-taxable","19":"purchasable","20":"product-type-simple"},"_links":{"self":[{"href":"https:\/\/motorrad-erinnerungen.de\/shop\/wp-json\/wp\/v2\/product\/13183","targetHints":{"allow":["GET"]}}],"collection":[{"href":"https:\/\/motorrad-erinnerungen.de\/shop\/wp-json\/wp\/v2\/product"}],"about":[{"href":"https:\/\/motorrad-erinnerungen.de\/shop\/wp-json\/wp\/v2\/types\/product"}],"wp:featuredmedia":[{"embeddable":true,"href":"https:\/\/motorrad-erinnerungen.de\/shop\/wp-json\/wp\/v2\/media\/13187"}],"wp:attachment":[{"href":"https:\/\/motorrad-erinnerungen.de\/shop\/wp-json\/wp\/v2\/media?parent=13183"}],"wp:term":[{"taxonomy":"product_brand","embeddable":true,"href":"https:\/\/motorrad-erinnerungen.de\/shop\/wp-json\/wp\/v2\/product_brand?post=13183"},{"taxonomy":"product_cat","embeddable":true,"href":"https:\/\/motorrad-erinnerungen.de\/shop\/wp-json\/wp\/v2\/product_cat?post=13183"},{"taxonomy":"product_tag","embeddable":true,"href":"https:\/\/motorrad-erinnerungen.de\/shop\/wp-json\/wp\/v2\/product_tag?post=13183"}],"curies":[{"name":"wp","href":"https:\/\/api.w.org\/{rel}","templated":true}]}}