{"id":13193,"date":"2026-01-10T17:10:28","date_gmt":"2026-01-10T16:10:28","guid":{"rendered":"https:\/\/motorrad-erinnerungen.de\/shop\/produkt\/oldtimer-praxis-05-2003-220-s-cabriolet-nsu-fox-suzuki-re5\/"},"modified":"2026-01-10T17:27:25","modified_gmt":"2026-01-10T16:27:25","slug":"oldtimer-praxis-05-2003-220-s-cabriolet-nsu-fox-suzuki-re5","status":"publish","type":"product","link":"https:\/\/motorrad-erinnerungen.de\/shop\/produkt\/oldtimer-praxis-05-2003-220-s-cabriolet-nsu-fox-suzuki-re5\/","title":{"rendered":"Oldtimer Praxis 05\/2003 \u2013 Mercedes 220 S Cabriolet; NSU Fox; Suzuki RE5"},"content":{"rendered":"<p>Ein St\u00fcck Zeitgeschichte f\u00fcr Fans klassischer Technik: die <strong>Oldtimer Praxis 05\/2003<\/strong><\/p>\n<h2>\ud83d\udccc Titelthema dieser Ausgabe<\/h2>\n<ul>\n<li><strong>Mercedes 220 S Cabriolet<\/strong> \u2013 Der Stern der F\u00fcnfziger<\/li>\n<\/ul>\n<h2>\ud83c\udfcd\ufe0f Motorr\u00e4der &amp; Zweir\u00e4der in dieser Ausgabe<\/h2>\n<ul>\n<li><strong>NSU Fox<\/strong> \u2013 Ein Bestseller namens Fox: Alle Varianten unter der kritischen Lupe<\/li>\n<li><strong>Suzuki RE5<\/strong> \u2013 Rarer Wankel-Exot: Vom Leben mit der Suzuki RE5<\/li>\n<\/ul>\n<h2>\ud83d\ude97 Weitere Oldtimer-Themen<\/h2>\n<ul>\n<li><strong>Alfa Romeo Berlina<\/strong> \u2013 Giulias gro\u00dfe Schwester ist fast vergessen \u2013 zu Unrecht<\/li>\n<li><strong>Adler Trumpf Junior<\/strong> \u2013 Perfekt gemacht: Die Story eines feinen Adler Trumpf Junior<\/li>\n<li><strong>Klimaanlagen<\/strong> \u2013 Funktion, Wartung und Reparatur: Immer cool bleiben<\/li>\n<li><strong>Lichtanlagen<\/strong> \u2013 Helle Begeisterung: Lichtanlagen optimieren<\/li>\n<\/ul>\n<h2>\ud83d\udca1 Tipp<\/h2>\n<ul>\n<li>Eine Oldtimer-Zeitschrift kann auch eine willkommene \u00dcberraschung sein, f\u00fcr Liebhaber klassischer Autos und Motorr\u00e4der \u2013 zum Verschenken von Erinnerungen und Tr\u00e4umen.<\/li>\n<\/ul>\n<h2>\ud83d\udce6 Versand &amp; Service<\/h2>\n<ul>\n<li>Kostenloser Versand in Deutschland, Auslandsversand f\u00fcr eine geringe Pauschale<\/li>\n<li>Erfahrung aus weit \u00fcber 30.000 erfolgreichen Sendungen<\/li>\n<li>Ihre Zeitschrift wird sicher und liebevoll verpackt<\/li>\n<\/ul>\n<h2>\ud83c\udf0d Zustand der Zeitschrift<\/h2>\n<ul>\n<li>Gebraucht, weil gelesen, durchgebl\u00e4ttert, gestapelt, alles original \ud83d\ude09<\/li>\n<\/ul>\n","protected":false},"excerpt":{"rendered":"<p>Hier wird noch selbst geschraubt: Oldtimer Praxis liefert das n\u00f6tige Wissen f\u00fcr die Garage. Von der Wartung bis zur Komplettrestaurierung \u2013 echte Hilfe f\u00fcr alle, die ihre Klassiker auf der Stra\u00dfe halten wollen.<\/p>\n","protected":false},"featured_media":13203,"template":"","meta":{"iawp_total_views":1},"product_brand":[],"product_cat":[10216],"product_tag":[136,4776,11106,11107,11108,11109,11110,11111],"class_list":{"0":"post-13193","1":"product","2":"type-product","3":"status-publish","4":"has-post-thumbnail","6":"product_cat-oldtimer-praxis","7":"product_tag-nsu-fox","8":"product_tag-suzuki-re5","9":"product_tag-220-s-cabriolet","10":"product_tag-klimaanlagen","11":"product_tag-adler-trumpf-junior","12":"product_tag-alfa-romeo-berlina","13":"product_tag-mercedes-220-s-cabriolet","14":"product_tag-lichtanlagen","16":"first","17":"instock","18":"shipping-taxable","19":"purchasable","20":"product-type-simple"},"_links":{"self":[{"href":"https:\/\/motorrad-erinnerungen.de\/shop\/wp-json\/wp\/v2\/product\/13193","targetHints":{"allow":["GET"]}}],"collection":[{"href":"https:\/\/motorrad-erinnerungen.de\/shop\/wp-json\/wp\/v2\/product"}],"about":[{"href":"https:\/\/motorrad-erinnerungen.de\/shop\/wp-json\/wp\/v2\/types\/product"}],"wp:featuredmedia":[{"embeddable":true,"href":"https:\/\/motorrad-erinnerungen.de\/shop\/wp-json\/wp\/v2\/media\/13203"}],"wp:attachment":[{"href":"https:\/\/motorrad-erinnerungen.de\/shop\/wp-json\/wp\/v2\/media?parent=13193"}],"wp:term":[{"taxonomy":"product_brand","embeddable":true,"href":"https:\/\/motorrad-erinnerungen.de\/shop\/wp-json\/wp\/v2\/product_brand?post=13193"},{"taxonomy":"product_cat","embeddable":true,"href":"https:\/\/motorrad-erinnerungen.de\/shop\/wp-json\/wp\/v2\/product_cat?post=13193"},{"taxonomy":"product_tag","embeddable":true,"href":"https:\/\/motorrad-erinnerungen.de\/shop\/wp-json\/wp\/v2\/product_tag?post=13193"}],"curies":[{"name":"wp","href":"https:\/\/api.w.org\/{rel}","templated":true}]}}