{"id":13197,"date":"2026-01-10T17:10:29","date_gmt":"2026-01-10T16:10:29","guid":{"rendered":"https:\/\/motorrad-erinnerungen.de\/shop\/produkt\/oldtimer-praxis-11-2003-vw-campingbus-triton-dkw-ss-500\/"},"modified":"2026-01-10T18:50:42","modified_gmt":"2026-01-10T17:50:42","slug":"oldtimer-praxis-11-2003-vw-campingbus-triton-dkw-ss-500","status":"publish","type":"product","link":"https:\/\/motorrad-erinnerungen.de\/shop\/produkt\/oldtimer-praxis-11-2003-vw-campingbus-triton-dkw-ss-500\/","title":{"rendered":"Oldtimer Praxis 11\/2003 \u2013 Westfalia-T1-Camping-Bulli; Triton; DKW SS 500"},"content":{"rendered":"<p>Ein St\u00fcck Zeitgeschichte f\u00fcr Fans klassischer Technik: die <strong>Oldtimer Praxis 11\/2003<\/strong><\/p>\n<h2>\ud83d\udccc Titelthema dieser Ausgabe<\/h2>\n<ul>\n<li><strong>Westfalia-T1-Camping-Bulli <\/strong>\u2013 Reif f\u00fcr den Urlaub mit dem VW-Bus<\/li>\n<\/ul>\n<h2>\ud83c\udfcd\ufe0f Motorr\u00e4der &amp; Zweir\u00e4der in dieser Ausgabe<\/h2>\n<ul>\n<li><strong>Triton<\/strong> \u2013 Klassischer Mix: Norton-Rahmen und Triumph-Motor \u2013 Erfahrungsbericht eines Bauherren<\/li>\n<li><strong>DKW SS 500<\/strong> \u2013 Das sportliche Top-Modell<\/li>\n<li><strong>Horex Regina <\/strong>\u2013 500 ccm-Nachr\u00fcstungs-Beschluss<\/li>\n<li><\/li>\n<\/ul>\n<h2>\ud83d\ude97 Weitere Oldtimer-Themen<\/h2>\n<ul>\n<li><strong>Lotus Europa<\/strong> \u2013 Im Tiefflug: Sortieren Sie Ihre Knochen und gehen Sie mit uns auf Probefahrt<\/li>\n<li><strong>Porsche-Diesel &#8222;Master&#8220;<\/strong>\u00a0\u2013 Frontlader statt Heckmotor: Der etwas andere Offroad-Porsche (Traktor)<\/li>\n<li><strong>Alu-R\u00e4der<\/strong> \u2013 Richten, reparieren, restaurieren: Alles \u00fcber Alu-R\u00e4der<\/li>\n<\/ul>\n<h2>\ud83d\udca1 Tipp<\/h2>\n<ul>\n<li>Eine Oldtimer-Zeitschrift kann auch eine willkommene \u00dcberraschung sein, f\u00fcr Liebhaber klassischer Autos und Motorr\u00e4der \u2013 zum Verschenken von Erinnerungen und Tr\u00e4umen.<\/li>\n<\/ul>\n<h2>\ud83d\udce6 Versand &amp; Service<\/h2>\n<ul>\n<li>Kostenloser Versand in Deutschland, Auslandsversand f\u00fcr eine geringe Pauschale<\/li>\n<li>Erfahrung aus weit \u00fcber 30.000 erfolgreichen Sendungen<\/li>\n<li>Ihre Zeitschrift wird sicher und liebevoll verpackt<\/li>\n<\/ul>\n<h2>\ud83c\udf0d Zustand der Zeitschrift<\/h2>\n<ul>\n<li>Gebraucht, weil gelesen, durchgebl\u00e4ttert, gestapelt, alles original \ud83d\ude09<\/li>\n<\/ul>\n","protected":false},"excerpt":{"rendered":"<p>Hier wird noch selbst geschraubt: Oldtimer Praxis liefert das n\u00f6tige Wissen f\u00fcr die Garage. Von der Wartung bis zur Komplettrestaurierung \u2013 echte Hilfe f\u00fcr alle, die ihre Klassiker auf der Stra\u00dfe halten wollen.<\/p>\n","protected":false},"featured_media":13210,"template":"","meta":{"iawp_total_views":0},"product_brand":[],"product_cat":[10216],"product_tag":[10962,11131,11132,11133,11135,11136,11146,11147,88],"class_list":{"0":"post-13197","1":"product","2":"type-product","3":"status-publish","4":"has-post-thumbnail","6":"product_cat-oldtimer-praxis","7":"product_tag-vw-campingbus","8":"product_tag-triton","9":"product_tag-dkw-ss-500","10":"product_tag-lotus-europa","11":"product_tag-felgen","12":"product_tag-alu-raeder","13":"product_tag-porsche-diesel-master","14":"product_tag-westfalia-t1-camping-bulli","15":"product_tag-horex-regina","17":"first","18":"instock","19":"shipping-taxable","20":"product-type-simple"},"_links":{"self":[{"href":"https:\/\/motorrad-erinnerungen.de\/shop\/wp-json\/wp\/v2\/product\/13197","targetHints":{"allow":["GET"]}}],"collection":[{"href":"https:\/\/motorrad-erinnerungen.de\/shop\/wp-json\/wp\/v2\/product"}],"about":[{"href":"https:\/\/motorrad-erinnerungen.de\/shop\/wp-json\/wp\/v2\/types\/product"}],"wp:featuredmedia":[{"embeddable":true,"href":"https:\/\/motorrad-erinnerungen.de\/shop\/wp-json\/wp\/v2\/media\/13210"}],"wp:attachment":[{"href":"https:\/\/motorrad-erinnerungen.de\/shop\/wp-json\/wp\/v2\/media?parent=13197"}],"wp:term":[{"taxonomy":"product_brand","embeddable":true,"href":"https:\/\/motorrad-erinnerungen.de\/shop\/wp-json\/wp\/v2\/product_brand?post=13197"},{"taxonomy":"product_cat","embeddable":true,"href":"https:\/\/motorrad-erinnerungen.de\/shop\/wp-json\/wp\/v2\/product_cat?post=13197"},{"taxonomy":"product_tag","embeddable":true,"href":"https:\/\/motorrad-erinnerungen.de\/shop\/wp-json\/wp\/v2\/product_tag?post=13197"}],"curies":[{"name":"wp","href":"https:\/\/api.w.org\/{rel}","templated":true}]}}