{"id":13220,"date":"2026-01-10T20:43:14","date_gmt":"2026-01-10T19:43:14","guid":{"rendered":"https:\/\/motorrad-erinnerungen.de\/shop\/produkt\/oldtimer-praxis-08-2004-alfa-bertone-gt-henderson-kj-gespann-ducati-98-sport\/"},"modified":"2026-01-10T21:44:52","modified_gmt":"2026-01-10T20:44:52","slug":"oldtimer-praxis-08-2004-alfa-bertone-gt-henderson-kj-gespann-ducati-98-sport","status":"publish","type":"product","link":"https:\/\/motorrad-erinnerungen.de\/shop\/produkt\/oldtimer-praxis-08-2004-alfa-bertone-gt-henderson-kj-gespann-ducati-98-sport\/","title":{"rendered":"Oldtimer Praxis 08\/2004 \u2013 Alfa Bertone GT; Henderson-KJ-Gespann; Ducati 98 Sport"},"content":{"rendered":"<p>Ein St\u00fcck Zeitgeschichte f\u00fcr Fans klassischer Technik: die <strong>Oldtimer Praxis 08\/2004<\/strong><\/p>\n<h2>\ud83d\udccc Titelthema dieser Ausgabe<\/h2>\n<ul>\n<li><strong>Alfa Romeo 1300 GT Junior Bertone<\/strong>\u00a0\u2013 Kilometerstand 2,4 Millionen!<\/li>\n<\/ul>\n<h2>\ud83c\udfcd\ufe0f Motorr\u00e4der &amp; Zweir\u00e4der in dieser Ausgabe<\/h2>\n<ul>\n<li><strong>Henderson-KJ-Gespann<\/strong> \u2013 1300 Kubik, 28 PS, vier Zylinder \u2013 unterwegs mit dem ultimativen Reisemotorrad der Zwanziger<\/li>\n<li><strong>Ducati 98 Sport<\/strong> \u2013 Kleine Sch\u00f6nheit: Fein restauriert!<\/li>\n<\/ul>\n<h2>\ud83d\ude97 Weitere Oldtimer-Themen<\/h2>\n<ul>\n<li><strong>Honda Z 600<\/strong> \u2013 Ein Mini aus Japan: Der kleine Z 600 erz\u00e4hlt von Hondas Anf\u00e4ngen als Autobauer<\/li>\n<li><strong>DKW Universal 3=6<\/strong> \u2013 Ein Kombi f\u00fcr alle Lebenslagen<\/li>\n<li><strong>VW Scirocco GLi<\/strong> \u2013 Erste Liebe, neu entdeckt: Von der Restaurierung eines VW Scirocco<\/li>\n<li><strong>Z\u00fcndanlage<\/strong> \u2013 Gro\u00dfe Inspektion: Wartung statt Schutzbrief!<\/li>\n<\/ul>\n<h2>\ud83d\udca1 Tipp<\/h2>\n<ul>\n<li>Eine Oldtimer-Zeitschrift kann auch eine willkommene \u00dcberraschung sein, f\u00fcr Liebhaber klassischer Autos und Motorr\u00e4der \u2013 zum Verschenken von Erinnerungen und Tr\u00e4umen.<\/li>\n<\/ul>\n<h2>\ud83d\udce6 Versand &amp; Service<\/h2>\n<ul>\n<li>Kostenloser Versand in Deutschland, Auslandsversand f\u00fcr eine geringe Pauschale<\/li>\n<li>Erfahrung aus weit \u00fcber 30.000 erfolgreichen Sendungen<\/li>\n<li>Ihre Zeitschrift wird sicher und liebevoll verpackt<\/li>\n<\/ul>\n<h2>\ud83c\udf0d Zustand der Zeitschrift<\/h2>\n<ul>\n<li>Gebraucht, weil gelesen, durchgebl\u00e4ttert, gestapelt, alles original \ud83d\ude09<\/li>\n<\/ul>\n","protected":false},"excerpt":{"rendered":"<p>Hier wird noch selbst geschraubt: Oldtimer Praxis liefert das n\u00f6tige Wissen f\u00fcr die Garage. Von der Wartung bis zur Komplettrestaurierung \u2013 echte Hilfe f\u00fcr alle, die ihre Klassiker auf der Stra\u00dfe halten wollen.<\/p>\n","protected":false},"featured_media":13236,"template":"","meta":{"iawp_total_views":1},"product_brand":[],"product_cat":[10216],"product_tag":[11188,11224,11225,11226,11181,11182,11183,11184,11185,11186],"class_list":{"0":"post-13220","1":"product","2":"type-product","3":"status-publish","4":"has-post-thumbnail","6":"product_cat-oldtimer-praxis","7":"product_tag-alfa-bertone-gt","8":"product_tag-alfa-romeo-1300-gt-junior-bertone","9":"product_tag-dkw-universal-36","10":"product_tag-vw-scirocco-gli","11":"product_tag-ducati-98-sport","12":"product_tag-alfa-romeo-giulia-gt","13":"product_tag-zuendanlage","14":"product_tag-honda-z-600","15":"product_tag-henderson-kj","16":"product_tag-dkw-universal","18":"first","19":"instock","20":"shipping-taxable","21":"purchasable","22":"product-type-simple"},"_links":{"self":[{"href":"https:\/\/motorrad-erinnerungen.de\/shop\/wp-json\/wp\/v2\/product\/13220","targetHints":{"allow":["GET"]}}],"collection":[{"href":"https:\/\/motorrad-erinnerungen.de\/shop\/wp-json\/wp\/v2\/product"}],"about":[{"href":"https:\/\/motorrad-erinnerungen.de\/shop\/wp-json\/wp\/v2\/types\/product"}],"wp:featuredmedia":[{"embeddable":true,"href":"https:\/\/motorrad-erinnerungen.de\/shop\/wp-json\/wp\/v2\/media\/13236"}],"wp:attachment":[{"href":"https:\/\/motorrad-erinnerungen.de\/shop\/wp-json\/wp\/v2\/media?parent=13220"}],"wp:term":[{"taxonomy":"product_brand","embeddable":true,"href":"https:\/\/motorrad-erinnerungen.de\/shop\/wp-json\/wp\/v2\/product_brand?post=13220"},{"taxonomy":"product_cat","embeddable":true,"href":"https:\/\/motorrad-erinnerungen.de\/shop\/wp-json\/wp\/v2\/product_cat?post=13220"},{"taxonomy":"product_tag","embeddable":true,"href":"https:\/\/motorrad-erinnerungen.de\/shop\/wp-json\/wp\/v2\/product_tag?post=13220"}],"curies":[{"name":"wp","href":"https:\/\/api.w.org\/{rel}","templated":true}]}}