{"id":13249,"date":"2026-01-10T22:29:08","date_gmt":"2026-01-10T21:29:08","guid":{"rendered":"https:\/\/motorrad-erinnerungen.de\/shop\/produkt\/oldtimer-praxis-04-2005-corvette-sting-ray-suzuki-katana-dkw-rt-125\/"},"modified":"2026-01-10T23:03:23","modified_gmt":"2026-01-10T22:03:23","slug":"oldtimer-praxis-04-2005-corvette-sting-ray-suzuki-katana-dkw-rt-125","status":"publish","type":"product","link":"https:\/\/motorrad-erinnerungen.de\/shop\/produkt\/oldtimer-praxis-04-2005-corvette-sting-ray-suzuki-katana-dkw-rt-125\/","title":{"rendered":"Oldtimer Praxis 04\/2005 \u2013 Corvette Sting Ray; Suzuki Katana; IFA\/DKW RT 125"},"content":{"rendered":"<p>Ein St\u00fcck Zeitgeschichte f\u00fcr Fans klassischer Technik: die <strong>Oldtimer Praxis 04\/2005<\/strong><\/p>\n<h2>\ud83d\udccc Titelthema dieser Ausgabe<\/h2>\n<ul>\n<li><strong>Corvette Sting Ray Convertible<\/strong>\u00a0\u2013 Der amerikanische Traum!<\/li>\n<\/ul>\n<h2>\ud83c\udfcd\ufe0f Motorr\u00e4der &amp; Zweir\u00e4der in dieser Ausgabe<\/h2>\n<ul>\n<li><strong>Suzuki Katana<\/strong> \u2013 Design-Meilenstein mit Power-Motor \u2013 und schon l\u00e4ngst ein Fall f\u00fcr Sammler<\/li>\n<li><strong>IFA\/DKW RT 125<\/strong> \u2013 Volkssport: Renn-Replika in Kleinserie<\/li>\n<\/ul>\n<h2>\ud83d\ude97 Weitere Oldtimer-Themen<\/h2>\n<ul>\n<li><strong>Fiat 850 Coup\u00e9<\/strong> \u2013 Was die Erinnerungen ans erste eigene Auto f\u00fcr Folgen haben k\u00f6nnen<\/li>\n<li><strong>BMW 315 Cabriolimousine<\/strong> \u2013 1500 Kubik und sechs Zylinder: 1935er BMW<\/li>\n<li><strong>Audi 80<\/strong>\u00a0\u2013 von wegen Biedermann<\/li>\n<li><strong>Schwei\u00dfn\u00e4hte<\/strong> \u2013 Abdichten, Versiegeln, Konservieren<\/li>\n<li><strong>Kippwagenheber<\/strong> \u2013 Alternative zur Hebeb\u00fchne? Kippwagenheber im Praxis-Test<\/li>\n<\/ul>\n<h2>\ud83d\udca1 Tipp<\/h2>\n<ul>\n<li>Eine Oldtimer-Zeitschrift kann auch eine willkommene \u00dcberraschung sein, f\u00fcr Liebhaber klassischer Autos und Motorr\u00e4der \u2013 zum Verschenken von Erinnerungen und Tr\u00e4umen.<\/li>\n<\/ul>\n<h2>\ud83d\udce6 Versand &amp; Service<\/h2>\n<ul>\n<li>Kostenloser Versand in Deutschland, Auslandsversand f\u00fcr eine geringe Pauschale<\/li>\n<li>Erfahrung aus weit \u00fcber 30.000 erfolgreichen Sendungen<\/li>\n<li>Ihre Zeitschrift wird sicher und liebevoll verpackt<\/li>\n<\/ul>\n<h2>\ud83c\udf0d Zustand der Zeitschrift<\/h2>\n<ul>\n<li>Gebraucht, weil gelesen, durchgebl\u00e4ttert, gestapelt, alles original \ud83d\ude09<\/li>\n<\/ul>\n","protected":false},"excerpt":{"rendered":"<p>Hier wird noch selbst geschraubt: Oldtimer Praxis liefert das n\u00f6tige Wissen f\u00fcr die Garage. Von der Wartung bis zur Komplettrestaurierung \u2013 echte Hilfe f\u00fcr alle, die ihre Klassiker auf der Stra\u00dfe halten wollen.<\/p>\n","protected":false},"featured_media":13262,"template":"","meta":{"iawp_total_views":1},"product_brand":[],"product_cat":[10216],"product_tag":[11253,11254,11255,11256,11257,11311,11312,4059,4529],"class_list":{"0":"post-13249","1":"product","2":"type-product","3":"status-publish","4":"has-post-thumbnail","6":"product_cat-oldtimer-praxis","7":"product_tag-fiat-850-coupe","8":"product_tag-kippwagenheber","9":"product_tag-corvette-sting-ray","10":"product_tag-bmw-315","11":"product_tag-schweissnaehte","12":"product_tag-audi-80","13":"product_tag-ifa-dkw-rt-125","14":"product_tag-dkw-rt-125","15":"product_tag-suzuki-katana","17":"first","18":"instock","19":"shipping-taxable","20":"purchasable","21":"product-type-simple"},"_links":{"self":[{"href":"https:\/\/motorrad-erinnerungen.de\/shop\/wp-json\/wp\/v2\/product\/13249","targetHints":{"allow":["GET"]}}],"collection":[{"href":"https:\/\/motorrad-erinnerungen.de\/shop\/wp-json\/wp\/v2\/product"}],"about":[{"href":"https:\/\/motorrad-erinnerungen.de\/shop\/wp-json\/wp\/v2\/types\/product"}],"wp:featuredmedia":[{"embeddable":true,"href":"https:\/\/motorrad-erinnerungen.de\/shop\/wp-json\/wp\/v2\/media\/13262"}],"wp:attachment":[{"href":"https:\/\/motorrad-erinnerungen.de\/shop\/wp-json\/wp\/v2\/media?parent=13249"}],"wp:term":[{"taxonomy":"product_brand","embeddable":true,"href":"https:\/\/motorrad-erinnerungen.de\/shop\/wp-json\/wp\/v2\/product_brand?post=13249"},{"taxonomy":"product_cat","embeddable":true,"href":"https:\/\/motorrad-erinnerungen.de\/shop\/wp-json\/wp\/v2\/product_cat?post=13249"},{"taxonomy":"product_tag","embeddable":true,"href":"https:\/\/motorrad-erinnerungen.de\/shop\/wp-json\/wp\/v2\/product_tag?post=13249"}],"curies":[{"name":"wp","href":"https:\/\/api.w.org\/{rel}","templated":true}]}}