{"id":13284,"date":"2026-01-11T10:03:41","date_gmt":"2026-01-11T09:03:41","guid":{"rendered":"https:\/\/motorrad-erinnerungen.de\/shop\/produkt\/oldtimer-praxis-03-2006-citroen-11-cv-bl-honda-xl-500-nsu-500-4-ps\/"},"modified":"2026-01-11T11:51:53","modified_gmt":"2026-01-11T10:51:53","slug":"oldtimer-praxis-03-2006-citroen-11-cv-bl-honda-xl-500-nsu-500-4-ps","status":"publish","type":"product","link":"https:\/\/motorrad-erinnerungen.de\/shop\/produkt\/oldtimer-praxis-03-2006-citroen-11-cv-bl-honda-xl-500-nsu-500-4-ps\/","title":{"rendered":"Oldtimer Praxis 03\/2006 \u2013 Citro\u00ebn 11 CV BL; Honda XL 500; NSU 500 4 PS"},"content":{"rendered":"<p>Ein St\u00fcck Zeitgeschichte f\u00fcr Fans klassischer Technik: die <strong>Oldtimer Praxis 03\/2006<\/strong><\/p>\n<h2>\ud83d\udccc Titelthema dieser Ausgabe<\/h2>\n<ul>\n<li><strong>Citro\u00ebn 11 CV BL<\/strong> \u2013 Fahren wie Gott in Frankreich!<\/li>\n<\/ul>\n<h2>\ud83c\udfcd\ufe0f Motorr\u00e4der &amp; Zweir\u00e4der in dieser Ausgabe<\/h2>\n<ul>\n<li><strong>Honda XL 500<\/strong> \u2013 Europa, Asien und Afrika: Mehr als 200.000 Kilometer \u2013 ein Erfahrungsbericht<\/li>\n<li><strong>NSU 500 4 PS<\/strong> \u2013 Neckarsulmer Urgestein<\/li>\n<\/ul>\n<h2>\ud83d\ude97 Weitere Oldtimer-Themen<\/h2>\n<ul>\n<li><strong>VW 412 Kombi<\/strong> \u2013 Viel besser als sein Ruf: Von den wahren Qualit\u00e4ten des lange Zeit ungeliebten VW 412<\/li>\n<li><strong>Jensen Interceptor Convertible<\/strong> \u2013 Luxus, Leistung, frische Luft<\/li>\n<li><strong>Goliath Express Luxus-Bus<\/strong> \u2013 Superselten \u2013 und bildh\u00fcbsch<\/li>\n<li><strong>Blattfedern<\/strong> \u2013 Reparieren und optimieren: Alles \u00fcber Blattfedern<\/li>\n<\/ul>\n<h2>\ud83d\udca1 Tipp<\/h2>\n<ul>\n<li>Eine Oldtimer-Zeitschrift kann auch eine willkommene \u00dcberraschung sein, f\u00fcr Liebhaber klassischer Autos und Motorr\u00e4der \u2013 zum Verschenken von Erinnerungen und Tr\u00e4umen.<\/li>\n<\/ul>\n<h2>\ud83d\udce6 Versand &amp; Service<\/h2>\n<ul>\n<li>Kostenloser Versand in Deutschland, Auslandsversand f\u00fcr eine geringe Pauschale<\/li>\n<li>Erfahrung aus weit \u00fcber 30.000 erfolgreichen Sendungen<\/li>\n<li>Ihre Zeitschrift wird sicher und liebevoll verpackt<\/li>\n<\/ul>\n<h2>\ud83c\udf0d Zustand der Zeitschrift<\/h2>\n<ul>\n<li>Gebraucht, weil gelesen, durchgebl\u00e4ttert, gestapelt, alles original \ud83d\ude09<\/li>\n<\/ul>\n","protected":false},"excerpt":{"rendered":"<p>Hier wird noch selbst geschraubt: Oldtimer Praxis liefert das n\u00f6tige Wissen f\u00fcr die Garage. Von der Wartung bis zur Komplettrestaurierung \u2013 echte Hilfe f\u00fcr alle, die ihre Klassiker auf der Stra\u00dfe halten wollen.<\/p>\n","protected":false},"featured_media":13297,"template":"","meta":{"iawp_total_views":0},"product_brand":[],"product_cat":[10216],"product_tag":[793,10984,11330,11331,11332,11333,11334,11335],"class_list":{"0":"post-13284","1":"product","2":"type-product","3":"status-publish","4":"has-post-thumbnail","6":"product_cat-oldtimer-praxis","7":"product_tag-honda-xl-500","8":"product_tag-goliath-express","9":"product_tag-jensen-interceptor","10":"product_tag-nsu-500","11":"product_tag-citroen-11-cv","12":"product_tag-vw-412-kombi","13":"product_tag-traction-avant","14":"product_tag-blattfedern","16":"first","17":"instock","18":"shipping-taxable","19":"purchasable","20":"product-type-simple"},"_links":{"self":[{"href":"https:\/\/motorrad-erinnerungen.de\/shop\/wp-json\/wp\/v2\/product\/13284","targetHints":{"allow":["GET"]}}],"collection":[{"href":"https:\/\/motorrad-erinnerungen.de\/shop\/wp-json\/wp\/v2\/product"}],"about":[{"href":"https:\/\/motorrad-erinnerungen.de\/shop\/wp-json\/wp\/v2\/types\/product"}],"wp:featuredmedia":[{"embeddable":true,"href":"https:\/\/motorrad-erinnerungen.de\/shop\/wp-json\/wp\/v2\/media\/13297"}],"wp:attachment":[{"href":"https:\/\/motorrad-erinnerungen.de\/shop\/wp-json\/wp\/v2\/media?parent=13284"}],"wp:term":[{"taxonomy":"product_brand","embeddable":true,"href":"https:\/\/motorrad-erinnerungen.de\/shop\/wp-json\/wp\/v2\/product_brand?post=13284"},{"taxonomy":"product_cat","embeddable":true,"href":"https:\/\/motorrad-erinnerungen.de\/shop\/wp-json\/wp\/v2\/product_cat?post=13284"},{"taxonomy":"product_tag","embeddable":true,"href":"https:\/\/motorrad-erinnerungen.de\/shop\/wp-json\/wp\/v2\/product_tag?post=13284"}],"curies":[{"name":"wp","href":"https:\/\/api.w.org\/{rel}","templated":true}]}}