{"id":13286,"date":"2026-01-11T10:03:41","date_gmt":"2026-01-11T09:03:41","guid":{"rendered":"https:\/\/motorrad-erinnerungen.de\/shop\/produkt\/oldtimer-praxis-05-2006-lancia-aurelia-gt-bmw-r-69-s-yamaha-rd-350-lc\/"},"modified":"2026-01-11T11:56:14","modified_gmt":"2026-01-11T10:56:14","slug":"oldtimer-praxis-05-2006-lancia-aurelia-gt-bmw-r-69-s-yamaha-rd-350-lc","status":"publish","type":"product","link":"https:\/\/motorrad-erinnerungen.de\/shop\/produkt\/oldtimer-praxis-05-2006-lancia-aurelia-gt-bmw-r-69-s-yamaha-rd-350-lc\/","title":{"rendered":"Oldtimer Praxis 05\/2006 \u2013 Lancia Aurelia GT; BMW R 69 S; Yamaha RD 350 LC"},"content":{"rendered":"<p>Ein St\u00fcck Zeitgeschichte f\u00fcr Fans klassischer Technik: die <strong>Oldtimer Praxis 05\/2006<\/strong><\/p>\n<h2>\ud83d\udccc Titelthema dieser Ausgabe<\/h2>\n<ul>\n<li><strong>Lancia Aurelia B20 GT<\/strong> \u2013 Probefahrt mit einer Ikone<\/li>\n<\/ul>\n<h2>\ud83c\udfcd\ufe0f Motorr\u00e4der &amp; Zweir\u00e4der in dieser Ausgabe<\/h2>\n<ul>\n<li><strong>BMW R 69 S<\/strong> \u2013 Das volle Programm: Eine au\u00dfergew\u00f6hnliche BMW verr\u00e4t, was Edelschrauber anno 1970 unter Tuning verstanden<\/li>\n<li><strong>Yamaha RD 350 LC<\/strong> \u2013 Kilometerstand 250.000!<\/li>\n<\/ul>\n<h2>\ud83d\ude97 Weitere Oldtimer-Themen<\/h2>\n<ul>\n<li><strong>DKW F12 Roadster<\/strong> \u2013 Der Fr\u00fchling ruft: Mit einem DKW F12 Roadster, der seit 1964 in erster Hand ist!<\/li>\n<li><strong>Talbot-Matra Rancho<\/strong> \u2013 Der Urvater aller SUVs<\/li>\n<li><strong>Tatra T72<\/strong> \u2013 Lkw-Rarit\u00e4t: Im vierradgetriebenen Tatra T72 von 1936 \u00fcber Stock und Stein<\/li>\n<li><strong>Differentiale \u00fcberholen<\/strong> \u2013 Von Zahnausfall und Lagersch\u00e4den: Differentiale \u00fcberholen<\/li>\n<\/ul>\n<h2>\ud83d\udca1 Tipp<\/h2>\n<ul>\n<li>Eine Oldtimer-Zeitschrift kann auch eine willkommene \u00dcberraschung sein, f\u00fcr Liebhaber klassischer Autos und Motorr\u00e4der \u2013 zum Verschenken von Erinnerungen und Tr\u00e4umen.<\/li>\n<\/ul>\n<h2>\ud83d\udce6 Versand &amp; Service<\/h2>\n<ul>\n<li>Kostenloser Versand in Deutschland, Auslandsversand f\u00fcr eine geringe Pauschale<\/li>\n<li>Erfahrung aus weit \u00fcber 30.000 erfolgreichen Sendungen<\/li>\n<li>Ihre Zeitschrift wird sicher und liebevoll verpackt<\/li>\n<\/ul>\n<h2>\ud83c\udf0d Zustand der Zeitschrift<\/h2>\n<ul>\n<li>Gebraucht, weil gelesen, durchgebl\u00e4ttert, gestapelt, alles original \ud83d\ude09<\/li>\n<\/ul>\n","protected":false},"excerpt":{"rendered":"<p>Hier wird noch selbst geschraubt: Oldtimer Praxis liefert das n\u00f6tige Wissen f\u00fcr die Garage. Von der Wartung bis zur Komplettrestaurierung \u2013 echte Hilfe f\u00fcr alle, die ihre Klassiker auf der Stra\u00dfe halten wollen.<\/p>\n","protected":false},"featured_media":13299,"template":"","meta":{"iawp_total_views":1},"product_brand":[],"product_cat":[10216],"product_tag":[11343,11344,11345,11346,11392,930,3628,11342],"class_list":{"0":"post-13286","1":"product","2":"type-product","3":"status-publish","4":"has-post-thumbnail","6":"product_cat-oldtimer-praxis","7":"product_tag-talbot-matra-rancho","8":"product_tag-differentiale","9":"product_tag-dkw-f12-roadster","10":"product_tag-tatra-t72","11":"product_tag-lancia-aurelia-b20-gt","12":"product_tag-yamaha-rd-350-lc","13":"product_tag-bmw-r-69-s","14":"product_tag-lancia-aurelia-gt","16":"first","17":"instock","18":"shipping-taxable","19":"purchasable","20":"product-type-simple"},"_links":{"self":[{"href":"https:\/\/motorrad-erinnerungen.de\/shop\/wp-json\/wp\/v2\/product\/13286","targetHints":{"allow":["GET"]}}],"collection":[{"href":"https:\/\/motorrad-erinnerungen.de\/shop\/wp-json\/wp\/v2\/product"}],"about":[{"href":"https:\/\/motorrad-erinnerungen.de\/shop\/wp-json\/wp\/v2\/types\/product"}],"wp:featuredmedia":[{"embeddable":true,"href":"https:\/\/motorrad-erinnerungen.de\/shop\/wp-json\/wp\/v2\/media\/13299"}],"wp:attachment":[{"href":"https:\/\/motorrad-erinnerungen.de\/shop\/wp-json\/wp\/v2\/media?parent=13286"}],"wp:term":[{"taxonomy":"product_brand","embeddable":true,"href":"https:\/\/motorrad-erinnerungen.de\/shop\/wp-json\/wp\/v2\/product_brand?post=13286"},{"taxonomy":"product_cat","embeddable":true,"href":"https:\/\/motorrad-erinnerungen.de\/shop\/wp-json\/wp\/v2\/product_cat?post=13286"},{"taxonomy":"product_tag","embeddable":true,"href":"https:\/\/motorrad-erinnerungen.de\/shop\/wp-json\/wp\/v2\/product_tag?post=13286"}],"curies":[{"name":"wp","href":"https:\/\/api.w.org\/{rel}","templated":true}]}}