{"id":13290,"date":"2026-01-11T10:04:17","date_gmt":"2026-01-11T09:04:17","guid":{"rendered":"https:\/\/motorrad-erinnerungen.de\/shop\/produkt\/oldtimer-praxis-08-2006-ferrari-308-gt4-bultaco-d-rad-m24\/"},"modified":"2026-01-11T12:13:22","modified_gmt":"2026-01-11T11:13:22","slug":"oldtimer-praxis-08-2006-ferrari-308-gt4-bultaco-d-rad-m24","status":"publish","type":"product","link":"https:\/\/motorrad-erinnerungen.de\/shop\/produkt\/oldtimer-praxis-08-2006-ferrari-308-gt4-bultaco-d-rad-m24\/","title":{"rendered":"Oldtimer Praxis 08\/2006 \u2013 Ferrari 308 GT4; Bultaco Sherpa, Alpina, Frontera; D-Rad M24"},"content":{"rendered":"<p>Ein St\u00fcck Zeitgeschichte f\u00fcr Fans klassischer Technik: die <strong>Oldtimer Praxis 08\/2006<\/strong><\/p>\n<h2>\ud83d\udccc Titelthema dieser Ausgabe<\/h2>\n<ul>\n<li><strong>Ferrari 308 GT4<\/strong> \u2013 Ein Ferrari f\u00fcr Normalverdiener?<\/li>\n<\/ul>\n<h2>\ud83c\udfcd\ufe0f Motorr\u00e4der &amp; Zweir\u00e4der in dieser Ausgabe<\/h2>\n<ul>\n<li><strong>Bultaco Sherpa, Alpina, Frontera<\/strong> \u2013 Offroader f\u00fcr Insider: Worauf Sie sich einlassen, wenn Sie Ihr Herz f\u00fcr Bultacos Gel\u00e4ndemotorr\u00e4der entdecken<\/li>\n<li><strong>D-Rad M24<\/strong> \u2013 Fehlkonstruktion unter der Lupe: Und es f\u00e4hrt doch!<\/li>\n<\/ul>\n<h2>\ud83d\ude97 Weitere Oldtimer-Themen<\/h2>\n<ul>\n<li><strong>Mercedes 170 S Cabriolet<\/strong> \u2013 Der Besitzer erz\u00e4hlt von einem halben Leben mit ein und demselben Automobil<\/li>\n<li><strong>Fiat 128 Kombi<\/strong> \u2013 Bescheidenheit ist eine Zier!<\/li>\n<li><strong>Colani GT<\/strong> \u2013 Designerst\u00fcck: \u00dcber Geschmack kann man trefflich streiten&#8230;<\/li>\n<li><strong>Sprit sparen<\/strong> \u2013 Was Oldies wirklich verbrauchen: Sprit sparen \u2013 so geht&#8217;s!<\/li>\n<\/ul>\n<h2>\ud83d\udca1 Tipp<\/h2>\n<ul>\n<li>Eine Oldtimer-Zeitschrift kann auch eine willkommene \u00dcberraschung sein, f\u00fcr Liebhaber klassischer Autos und Motorr\u00e4der \u2013 zum Verschenken von Erinnerungen und Tr\u00e4umen.<\/li>\n<\/ul>\n<h2>\ud83d\udce6 Versand &amp; Service<\/h2>\n<ul>\n<li>Kostenloser Versand in Deutschland, Auslandsversand f\u00fcr eine geringe Pauschale<\/li>\n<li>Erfahrung aus weit \u00fcber 30.000 erfolgreichen Sendungen<\/li>\n<li>Ihre Zeitschrift wird sicher und liebevoll verpackt<\/li>\n<\/ul>\n<h2>\ud83c\udf0d Zustand der Zeitschrift<\/h2>\n<ul>\n<li>Gebraucht, weil gelesen, durchgebl\u00e4ttert, gestapelt, alles original \ud83d\ude09<\/li>\n<\/ul>\n","protected":false},"excerpt":{"rendered":"<p>Hier wird noch selbst geschraubt: Oldtimer Praxis liefert das n\u00f6tige Wissen f\u00fcr die Garage. Von der Wartung bis zur Komplettrestaurierung \u2013 echte Hilfe f\u00fcr alle, die ihre Klassiker auf der Stra\u00dfe halten wollen.<\/p>\n","protected":false},"featured_media":13302,"template":"","meta":{"iawp_total_views":0},"product_brand":[],"product_cat":[10216],"product_tag":[10519,11360,11361,11362,11363,11364,11365,11398],"class_list":{"0":"post-13290","1":"product","2":"type-product","3":"status-publish","4":"has-post-thumbnail","6":"product_cat-oldtimer-praxis","7":"product_tag-bultaco","8":"product_tag-mercedes-170-s","9":"product_tag-colani-gt","10":"product_tag-sprit-sparen","11":"product_tag-d-rad-m24","12":"product_tag-fiat-128-kombi","13":"product_tag-ferrari-308-gt4","14":"product_tag-bultaco-sherpa-alpina-frontera","16":"first","17":"instock","18":"shipping-taxable","19":"purchasable","20":"product-type-simple"},"_links":{"self":[{"href":"https:\/\/motorrad-erinnerungen.de\/shop\/wp-json\/wp\/v2\/product\/13290","targetHints":{"allow":["GET"]}}],"collection":[{"href":"https:\/\/motorrad-erinnerungen.de\/shop\/wp-json\/wp\/v2\/product"}],"about":[{"href":"https:\/\/motorrad-erinnerungen.de\/shop\/wp-json\/wp\/v2\/types\/product"}],"wp:featuredmedia":[{"embeddable":true,"href":"https:\/\/motorrad-erinnerungen.de\/shop\/wp-json\/wp\/v2\/media\/13302"}],"wp:attachment":[{"href":"https:\/\/motorrad-erinnerungen.de\/shop\/wp-json\/wp\/v2\/media?parent=13290"}],"wp:term":[{"taxonomy":"product_brand","embeddable":true,"href":"https:\/\/motorrad-erinnerungen.de\/shop\/wp-json\/wp\/v2\/product_brand?post=13290"},{"taxonomy":"product_cat","embeddable":true,"href":"https:\/\/motorrad-erinnerungen.de\/shop\/wp-json\/wp\/v2\/product_cat?post=13290"},{"taxonomy":"product_tag","embeddable":true,"href":"https:\/\/motorrad-erinnerungen.de\/shop\/wp-json\/wp\/v2\/product_tag?post=13290"}],"curies":[{"name":"wp","href":"https:\/\/api.w.org\/{rel}","templated":true}]}}