{"id":13291,"date":"2026-01-11T10:04:17","date_gmt":"2026-01-11T09:04:17","guid":{"rendered":"https:\/\/motorrad-erinnerungen.de\/shop\/produkt\/oldtimer-praxis-09-2006-messerschmitt-weltrekord-karo-kawasaki-a1ss-neander\/"},"modified":"2026-01-11T12:43:27","modified_gmt":"2026-01-11T11:43:27","slug":"oldtimer-praxis-09-2006-messerschmitt-weltrekord-karo-kawasaki-a1ss-neander","status":"publish","type":"product","link":"https:\/\/motorrad-erinnerungen.de\/shop\/produkt\/oldtimer-praxis-09-2006-messerschmitt-weltrekord-karo-kawasaki-a1ss-neander\/","title":{"rendered":"Oldtimer Praxis 09\/2006 \u2013 Messerschmitt KR 200 Super; Kawasaki A1SS Samurai; Neander"},"content":{"rendered":"<p>Ein St\u00fcck Zeitgeschichte f\u00fcr Fans klassischer Technik: die <strong>Oldtimer Praxis 09\/2006<\/strong><\/p>\n<h2>\ud83d\udccc Titelthema dieser Ausgabe<\/h2>\n<ul>\n<li><strong>Messerschmitt KR 200 Super<\/strong>\u00a0\u2013 Replik einer Dreiradlegende: Weltrekord-Karo<\/li>\n<\/ul>\n<h2>\ud83c\udfcd\ufe0f Motorr\u00e4der &amp; Zweir\u00e4der in dieser Ausgabe<\/h2>\n<ul>\n<li><strong>Kawasaki A1SS Samurai<\/strong> \u2013 31 PS aus 250 Kubik \u2013 und das anno 1967: Die gegl\u00fcckte Wiederbelebung einer superseltenen Kawasaki<\/li>\n<li><strong>Neander<\/strong> \u2013 Die Kunst der Konstruktion: Vier Jahrzehnte Neander<\/li>\n<\/ul>\n<h2>\ud83d\ude97 Weitere Oldtimer-Themen<\/h2>\n<ul>\n<li><strong>Mercedes 220 S<\/strong> \u2013 Die ganz gro\u00dfe Flosse: Erleben Sie, was passiert, wenn ein 4,5-Liter-V8 richtig zur Sache geht<\/li>\n<li><strong>Humber Sceptre<\/strong> \u2013 Au\u00dfenseiter im Alltag<\/li>\n<li><strong>Ford T Modell<\/strong> \u2013 Unterwegs mit dem Gro\u00dfvater aller Pick-up-Trucks<\/li>\n<li><strong>VW K 70<\/strong> \u2013 Selten, kantig, ungeliebt<\/li>\n<li><strong>Schloss und Schl\u00fcssel<\/strong> \u2013 Funktion, Wartung, Reparatur: Von Schloss und Schl\u00fcssel<\/li>\n<\/ul>\n<h2>\ud83d\udca1 Tipp<\/h2>\n<ul>\n<li>Eine Oldtimer-Zeitschrift kann auch eine willkommene \u00dcberraschung sein, f\u00fcr Liebhaber klassischer Autos und Motorr\u00e4der \u2013 zum Verschenken von Erinnerungen und Tr\u00e4umen.<\/li>\n<\/ul>\n<h2>\ud83d\udce6 Versand &amp; Service<\/h2>\n<ul>\n<li>Kostenloser Versand in Deutschland, Auslandsversand f\u00fcr eine geringe Pauschale<\/li>\n<li>Erfahrung aus weit \u00fcber 30.000 erfolgreichen Sendungen<\/li>\n<li>Ihre Zeitschrift wird sicher und liebevoll verpackt<\/li>\n<\/ul>\n<h2>\ud83c\udf0d Zustand der Zeitschrift<\/h2>\n<ul>\n<li>Gebraucht, weil gelesen, durchgebl\u00e4ttert, gestapelt, alles original \ud83d\ude09<\/li>\n<\/ul>\n","protected":false},"excerpt":{"rendered":"<p>Hier wird noch selbst geschraubt: Oldtimer Praxis liefert das n\u00f6tige Wissen f\u00fcr die Garage. Von der Wartung bis zur Komplettrestaurierung \u2013 echte Hilfe f\u00fcr alle, die ihre Klassiker auf der Stra\u00dfe halten wollen.<\/p>\n","protected":false},"featured_media":13303,"template":"","meta":{"iawp_total_views":1},"product_brand":[],"product_cat":[10216],"product_tag":[11370,11372,11399,11400,10825,11366,11367,11368,11369],"class_list":{"0":"post-13291","1":"product","2":"type-product","3":"status-publish","4":"has-post-thumbnail","6":"product_cat-oldtimer-praxis","7":"product_tag-mercedes-220-s","8":"product_tag-humber-sceptre","9":"product_tag-messerschmitt-kr-200-super","10":"product_tag-kawasaki-a1ss-samurai","11":"product_tag-vw-k-70","12":"product_tag-schloss-und-schluessel","13":"product_tag-messerschmitt-kabinenroller","14":"product_tag-ford-model-t","15":"product_tag-neander","17":"first","18":"instock","19":"shipping-taxable","20":"purchasable","21":"product-type-simple"},"_links":{"self":[{"href":"https:\/\/motorrad-erinnerungen.de\/shop\/wp-json\/wp\/v2\/product\/13291","targetHints":{"allow":["GET"]}}],"collection":[{"href":"https:\/\/motorrad-erinnerungen.de\/shop\/wp-json\/wp\/v2\/product"}],"about":[{"href":"https:\/\/motorrad-erinnerungen.de\/shop\/wp-json\/wp\/v2\/types\/product"}],"wp:featuredmedia":[{"embeddable":true,"href":"https:\/\/motorrad-erinnerungen.de\/shop\/wp-json\/wp\/v2\/media\/13303"}],"wp:attachment":[{"href":"https:\/\/motorrad-erinnerungen.de\/shop\/wp-json\/wp\/v2\/media?parent=13291"}],"wp:term":[{"taxonomy":"product_brand","embeddable":true,"href":"https:\/\/motorrad-erinnerungen.de\/shop\/wp-json\/wp\/v2\/product_brand?post=13291"},{"taxonomy":"product_cat","embeddable":true,"href":"https:\/\/motorrad-erinnerungen.de\/shop\/wp-json\/wp\/v2\/product_cat?post=13291"},{"taxonomy":"product_tag","embeddable":true,"href":"https:\/\/motorrad-erinnerungen.de\/shop\/wp-json\/wp\/v2\/product_tag?post=13291"}],"curies":[{"name":"wp","href":"https:\/\/api.w.org\/{rel}","templated":true}]}}