{"id":13320,"date":"2026-01-11T16:20:26","date_gmt":"2026-01-11T15:20:26","guid":{"rendered":"https:\/\/motorrad-erinnerungen.de\/shop\/produkt\/oldtimer-praxis-04-2007-giulia-kombi-vespa-150\/"},"modified":"2026-01-11T16:51:19","modified_gmt":"2026-01-11T15:51:19","slug":"oldtimer-praxis-04-2007-giulia-kombi-vespa-150","status":"publish","type":"product","link":"https:\/\/motorrad-erinnerungen.de\/shop\/produkt\/oldtimer-praxis-04-2007-giulia-kombi-vespa-150\/","title":{"rendered":"Oldtimer Praxis 04\/2007 \u2013 Alfa Romeo Giulia Kombi; Vespa 150 T4; Puch 250 TF"},"content":{"rendered":"<p>Ein St\u00fcck Zeitgeschichte f\u00fcr Fans klassischer Technik: die <strong>Oldtimer Praxis 04\/2007<\/strong><\/p>\n<h2>\ud83d\udccc Titelthema dieser Ausgabe<\/h2>\n<ul>\n<li><strong>Alfa Romeo Giulia Kombi<\/strong> \u2013 Alfas Eiltransporter<\/li>\n<\/ul>\n<h2>\ud83c\udfcd\ufe0f Motorr\u00e4der &amp; Zweir\u00e4der in dieser Ausgabe<\/h2>\n<ul>\n<li><strong>Vespa 150 T4<\/strong> \u2013 Ein Schrauber berichtet von seinen Erfahrungen mit der zeitlos eleganten Wespe<\/li>\n<li><strong>Puch 250 TF<\/strong> \u2013 Die eigene Jugend wurde hier wieder zur\u00fcckgeholt.<\/li>\n<\/ul>\n<h2>\ud83d\ude97 Weitere Oldtimer-Themen<\/h2>\n<ul>\n<li><strong>Rover P6 3500<\/strong> \u2013 Jede Menge Potential: Wie ein Rover P6 restauriert und f\u00fcr die Rallyepiste optimiert wurde<\/li>\n<li><strong>Wartburg 311 Bellevue<\/strong> \u2013 Wiedergeburt eines Einzelst\u00fccks<\/li>\n<li><strong>Mercedes 170<\/strong> \u2013 Erfolgsmodell von Mercedes: Die Rettung eines Ur-170 von 1932<\/li>\n<li><strong>VW Bus Draisine<\/strong> \u2013 In eingefahrenen Bahnen: VW Bulli Draisine<\/li>\n<li><strong>Zylinderk\u00f6pfe \u00fcberholen<\/strong> \u2013 Nicht nur ein Fall f\u00fcr Profis: Zylinderk\u00f6pfe selbst \u00fcberholen<\/li>\n<\/ul>\n<h2>\ud83d\udca1 Tipp<\/h2>\n<ul>\n<li>Eine Oldtimer-Zeitschrift kann auch eine willkommene \u00dcberraschung sein, f\u00fcr Liebhaber klassischer Autos und Motorr\u00e4der \u2013 zum Verschenken von Erinnerungen und Tr\u00e4umen.<\/li>\n<\/ul>\n<h2>\ud83d\udce6 Versand &amp; Service<\/h2>\n<ul>\n<li>Kostenloser Versand in Deutschland, Auslandsversand f\u00fcr eine geringe Pauschale<\/li>\n<li>Erfahrung aus weit \u00fcber 30.000 erfolgreichen Sendungen<\/li>\n<li>Ihre Zeitschrift wird sicher und liebevoll verpackt<\/li>\n<\/ul>\n<h2>\ud83c\udf0d Zustand der Zeitschrift<\/h2>\n<ul>\n<li>Gebraucht, weil gelesen, durchgebl\u00e4ttert, gestapelt, alles original \ud83d\ude09<\/li>\n<\/ul>\n","protected":false},"excerpt":{"rendered":"<p>Hier wird noch selbst geschraubt: Oldtimer Praxis liefert das n\u00f6tige Wissen f\u00fcr die Garage. Von der Wartung bis zur Komplettrestaurierung \u2013 echte Hilfe f\u00fcr alle, die ihre Klassiker auf der Stra\u00dfe halten wollen.<\/p>\n","protected":false},"featured_media":13333,"template":"","meta":{"iawp_total_views":0},"product_brand":[],"product_cat":[10216],"product_tag":[11427,11483,11484,11485,10974,11422,11423,11424],"class_list":{"0":"post-13320","1":"product","2":"type-product","3":"status-publish","4":"has-post-thumbnail","6":"product_cat-oldtimer-praxis","7":"product_tag-vw-bulli-draisine","8":"product_tag-alfa-romeo-giulia-kombi","9":"product_tag-wartburg-311-bellevue","10":"product_tag-vespa-150-t4","11":"product_tag-puch-250-tf","12":"product_tag-zylinderkopf","13":"product_tag-mercedes-170","14":"product_tag-rover-p6-3500","16":"first","17":"instock","18":"shipping-taxable","19":"purchasable","20":"product-type-simple"},"_links":{"self":[{"href":"https:\/\/motorrad-erinnerungen.de\/shop\/wp-json\/wp\/v2\/product\/13320","targetHints":{"allow":["GET"]}}],"collection":[{"href":"https:\/\/motorrad-erinnerungen.de\/shop\/wp-json\/wp\/v2\/product"}],"about":[{"href":"https:\/\/motorrad-erinnerungen.de\/shop\/wp-json\/wp\/v2\/types\/product"}],"wp:featuredmedia":[{"embeddable":true,"href":"https:\/\/motorrad-erinnerungen.de\/shop\/wp-json\/wp\/v2\/media\/13333"}],"wp:attachment":[{"href":"https:\/\/motorrad-erinnerungen.de\/shop\/wp-json\/wp\/v2\/media?parent=13320"}],"wp:term":[{"taxonomy":"product_brand","embeddable":true,"href":"https:\/\/motorrad-erinnerungen.de\/shop\/wp-json\/wp\/v2\/product_brand?post=13320"},{"taxonomy":"product_cat","embeddable":true,"href":"https:\/\/motorrad-erinnerungen.de\/shop\/wp-json\/wp\/v2\/product_cat?post=13320"},{"taxonomy":"product_tag","embeddable":true,"href":"https:\/\/motorrad-erinnerungen.de\/shop\/wp-json\/wp\/v2\/product_tag?post=13320"}],"curies":[{"name":"wp","href":"https:\/\/api.w.org\/{rel}","templated":true}]}}