{"id":13322,"date":"2026-01-11T16:20:26","date_gmt":"2026-01-11T15:20:26","guid":{"rendered":"https:\/\/motorrad-erinnerungen.de\/shop\/produkt\/oldtimer-praxis-06-2007-triumph-tr4-a-honda-cb-550-four-dkw-sb-250-a\/"},"modified":"2026-01-11T17:05:38","modified_gmt":"2026-01-11T16:05:38","slug":"oldtimer-praxis-06-2007-triumph-tr4-a-honda-cb-550-four-dkw-sb-250-a","status":"publish","type":"product","link":"https:\/\/motorrad-erinnerungen.de\/shop\/produkt\/oldtimer-praxis-06-2007-triumph-tr4-a-honda-cb-550-four-dkw-sb-250-a\/","title":{"rendered":"Oldtimer Praxis 06\/2007 \u2013 Triumph TR4 A; Honda CB 550 Four; DKW SB 250 A"},"content":{"rendered":"<p>Ein St\u00fcck Zeitgeschichte f\u00fcr Fans klassischer Technik: die <strong>Oldtimer Praxis 06\/2007<\/strong><\/p>\n<h2>\ud83d\udccc Titelthema dieser Ausgabe<\/h2>\n<ul>\n<li><strong>Triumph TR4 A<\/strong> \u2013 Ab in den Sommer!<\/li>\n<\/ul>\n<h2>\ud83c\udfcd\ufe0f Motorr\u00e4der &amp; Zweir\u00e4der in dieser Ausgabe<\/h2>\n<ul>\n<li><strong>Honda CB 550 Four<\/strong> \u2013 Zu Besuch in der Werkstatt eines Fans: Mal toporiginal, mal auf Sport getrimmt<\/li>\n<li><strong>DKW SB 250 A<\/strong> \u2013 Seit 1937 in Familienbesitz<\/li>\n<\/ul>\n<h2>\ud83d\ude97 Weitere Oldtimer-Themen<\/h2>\n<ul>\n<li><strong>Volvo 240 Turbo<\/strong> \u2013 Wenn Schwedenstahl das Fliegen lernt: Die Rettung eines originalen 1985er DTM-Volvo<\/li>\n<li><strong>Albl Ph\u00f6nix 1902<\/strong> \u2013 Werkstatterfahrungen<\/li>\n<li><strong>Heinkel Kabine<\/strong> \u2013 Werkstatterfahrungen (Microcar)<\/li>\n<li><strong>Chevy Corvair Rampside<\/strong> \u2013 Auf Tour mit einem skurrilen Transporter<\/li>\n<li><strong>Risspr\u00fcfung<\/strong> \u2013 Tipps und Technik: Bremsen optimieren \/ Risspr\u00fcfung<\/li>\n<\/ul>\n<h2>\ud83d\udca1 Tipp<\/h2>\n<ul>\n<li>Eine Oldtimer-Zeitschrift kann auch eine willkommene \u00dcberraschung sein, f\u00fcr Liebhaber klassischer Autos und Motorr\u00e4der \u2013 zum Verschenken von Erinnerungen und Tr\u00e4umen.<\/li>\n<\/ul>\n<h2>\ud83d\udce6 Versand &amp; Service<\/h2>\n<ul>\n<li>Kostenloser Versand in Deutschland, Auslandsversand f\u00fcr eine geringe Pauschale<\/li>\n<li>Erfahrung aus weit \u00fcber 30.000 erfolgreichen Sendungen<\/li>\n<li>Ihre Zeitschrift wird sicher und liebevoll verpackt<\/li>\n<\/ul>\n<h2>\ud83c\udf0d Zustand der Zeitschrift<\/h2>\n<ul>\n<li>Gebraucht, weil gelesen, durchgebl\u00e4ttert, gestapelt, alles original \ud83d\ude09<\/li>\n<\/ul>\n","protected":false},"excerpt":{"rendered":"<p>Hier wird noch selbst geschraubt: Oldtimer Praxis liefert das n\u00f6tige Wissen f\u00fcr die Garage. Von der Wartung bis zur Komplettrestaurierung \u2013 echte Hilfe f\u00fcr alle, die ihre Klassiker auf der Stra\u00dfe halten wollen.<\/p>\n","protected":false},"featured_media":13335,"template":"","meta":{"iawp_total_views":1},"product_brand":[],"product_cat":[10216],"product_tag":[11440,11441,11442,7798,11436,11437,11438,11439],"class_list":{"0":"post-13322","1":"product","2":"type-product","3":"status-publish","4":"has-post-thumbnail","6":"product_cat-oldtimer-praxis","7":"product_tag-dkw-sb-250-a","8":"product_tag-volvo-240-turbo","9":"product_tag-albl-phoenix","10":"product_tag-honda-cb-550-four","11":"product_tag-chevy-corvair-rampside","12":"product_tag-risspruefung","13":"product_tag-heinkel-kabine","14":"product_tag-triumph-tr4","16":"first","17":"instock","18":"shipping-taxable","19":"purchasable","20":"product-type-simple"},"_links":{"self":[{"href":"https:\/\/motorrad-erinnerungen.de\/shop\/wp-json\/wp\/v2\/product\/13322","targetHints":{"allow":["GET"]}}],"collection":[{"href":"https:\/\/motorrad-erinnerungen.de\/shop\/wp-json\/wp\/v2\/product"}],"about":[{"href":"https:\/\/motorrad-erinnerungen.de\/shop\/wp-json\/wp\/v2\/types\/product"}],"wp:featuredmedia":[{"embeddable":true,"href":"https:\/\/motorrad-erinnerungen.de\/shop\/wp-json\/wp\/v2\/media\/13335"}],"wp:attachment":[{"href":"https:\/\/motorrad-erinnerungen.de\/shop\/wp-json\/wp\/v2\/media?parent=13322"}],"wp:term":[{"taxonomy":"product_brand","embeddable":true,"href":"https:\/\/motorrad-erinnerungen.de\/shop\/wp-json\/wp\/v2\/product_brand?post=13322"},{"taxonomy":"product_cat","embeddable":true,"href":"https:\/\/motorrad-erinnerungen.de\/shop\/wp-json\/wp\/v2\/product_cat?post=13322"},{"taxonomy":"product_tag","embeddable":true,"href":"https:\/\/motorrad-erinnerungen.de\/shop\/wp-json\/wp\/v2\/product_tag?post=13322"}],"curies":[{"name":"wp","href":"https:\/\/api.w.org\/{rel}","templated":true}]}}