{"id":13326,"date":"2026-01-11T16:21:01","date_gmt":"2026-01-11T15:21:01","guid":{"rendered":"https:\/\/motorrad-erinnerungen.de\/shop\/produkt\/oldtimer-praxis-09-2007-vw-1303-s-muench-4-tts-e-moto-morini-3-1-2-sport\/"},"modified":"2026-01-27T21:15:32","modified_gmt":"2026-01-27T20:15:32","slug":"oldtimer-praxis-09-2007-vw-1303-s-muench-4-tts-e-moto-morini-3-1-2-sport","status":"publish","type":"product","link":"https:\/\/motorrad-erinnerungen.de\/shop\/produkt\/oldtimer-praxis-09-2007-vw-1303-s-muench-4-tts-e-moto-morini-3-1-2-sport\/","title":{"rendered":"Oldtimer Praxis 09\/2007 \u2013 VW 1303 S; M\u00fcnch 4 TTS-E; Moto Morini 3 1\/2 Sport"},"content":{"rendered":"<p>Ein St\u00fcck Zeitgeschichte f\u00fcr Fans klassischer Technik: die <strong>Oldtimer Praxis 09\/2007<\/strong><\/p>\n<h2>\ud83d\udccc Titelthema dieser Ausgabe<\/h2>\n<ul>\n<li><strong>VW 1303 S<\/strong> \u2013 Der gelb-schwarze Renner<\/li>\n<\/ul>\n<h2>\ud83c\udfcd\ufe0f Motorr\u00e4der &amp; Zweir\u00e4der in dieser Ausgabe<\/h2>\n<ul>\n<li><strong>M\u00fcnch 4 TTS-E<\/strong> \u2013 In erster Hand: Von dreieinhalb Jahrzehnten und 70.000 Kilometern mit dem legend\u00e4ren Mammut<\/li>\n<li><strong>Moto Morini 3 1\/2 Sport<\/strong> \u2013 Sch\u00f6n, schlank, schnell<\/li>\n<\/ul>\n<h2>\ud83d\ude97 Weitere Oldtimer-Themen<\/h2>\n<ul>\n<li><strong>Ford P5 Turnier<\/strong> \u2013 Selten \u2013 und in Bestform!<\/li>\n<li><strong>Buick 8\/90L<\/strong> \u2013 Das gr\u00f6\u00dfte Problem waren die S\u00fcnden der Vorbesitzer<\/li>\n<li><strong>Fiat 124 Spider<\/strong> \u2013 Ein echter Kenner erz\u00e4hlt von seinen Erfahrungen<\/li>\n<li><strong>Vergaser einstellen<\/strong> \u2013 Die Lambdasonde hilft: Vergaser perfekt einstellen!<\/li>\n<\/ul>\n<h2>\ud83d\udca1 Tipp<\/h2>\n<ul>\n<li>Eine Oldtimer-Zeitschrift kann auch eine willkommene \u00dcberraschung sein, f\u00fcr Liebhaber klassischer Autos und Motorr\u00e4der \u2013 zum Verschenken von Erinnerungen und Tr\u00e4umen.<\/li>\n<\/ul>\n<h2>\ud83d\udce6 Versand &amp; Service<\/h2>\n<ul>\n<li>Kostenloser Versand in Deutschland, Auslandsversand f\u00fcr eine geringe Pauschale<\/li>\n<li>Erfahrung aus weit \u00fcber 30.000 erfolgreichen Sendungen<\/li>\n<li>Ihre Zeitschrift wird sicher und liebevoll verpackt<\/li>\n<\/ul>\n<h2>\ud83c\udf0d Zustand der Zeitschrift<\/h2>\n<ul>\n<li>Gebraucht, weil gelesen, durchgebl\u00e4ttert, gestapelt, alles original \ud83d\ude09<\/li>\n<\/ul>\n","protected":false},"excerpt":{"rendered":"<p>Hier wird noch selbst geschraubt: Oldtimer Praxis liefert das n\u00f6tige Wissen f\u00fcr die Garage. Von der Wartung bis zur Komplettrestaurierung \u2013 echte Hilfe f\u00fcr alle, die ihre Klassiker auf der Stra\u00dfe halten wollen.<\/p>\n","protected":false},"featured_media":13338,"template":"","meta":{"iawp_total_views":1},"product_brand":[],"product_cat":[10216],"product_tag":[11455,11456,11457,11458,11459,1708,6892,11454],"class_list":{"0":"post-13326","1":"product","2":"type-product","3":"status-publish","4":"has-post-thumbnail","6":"product_cat-oldtimer-praxis","7":"product_tag-kaefer-gsr","8":"product_tag-vergaser","9":"product_tag-vw-1303-s","10":"product_tag-buick-8-90l","11":"product_tag-ford-p5-turnier","12":"product_tag-muench-mammut","13":"product_tag-moto-morini","14":"product_tag-fiat-124-spider","16":"first","17":"instock","18":"shipping-taxable","19":"purchasable","20":"product-type-simple"},"_links":{"self":[{"href":"https:\/\/motorrad-erinnerungen.de\/shop\/wp-json\/wp\/v2\/product\/13326","targetHints":{"allow":["GET"]}}],"collection":[{"href":"https:\/\/motorrad-erinnerungen.de\/shop\/wp-json\/wp\/v2\/product"}],"about":[{"href":"https:\/\/motorrad-erinnerungen.de\/shop\/wp-json\/wp\/v2\/types\/product"}],"wp:featuredmedia":[{"embeddable":true,"href":"https:\/\/motorrad-erinnerungen.de\/shop\/wp-json\/wp\/v2\/media\/13338"}],"wp:attachment":[{"href":"https:\/\/motorrad-erinnerungen.de\/shop\/wp-json\/wp\/v2\/media?parent=13326"}],"wp:term":[{"taxonomy":"product_brand","embeddable":true,"href":"https:\/\/motorrad-erinnerungen.de\/shop\/wp-json\/wp\/v2\/product_brand?post=13326"},{"taxonomy":"product_cat","embeddable":true,"href":"https:\/\/motorrad-erinnerungen.de\/shop\/wp-json\/wp\/v2\/product_cat?post=13326"},{"taxonomy":"product_tag","embeddable":true,"href":"https:\/\/motorrad-erinnerungen.de\/shop\/wp-json\/wp\/v2\/product_tag?post=13326"}],"curies":[{"name":"wp","href":"https:\/\/api.w.org\/{rel}","templated":true}]}}