{"id":13327,"date":"2026-01-11T16:21:01","date_gmt":"2026-01-11T15:21:01","guid":{"rendered":"https:\/\/motorrad-erinnerungen.de\/shop\/produkt\/oldtimer-praxis-10-2007-alpine-a-310-adac-strassenwachtgespann-yamaha-tr1\/"},"modified":"2026-01-11T17:31:59","modified_gmt":"2026-01-11T16:31:59","slug":"oldtimer-praxis-10-2007-alpine-a-310-adac-strassenwachtgespann-yamaha-tr1","status":"publish","type":"product","link":"https:\/\/motorrad-erinnerungen.de\/shop\/produkt\/oldtimer-praxis-10-2007-alpine-a-310-adac-strassenwachtgespann-yamaha-tr1\/","title":{"rendered":"Oldtimer Praxis 10\/2007 \u2013 Renault Alpine A 310; ADAC-Stra\u00dfenwachtgespann; Yamaha TR1"},"content":{"rendered":"<p>Ein St\u00fcck Zeitgeschichte f\u00fcr Fans klassischer Technik: die <strong>Oldtimer Praxis 10\/2007<\/strong><\/p>\n<h2>\ud83d\udccc Titelthema dieser Ausgabe<\/h2>\n<ul>\n<li><strong>Renault Alpine A 310<\/strong> \u2013 Der untersch\u00e4tzte Sportler<\/li>\n<\/ul>\n<h2>\ud83c\udfcd\ufe0f Motorr\u00e4der &amp; Zweir\u00e4der in dieser Ausgabe<\/h2>\n<ul>\n<li><strong>ADAC-Stra\u00dfenwachtgespann<\/strong> \u2013 Mit gro\u00dfem Aufwand restauriert, mit unglaublicher Detailliebe komplettiert!<\/li>\n<li><strong>Yamaha TR1<\/strong> \u2013 An der Klassiker-Schwelle<\/li>\n<\/ul>\n<h2>\ud83d\ude97 Weitere Oldtimer-Themen<\/h2>\n<ul>\n<li><strong>Mercedes 300 SEL 6.3<\/strong> \u2013 Weil einfach nix \u00fcber Hubraum geht: Die Lebensgeschichte eines 6.3 in Erstbesitz<\/li>\n<li><strong>Moskwitsch 2140<\/strong> \u2013 Real existierender Automobilismus<\/li>\n<li><strong>Opel 2 Tonnen<\/strong> \u2013 Auf Liefertour mit einem 80-j\u00e4hrigen Leicht-Lkw<\/li>\n<li><strong>Strahlen<\/strong> \u2013 Von Sand bis Trockeneis: Strahlen \u2013 aber richtig!<\/li>\n<\/ul>\n<h2>\ud83d\udca1 Tipp<\/h2>\n<ul>\n<li>Eine Oldtimer-Zeitschrift kann auch eine willkommene \u00dcberraschung sein, f\u00fcr Liebhaber klassischer Autos und Motorr\u00e4der \u2013 zum Verschenken von Erinnerungen und Tr\u00e4umen.<\/li>\n<\/ul>\n<h2>\ud83d\udce6 Versand &amp; Service<\/h2>\n<ul>\n<li>Kostenloser Versand in Deutschland, Auslandsversand f\u00fcr eine geringe Pauschale<\/li>\n<li>Erfahrung aus weit \u00fcber 30.000 erfolgreichen Sendungen<\/li>\n<li>Ihre Zeitschrift wird sicher und liebevoll verpackt<\/li>\n<\/ul>\n<h2>\ud83c\udf0d Zustand der Zeitschrift<\/h2>\n<ul>\n<li>Gebraucht, weil gelesen, durchgebl\u00e4ttert, gestapelt, alles original \ud83d\ude09<\/li>\n<\/ul>\n","protected":false},"excerpt":{"rendered":"<p>Hier wird noch selbst geschraubt: Oldtimer Praxis liefert das n\u00f6tige Wissen f\u00fcr die Garage. Von der Wartung bis zur Komplettrestaurierung \u2013 echte Hilfe f\u00fcr alle, die ihre Klassiker auf der Stra\u00dfe halten wollen.<\/p>\n","protected":false},"featured_media":13339,"template":"","meta":{"iawp_total_views":1},"product_brand":[],"product_cat":[10216],"product_tag":[11465,11466,3504,10813,11460,11461,11463,11464],"class_list":{"0":"post-13327","1":"product","2":"type-product","3":"status-publish","4":"has-post-thumbnail","6":"product_cat-oldtimer-praxis","7":"product_tag-moskwitsch-2140","8":"product_tag-opel-lkw","9":"product_tag-yamaha-tr1","10":"product_tag-renault-alpine-a-310","11":"product_tag-sandstrahlen","12":"product_tag-adac-gespann","13":"product_tag-mercedes-300-sel-6-3","14":"product_tag-strahlen","16":"first","17":"instock","18":"shipping-taxable","19":"purchasable","20":"product-type-simple"},"_links":{"self":[{"href":"https:\/\/motorrad-erinnerungen.de\/shop\/wp-json\/wp\/v2\/product\/13327","targetHints":{"allow":["GET"]}}],"collection":[{"href":"https:\/\/motorrad-erinnerungen.de\/shop\/wp-json\/wp\/v2\/product"}],"about":[{"href":"https:\/\/motorrad-erinnerungen.de\/shop\/wp-json\/wp\/v2\/types\/product"}],"wp:featuredmedia":[{"embeddable":true,"href":"https:\/\/motorrad-erinnerungen.de\/shop\/wp-json\/wp\/v2\/media\/13339"}],"wp:attachment":[{"href":"https:\/\/motorrad-erinnerungen.de\/shop\/wp-json\/wp\/v2\/media?parent=13327"}],"wp:term":[{"taxonomy":"product_brand","embeddable":true,"href":"https:\/\/motorrad-erinnerungen.de\/shop\/wp-json\/wp\/v2\/product_brand?post=13327"},{"taxonomy":"product_cat","embeddable":true,"href":"https:\/\/motorrad-erinnerungen.de\/shop\/wp-json\/wp\/v2\/product_cat?post=13327"},{"taxonomy":"product_tag","embeddable":true,"href":"https:\/\/motorrad-erinnerungen.de\/shop\/wp-json\/wp\/v2\/product_tag?post=13327"}],"curies":[{"name":"wp","href":"https:\/\/api.w.org\/{rel}","templated":true}]}}