{"id":13352,"date":"2026-01-11T18:17:10","date_gmt":"2026-01-11T17:17:10","guid":{"rendered":"https:\/\/motorrad-erinnerungen.de\/shop\/produkt\/oldtimer-praxis-01-2008-bmw-isetta-yamaha-tx-750\/"},"modified":"2026-01-11T18:29:06","modified_gmt":"2026-01-11T17:29:06","slug":"oldtimer-praxis-01-2008-bmw-isetta-yamaha-tx-750","status":"publish","type":"product","link":"https:\/\/motorrad-erinnerungen.de\/shop\/produkt\/oldtimer-praxis-01-2008-bmw-isetta-yamaha-tx-750\/","title":{"rendered":"Oldtimer Praxis 01\/2008 \u2013 BMW Isetta; Yamaha TX 750; Triumph Knirps K III"},"content":{"rendered":"<p>Ein St\u00fcck Zeitgeschichte f\u00fcr Fans klassischer Technik: die <strong>Oldtimer Praxis 01\/2008<\/strong><\/p>\n<h2>\ud83d\udccc Titelthema dieser Ausgabe<\/h2>\n<ul>\n<li><strong>BMW Isetta<\/strong> \u2013 Die ewig junge Knutschkugel<\/li>\n<\/ul>\n<h2>\ud83c\udfcd\ufe0f Motorr\u00e4der &amp; Zweir\u00e4der in dieser Ausgabe<\/h2>\n<ul>\n<li><strong>Yamaha TX 750<\/strong> \u2013 Die feine englische Art? Ein Fan verr\u00e4t, welche T\u00fccken der urige Twin tats\u00e4chlich birgt<\/li>\n<li><strong>Triumph Knirps K III<\/strong> \u2013 Die feine englische Art? Ein Fan verr\u00e4t, welche T\u00fccken der urige Twin tats\u00e4chlich birgt<\/li>\n<li><\/li>\n<\/ul>\n<h2>\ud83d\ude97 Weitere Oldtimer-Themen<\/h2>\n<ul>\n<li><strong>VW Bulli -3-Doka<\/strong> \u2013 Kultobjekt: Kommunalorangenes Arbeitstier im Bestzustand<\/li>\n<li><strong>Wanderer W21<\/strong> \u2013 Qualit\u00e4t aus Sachsen: Gehobene Mittelklasse anno &#8217;34<\/li>\n<li><strong>MG B GT<\/strong> \u2013 25 Jahre, 450.000 Kilometer: Die Auto-Biographie<\/li>\n<li><strong>Autoglas<\/strong> \u2013 Voller Durchblick: Alles \u00fcber Autoglas<\/li>\n<li><strong>Motoren sezieren<\/strong> \u2013 \u00d6ffnen, sichten, beurteilen: Motoren selbst seziert<\/li>\n<\/ul>\n<h2>\ud83d\udca1 Tipp<\/h2>\n<ul>\n<li>Eine Oldtimer-Zeitschrift kann auch eine willkommene \u00dcberraschung sein, f\u00fcr Liebhaber klassischer Autos und Motorr\u00e4der \u2013 zum Verschenken von Erinnerungen und Tr\u00e4umen.<\/li>\n<\/ul>\n<h2>\ud83d\udce6 Versand &amp; Service<\/h2>\n<ul>\n<li>Kostenloser Versand in Deutschland, Auslandsversand f\u00fcr eine geringe Pauschale<\/li>\n<li>Erfahrung aus weit \u00fcber 30.000 erfolgreichen Sendungen<\/li>\n<li>Ihre Zeitschrift wird sicher und liebevoll verpackt<\/li>\n<\/ul>\n<h2>\ud83c\udf0d Zustand der Zeitschrift<\/h2>\n<ul>\n<li>Gebraucht, weil gelesen, durchgebl\u00e4ttert, gestapelt, alles original \ud83d\ude09<\/li>\n<\/ul>\n","protected":false},"excerpt":{"rendered":"<p>Hier wird noch selbst geschraubt: Oldtimer Praxis liefert das n\u00f6tige Wissen f\u00fcr die Garage. Von der Wartung bis zur Komplettrestaurierung \u2013 echte Hilfe f\u00fcr alle, die ihre Klassiker auf der Stra\u00dfe halten wollen.<\/p>\n","protected":false},"featured_media":13365,"template":"","meta":{"iawp_total_views":0},"product_brand":[],"product_cat":[10216],"product_tag":[11497,11499,11500,11501,11502,11570,11571,439,11169],"class_list":{"0":"post-13352","1":"product","2":"type-product","3":"status-publish","4":"has-post-thumbnail","6":"product_cat-oldtimer-praxis","7":"product_tag-wanderer-w21","8":"product_tag-motoren","9":"product_tag-autoglas","10":"product_tag-bmw-isetta","11":"product_tag-vw-doka","12":"product_tag-triumph-knirps-k-iii","13":"product_tag-vw-bulli-3-doka","14":"product_tag-yamaha-tx-750","15":"product_tag-mg-b-gt","17":"first","18":"instock","19":"shipping-taxable","20":"purchasable","21":"product-type-simple"},"_links":{"self":[{"href":"https:\/\/motorrad-erinnerungen.de\/shop\/wp-json\/wp\/v2\/product\/13352","targetHints":{"allow":["GET"]}}],"collection":[{"href":"https:\/\/motorrad-erinnerungen.de\/shop\/wp-json\/wp\/v2\/product"}],"about":[{"href":"https:\/\/motorrad-erinnerungen.de\/shop\/wp-json\/wp\/v2\/types\/product"}],"wp:featuredmedia":[{"embeddable":true,"href":"https:\/\/motorrad-erinnerungen.de\/shop\/wp-json\/wp\/v2\/media\/13365"}],"wp:attachment":[{"href":"https:\/\/motorrad-erinnerungen.de\/shop\/wp-json\/wp\/v2\/media?parent=13352"}],"wp:term":[{"taxonomy":"product_brand","embeddable":true,"href":"https:\/\/motorrad-erinnerungen.de\/shop\/wp-json\/wp\/v2\/product_brand?post=13352"},{"taxonomy":"product_cat","embeddable":true,"href":"https:\/\/motorrad-erinnerungen.de\/shop\/wp-json\/wp\/v2\/product_cat?post=13352"},{"taxonomy":"product_tag","embeddable":true,"href":"https:\/\/motorrad-erinnerungen.de\/shop\/wp-json\/wp\/v2\/product_tag?post=13352"}],"curies":[{"name":"wp","href":"https:\/\/api.w.org\/{rel}","templated":true}]}}