{"id":13357,"date":"2026-01-11T18:17:11","date_gmt":"2026-01-11T17:17:11","guid":{"rendered":"https:\/\/motorrad-erinnerungen.de\/shop\/produkt\/oldtimer-praxis-06-2008-healey-sprite-laverda-dreizylinder-mz-zweitakter\/"},"modified":"2026-01-11T22:33:57","modified_gmt":"2026-01-11T21:33:57","slug":"oldtimer-praxis-06-2008-healey-sprite-laverda-dreizylinder-mz-zweitakter","status":"publish","type":"product","link":"https:\/\/motorrad-erinnerungen.de\/shop\/produkt\/oldtimer-praxis-06-2008-healey-sprite-laverda-dreizylinder-mz-zweitakter\/","title":{"rendered":"Oldtimer Praxis 06\/2008 \u2013 Healey Sprite; Laverda 1000; Tornax II-29; MZ-Zweitakter"},"content":{"rendered":"<p>Ein St\u00fcck Zeitgeschichte f\u00fcr Fans klassischer Technik: die <strong>Oldtimer Praxis 06\/2008<\/strong><\/p>\n<h2>\ud83d\udccc Titelthema dieser Ausgabe<\/h2>\n<ul>\n<li><strong>Healey Sprite<\/strong> \u2013 Kleiner Knallfrosch<\/li>\n<\/ul>\n<h2>\ud83c\udfcd\ufe0f Motorr\u00e4der &amp; Zweir\u00e4der in dieser Ausgabe<\/h2>\n<ul>\n<li><strong>Laverda 1000<\/strong> \u2013 Mit \u00fcberschaubarem Aufwand fit gemacht: Wiederbelebung<\/li>\n<li><b>Tornax II-29 <\/b>\u2013 als Bausatz f\u00fcr Fortgeschrittene<\/li>\n<li><strong>MZ-Zweitakter<\/strong> \u2013 Seziert: Der 250-Kubik-MZ-Zweitakter und seine Macken<\/li>\n<\/ul>\n<h2>\ud83d\ude97 Weitere Oldtimer-Themen<\/h2>\n<ul>\n<li><strong>Mercedes 280 S<\/strong> \u2013 Fahrtenbuch: Die Bilanz von 100.000 Kilometern im Alltag<\/li>\n<li><strong>Toyota Land Cruiser<\/strong> \u2013 Der Unverw\u00fcstliche: Restaurierungs-Erfahrungen<\/li>\n<li><strong>American LaFrance Speedster<\/strong> \u2013 Sechs Zylinder, 14,5 Liter Hubraum: Das Abenteuer hat einen Namen<\/li>\n<li><strong>VW Passat GLS Variant<\/strong> \u2013 Kein Rostver\u00e4chter<\/li>\n<li><strong>Mazda RX-7<\/strong> \u2013 hat das Wankelcoup\u00e9 T\u00fccken?<\/li>\n<li><\/li>\n<li><strong>Lager<\/strong> \u2013 Grundkurs Lager: Alles \u00fcber Kugel, Rolle &amp; Co.<\/li>\n<li><strong>Lackiervorbereitung<\/strong> \u2013 Tipps und Technik: Wie Sie richtig spachteln!<\/li>\n<\/ul>\n<h2>\ud83d\udca1 Tipp<\/h2>\n<ul>\n<li>Eine Oldtimer-Zeitschrift kann auch eine willkommene \u00dcberraschung sein, f\u00fcr Liebhaber klassischer Autos und Motorr\u00e4der \u2013 zum Verschenken von Erinnerungen und Tr\u00e4umen.<\/li>\n<\/ul>\n<h2>\ud83d\udce6 Versand &amp; Service<\/h2>\n<ul>\n<li>Kostenloser Versand in Deutschland, Auslandsversand f\u00fcr eine geringe Pauschale<\/li>\n<li>Erfahrung aus weit \u00fcber 30.000 erfolgreichen Sendungen<\/li>\n<li>Ihre Zeitschrift wird sicher und liebevoll verpackt<\/li>\n<\/ul>\n<h2>\ud83c\udf0d Zustand der Zeitschrift<\/h2>\n<ul>\n<li>Gebraucht, weil gelesen, durchgebl\u00e4ttert, gestapelt, alles original \ud83d\ude09<\/li>\n<\/ul>\n","protected":false},"excerpt":{"rendered":"<p>Hier wird noch selbst geschraubt: Oldtimer Praxis liefert das n\u00f6tige Wissen f\u00fcr die Garage. Von der Wartung bis zur Komplettrestaurierung \u2013 echte Hilfe f\u00fcr alle, die ihre Klassiker auf der Stra\u00dfe halten wollen.<\/p>\n","protected":false},"featured_media":13370,"template":"","meta":{"iawp_total_views":0},"product_brand":[],"product_cat":[10216],"product_tag":[11191,11519,11520,11521,11522,11523,11579,11580,376,11581,8575,11582],"class_list":{"0":"post-13357","1":"product","2":"type-product","3":"status-publish","4":"has-post-thumbnail","6":"product_cat-oldtimer-praxis","7":"product_tag-austin-healey-sprite","8":"product_tag-mercedes-280-s","9":"product_tag-lager","10":"product_tag-froschauge","11":"product_tag-spachteln","12":"product_tag-toyota-land-cruiser","13":"product_tag-vw-passat-gls-variant","14":"product_tag-mazda-rx-7","15":"product_tag-laverda-1000","16":"product_tag-tornax-ii-29","17":"product_tag-mz-250","18":"product_tag-american-lafrance-speedster","20":"first","21":"instock","22":"shipping-taxable","23":"purchasable","24":"product-type-simple"},"_links":{"self":[{"href":"https:\/\/motorrad-erinnerungen.de\/shop\/wp-json\/wp\/v2\/product\/13357","targetHints":{"allow":["GET"]}}],"collection":[{"href":"https:\/\/motorrad-erinnerungen.de\/shop\/wp-json\/wp\/v2\/product"}],"about":[{"href":"https:\/\/motorrad-erinnerungen.de\/shop\/wp-json\/wp\/v2\/types\/product"}],"wp:featuredmedia":[{"embeddable":true,"href":"https:\/\/motorrad-erinnerungen.de\/shop\/wp-json\/wp\/v2\/media\/13370"}],"wp:attachment":[{"href":"https:\/\/motorrad-erinnerungen.de\/shop\/wp-json\/wp\/v2\/media?parent=13357"}],"wp:term":[{"taxonomy":"product_brand","embeddable":true,"href":"https:\/\/motorrad-erinnerungen.de\/shop\/wp-json\/wp\/v2\/product_brand?post=13357"},{"taxonomy":"product_cat","embeddable":true,"href":"https:\/\/motorrad-erinnerungen.de\/shop\/wp-json\/wp\/v2\/product_cat?post=13357"},{"taxonomy":"product_tag","embeddable":true,"href":"https:\/\/motorrad-erinnerungen.de\/shop\/wp-json\/wp\/v2\/product_tag?post=13357"}],"curies":[{"name":"wp","href":"https:\/\/api.w.org\/{rel}","templated":true}]}}