{"id":13362,"date":"2026-01-11T18:17:39","date_gmt":"2026-01-11T17:17:39","guid":{"rendered":"https:\/\/motorrad-erinnerungen.de\/shop\/produkt\/oldtimer-praxis-10-2008-citroen-cx-honda-cb-400-four-enfield-einzylinder\/"},"modified":"2026-01-11T23:33:12","modified_gmt":"2026-01-11T22:33:12","slug":"oldtimer-praxis-10-2008-citroen-cx-honda-cb-400-four-enfield-einzylinder","status":"publish","type":"product","link":"https:\/\/motorrad-erinnerungen.de\/shop\/produkt\/oldtimer-praxis-10-2008-citroen-cx-honda-cb-400-four-enfield-einzylinder\/","title":{"rendered":"Oldtimer Praxis 10\/2008 \u2013 Citro\u00ebn CX; Honda CB 400 Four; Moto Guzzi Motocarro Ercolino"},"content":{"rendered":"<p>Ein St\u00fcck Zeitgeschichte f\u00fcr Fans klassischer Technik: die <strong>Oldtimer Praxis 10\/2008<\/strong><\/p>\n<h2>\ud83d\udccc Titelthema dieser Ausgabe<\/h2>\n<ul>\n<li><strong>Citro\u00ebn CX<\/strong> \u2013 Im Gleitflug<\/li>\n<\/ul>\n<h2>\ud83c\udfcd\ufe0f Motorr\u00e4der &amp; Zweir\u00e4der in dieser Ausgabe<\/h2>\n<ul>\n<li><strong>Honda CB 400 Four<\/strong> \u2013 Hei\u00df: Honda CB 400 Four &#8222;Racer&#8220;<\/li>\n<li><strong>Royal Enfield Einzylinder<\/strong> \u2013 Urig: Enfields Einzylinder seziert<\/li>\n<li><strong>Moto Guzzi Motocarro Ercolino<\/strong> \u2013 f\u00fcr den Fall, dass mal Transportbedarf besteht<\/li>\n<\/ul>\n<h2>\ud83d\ude97 Weitere Oldtimer-Themen<\/h2>\n<ul>\n<li><strong>Mercedes W21 Cabriolet B<\/strong> \u2013 Prachtvoll: Wir pr\u00e4sentieren das beeindruckende Ergebnis von 30 Jahren Arbeit<\/li>\n<li><strong>VW-Porsche 914\/4<\/strong> \u2013 Volksporsche im Dauertest: Was der Mittelmotor-Spa\u00df kostet<\/li>\n<li><strong>Ford Taunus P3 Pick-up<\/strong> \u2013 Der einzige in Deutschland! Limousine und Laster in einem<\/li>\n<li><strong>Alfa Romeo Spider<\/strong> \u2013 Youngtimer-Check<\/li>\n<li><strong>Oszilloskop<\/strong> \u2013 Diagnostik: Fehlersuche mit dem Oszilloskop \u2013 so wird&#8217;s gemacht!<\/li>\n<\/ul>\n<h2>\ud83d\udca1 Tipp<\/h2>\n<ul>\n<li>Eine Oldtimer-Zeitschrift kann auch eine willkommene \u00dcberraschung sein, f\u00fcr Liebhaber klassischer Autos und Motorr\u00e4der \u2013 zum Verschenken von Erinnerungen und Tr\u00e4umen.<\/li>\n<\/ul>\n<h2>\ud83d\udce6 Versand &amp; Service<\/h2>\n<ul>\n<li>Kostenloser Versand in Deutschland, Auslandsversand f\u00fcr eine geringe Pauschale<\/li>\n<li>Erfahrung aus weit \u00fcber 30.000 erfolgreichen Sendungen<\/li>\n<li>Ihre Zeitschrift wird sicher und liebevoll verpackt<\/li>\n<\/ul>\n<h2>\ud83c\udf0d Zustand der Zeitschrift<\/h2>\n<ul>\n<li>Gebraucht, weil gelesen, durchgebl\u00e4ttert, gestapelt, alles original \ud83d\ude09<\/li>\n<\/ul>\n","protected":false},"excerpt":{"rendered":"<p>Hier wird noch selbst geschraubt: Oldtimer Praxis liefert das n\u00f6tige Wissen f\u00fcr die Garage. Von der Wartung bis zur Komplettrestaurierung \u2013 echte Hilfe f\u00fcr alle, die ihre Klassiker auf der Stra\u00dfe halten wollen.<\/p>\n","protected":false},"featured_media":13374,"template":"","meta":{"iawp_total_views":1},"product_brand":[],"product_cat":[10216],"product_tag":[11548,11549,11551,11552,11553,11587,11588,11589,11590,487],"class_list":{"0":"post-13362","1":"product","2":"type-product","3":"status-publish","4":"has-post-thumbnail","6":"product_cat-oldtimer-praxis","7":"product_tag-ford-p3","8":"product_tag-alfa-romeo-spider","9":"product_tag-citroen-cx","10":"product_tag-oszilloskop","11":"product_tag-mercedes-w21","12":"product_tag-ford-taunus-p3-pick-up","13":"product_tag-vw-porsche-914-4","14":"product_tag-royal-enfield-einzylinder","15":"product_tag-moto-guzzi-motocarro-ercolino","16":"product_tag-honda-cb-400-four","18":"first","19":"instock","20":"shipping-taxable","21":"purchasable","22":"product-type-simple"},"_links":{"self":[{"href":"https:\/\/motorrad-erinnerungen.de\/shop\/wp-json\/wp\/v2\/product\/13362","targetHints":{"allow":["GET"]}}],"collection":[{"href":"https:\/\/motorrad-erinnerungen.de\/shop\/wp-json\/wp\/v2\/product"}],"about":[{"href":"https:\/\/motorrad-erinnerungen.de\/shop\/wp-json\/wp\/v2\/types\/product"}],"wp:featuredmedia":[{"embeddable":true,"href":"https:\/\/motorrad-erinnerungen.de\/shop\/wp-json\/wp\/v2\/media\/13374"}],"wp:attachment":[{"href":"https:\/\/motorrad-erinnerungen.de\/shop\/wp-json\/wp\/v2\/media?parent=13362"}],"wp:term":[{"taxonomy":"product_brand","embeddable":true,"href":"https:\/\/motorrad-erinnerungen.de\/shop\/wp-json\/wp\/v2\/product_brand?post=13362"},{"taxonomy":"product_cat","embeddable":true,"href":"https:\/\/motorrad-erinnerungen.de\/shop\/wp-json\/wp\/v2\/product_cat?post=13362"},{"taxonomy":"product_tag","embeddable":true,"href":"https:\/\/motorrad-erinnerungen.de\/shop\/wp-json\/wp\/v2\/product_tag?post=13362"}],"curies":[{"name":"wp","href":"https:\/\/api.w.org\/{rel}","templated":true}]}}