{"id":13363,"date":"2026-01-11T18:17:39","date_gmt":"2026-01-11T17:17:39","guid":{"rendered":"https:\/\/motorrad-erinnerungen.de\/shop\/produkt\/oldtimer-praxis-11-2008-vw-cabrio-kaefer-montesa-247-nsu-201-osl\/"},"modified":"2026-01-11T23:40:52","modified_gmt":"2026-01-11T22:40:52","slug":"oldtimer-praxis-11-2008-vw-cabrio-kaefer-montesa-247-nsu-201-osl","status":"publish","type":"product","link":"https:\/\/motorrad-erinnerungen.de\/shop\/produkt\/oldtimer-praxis-11-2008-vw-cabrio-kaefer-montesa-247-nsu-201-osl\/","title":{"rendered":"Oldtimer Praxis 11\/2008 \u2013 VW Cabrio (K\u00e4fer); Montesa Cota 247; NSU 201 OSL; Vespa GS\/3"},"content":{"rendered":"<p>Ein St\u00fcck Zeitgeschichte f\u00fcr Fans klassischer Technik: die <strong>Oldtimer Praxis 11\/2008<\/strong><\/p>\n<h2>\ud83d\udccc Titelthema dieser Ausgabe<\/h2>\n<ul>\n<li><strong>VW K\u00e4fer Cabrio<\/strong>\u00a0\u2013 Offen f\u00fcr alles!<\/li>\n<\/ul>\n<h2>\ud83c\udfcd\ufe0f Motorr\u00e4der &amp; Zweir\u00e4der in dieser Ausgabe<\/h2>\n<ul>\n<li><strong>Montesa Cota 247<\/strong> \u2013 F\u00fcrs Gel\u00e4nde<\/li>\n<li><strong>NSU 201 OSL<\/strong> \u2013 F\u00fcrs Gem\u00fct<\/li>\n<li><strong>Vespa GS\/3<\/strong> \u2013 der Motor unter der Lupe<\/li>\n<\/ul>\n<h2>\ud83d\ude97 Weitere Oldtimer-Themen<\/h2>\n<ul>\n<li><strong>Triumph TR 6 PI<\/strong> \u2013 20 Jahre im offenen Briten: Auf Dauer sorgenfrei?<\/li>\n<li><strong>Fiat Multipla<\/strong> \u2013 Bonsai-Bus: Der Urahn aller Familienvans \u2013 mit Liebe zum Detail vollrestauriert!<\/li>\n<li><strong>Glas 1304 TS<\/strong> \u2013 Jagdszenen aus Niederbayern: Noch immer schnell unterwegs<\/li>\n<li><strong>Honda CRX<\/strong> \u2013 Sportler unter der Lupe<\/li>\n<li><strong>Kunststoffbeschichtung<\/strong> \u2013 Die Qual der Wahl: Lackieren oder mit Kunststoff beschichten?<\/li>\n<\/ul>\n<h2>\ud83d\udca1 Tipp<\/h2>\n<ul>\n<li>Eine Oldtimer-Zeitschrift kann auch eine willkommene \u00dcberraschung sein, f\u00fcr Liebhaber klassischer Autos und Motorr\u00e4der \u2013 zum Verschenken von Erinnerungen und Tr\u00e4umen.<\/li>\n<\/ul>\n<h2>\ud83d\udce6 Versand &amp; Service<\/h2>\n<ul>\n<li>Kostenloser Versand in Deutschland, Auslandsversand f\u00fcr eine geringe Pauschale<\/li>\n<li>Erfahrung aus weit \u00fcber 30.000 erfolgreichen Sendungen<\/li>\n<li>Ihre Zeitschrift wird sicher und liebevoll verpackt<\/li>\n<\/ul>\n<h2>\ud83c\udf0d Zustand der Zeitschrift<\/h2>\n<ul>\n<li>Gebraucht, weil gelesen, durchgebl\u00e4ttert, gestapelt, alles original \ud83d\ude09<\/li>\n<\/ul>\n","protected":false},"excerpt":{"rendered":"<p>Hier wird noch selbst geschraubt: Oldtimer Praxis liefert das n\u00f6tige Wissen f\u00fcr die Garage. Von der Wartung bis zur Komplettrestaurierung \u2013 echte Hilfe f\u00fcr alle, die ihre Klassiker auf der Stra\u00dfe halten wollen.<\/p>\n","protected":false},"featured_media":13375,"template":"","meta":{"iawp_total_views":0},"product_brand":[],"product_cat":[10216],"product_tag":[11559,11560,11561,11591,11592,11555,11556,11557,11558],"class_list":{"0":"post-13363","1":"product","2":"type-product","3":"status-publish","4":"has-post-thumbnail","6":"product_cat-oldtimer-praxis","7":"product_tag-vw-kaefer-cabrio","8":"product_tag-nsu-201-osl","9":"product_tag-pulverbeschichtung","10":"product_tag-montesa-cota-247","11":"product_tag-vespa-gs-3","12":"product_tag-glas-1304-ts","13":"product_tag-fiat-multipla","14":"product_tag-triumph-tr6","15":"product_tag-honda-crx","17":"first","18":"instock","19":"shipping-taxable","20":"purchasable","21":"product-type-simple"},"_links":{"self":[{"href":"https:\/\/motorrad-erinnerungen.de\/shop\/wp-json\/wp\/v2\/product\/13363","targetHints":{"allow":["GET"]}}],"collection":[{"href":"https:\/\/motorrad-erinnerungen.de\/shop\/wp-json\/wp\/v2\/product"}],"about":[{"href":"https:\/\/motorrad-erinnerungen.de\/shop\/wp-json\/wp\/v2\/types\/product"}],"wp:featuredmedia":[{"embeddable":true,"href":"https:\/\/motorrad-erinnerungen.de\/shop\/wp-json\/wp\/v2\/media\/13375"}],"wp:attachment":[{"href":"https:\/\/motorrad-erinnerungen.de\/shop\/wp-json\/wp\/v2\/media?parent=13363"}],"wp:term":[{"taxonomy":"product_brand","embeddable":true,"href":"https:\/\/motorrad-erinnerungen.de\/shop\/wp-json\/wp\/v2\/product_brand?post=13363"},{"taxonomy":"product_cat","embeddable":true,"href":"https:\/\/motorrad-erinnerungen.de\/shop\/wp-json\/wp\/v2\/product_cat?post=13363"},{"taxonomy":"product_tag","embeddable":true,"href":"https:\/\/motorrad-erinnerungen.de\/shop\/wp-json\/wp\/v2\/product_tag?post=13363"}],"curies":[{"name":"wp","href":"https:\/\/api.w.org\/{rel}","templated":true}]}}