{"id":13364,"date":"2026-01-11T18:17:40","date_gmt":"2026-01-11T17:17:40","guid":{"rendered":"https:\/\/motorrad-erinnerungen.de\/shop\/produkt\/oldtimer-praxis-12-2008-tvr-vixen-kawasaki-z1300-mz-es-gespanne\/"},"modified":"2026-01-11T23:50:20","modified_gmt":"2026-01-11T22:50:20","slug":"oldtimer-praxis-12-2008-tvr-vixen-kawasaki-z1300-mz-es-gespanne","status":"publish","type":"product","link":"https:\/\/motorrad-erinnerungen.de\/shop\/produkt\/oldtimer-praxis-12-2008-tvr-vixen-kawasaki-z1300-mz-es-gespanne\/","title":{"rendered":"Oldtimer Praxis 12\/2008 \u2013 TVR Vixen; Kawasaki Z1300; MZ-ES-Gespanne"},"content":{"rendered":"<p>Ein St\u00fcck Zeitgeschichte f\u00fcr Fans klassischer Technik: die <strong>Oldtimer Praxis 12\/2008<\/strong><\/p>\n<h2>\ud83d\udccc Titelthema dieser Ausgabe<\/h2>\n<ul>\n<li><strong>TVR Vixen<\/strong> \u2013 Sportwagen pur!<\/li>\n<\/ul>\n<h2>\ud83c\udfcd\ufe0f Motorr\u00e4der &amp; Zweir\u00e4der in dieser Ausgabe<\/h2>\n<ul>\n<li><strong>Kawasaki Z1300<\/strong> \u2013 Eine Million Kilometer! Erfahrungsbericht<\/li>\n<li><strong>MZ ES 250\/2-Gespanne<\/strong> \u2013 Spa\u00df hoch drei: Mit MZ-ES-Gespannen unterwegs<\/li>\n<li><strong>K\u00fcchen-Motor<\/strong> \u2013 seziert, ein seltener Vorkriegsmotor<\/li>\n<\/ul>\n<h2>\ud83d\ude97 Weitere Oldtimer-Themen<\/h2>\n<ul>\n<li><strong>Opel Kadett Aero<\/strong> \u2013 Oben ohne: Ein Platz an der frischen Luft. Der Restaurierer eines Opel Kadett Aero zieht Bilanz<\/li>\n<li><strong>Mikafa Reisemobil<\/strong> \u2013 Wahrer Luxus anno 1954: Mit Liebe zum Detail<\/li>\n<li><strong>Land Rover Defender<\/strong> \u2013 Mein Freund der Grobian: Durch dick und d\u00fcnn<\/li>\n<li><strong>Fiat 1500 B<\/strong> \u2013 Halbzeit, der Restaurierer zieht Zwischenbilanz<\/li>\n<li><strong>Renault 16<\/strong> \u2013 Fahrtenbuch, einer der praktischten aller Oldies<\/li>\n<li><strong>Fl\u00fcssigdichtungen<\/strong> \u2013 Dichtung und Wahrheit: Fl\u00fcssigdichtungen: Was es gibt, was es taugt<\/li>\n<li><strong>Winterinspektion<\/strong> \u2013 Technik-Tipps: Winterinspektion<\/li>\n<\/ul>\n<h2>\ud83d\udca1 Tipp<\/h2>\n<ul>\n<li>Eine Oldtimer-Zeitschrift kann auch eine willkommene \u00dcberraschung sein, f\u00fcr Liebhaber klassischer Autos und Motorr\u00e4der \u2013 zum Verschenken von Erinnerungen und Tr\u00e4umen.<\/li>\n<\/ul>\n<h2>\ud83d\udce6 Versand &amp; Service<\/h2>\n<ul>\n<li>Kostenloser Versand in Deutschland, Auslandsversand f\u00fcr eine geringe Pauschale<\/li>\n<li>Erfahrung aus weit \u00fcber 30.000 erfolgreichen Sendungen<\/li>\n<li>Ihre Zeitschrift wird sicher und liebevoll verpackt<\/li>\n<\/ul>\n<h2>\ud83c\udf0d Zustand der Zeitschrift<\/h2>\n<ul>\n<li>Gebraucht, weil gelesen, durchgebl\u00e4ttert, gestapelt, alles original \ud83d\ude09<\/li>\n<\/ul>\n","protected":false},"excerpt":{"rendered":"<p>Hier wird noch selbst geschraubt: Oldtimer Praxis liefert das n\u00f6tige Wissen f\u00fcr die Garage. Von der Wartung bis zur Komplettrestaurierung \u2013 echte Hilfe f\u00fcr alle, die ihre Klassiker auf der Stra\u00dfe halten wollen.<\/p>\n","protected":false},"featured_media":13376,"template":"","meta":{"iawp_total_views":0},"product_brand":[],"product_cat":[10216],"product_tag":[11566,11567,11568,11569,11593,10850,11562,11563,11564,11565],"class_list":{"0":"post-13364","1":"product","2":"type-product","3":"status-publish","4":"has-post-thumbnail","6":"product_cat-oldtimer-praxis","7":"product_tag-tvr-vixen","8":"product_tag-land-rover-defender","9":"product_tag-fiat-1500b","10":"product_tag-mz-es-gespann","11":"product_tag-kuechen-motor","12":"product_tag-opel-kadett-aero","13":"product_tag-mikafa","14":"product_tag-renault-16","15":"product_tag-kawasaki-z1300","16":"product_tag-dichtmasse","18":"first","19":"instock","20":"shipping-taxable","21":"purchasable","22":"product-type-simple"},"_links":{"self":[{"href":"https:\/\/motorrad-erinnerungen.de\/shop\/wp-json\/wp\/v2\/product\/13364","targetHints":{"allow":["GET"]}}],"collection":[{"href":"https:\/\/motorrad-erinnerungen.de\/shop\/wp-json\/wp\/v2\/product"}],"about":[{"href":"https:\/\/motorrad-erinnerungen.de\/shop\/wp-json\/wp\/v2\/types\/product"}],"wp:featuredmedia":[{"embeddable":true,"href":"https:\/\/motorrad-erinnerungen.de\/shop\/wp-json\/wp\/v2\/media\/13376"}],"wp:attachment":[{"href":"https:\/\/motorrad-erinnerungen.de\/shop\/wp-json\/wp\/v2\/media?parent=13364"}],"wp:term":[{"taxonomy":"product_brand","embeddable":true,"href":"https:\/\/motorrad-erinnerungen.de\/shop\/wp-json\/wp\/v2\/product_brand?post=13364"},{"taxonomy":"product_cat","embeddable":true,"href":"https:\/\/motorrad-erinnerungen.de\/shop\/wp-json\/wp\/v2\/product_cat?post=13364"},{"taxonomy":"product_tag","embeddable":true,"href":"https:\/\/motorrad-erinnerungen.de\/shop\/wp-json\/wp\/v2\/product_tag?post=13364"}],"curies":[{"name":"wp","href":"https:\/\/api.w.org\/{rel}","templated":true}]}}