{"id":13390,"date":"2026-01-12T10:18:06","date_gmt":"2026-01-12T09:18:06","guid":{"rendered":"https:\/\/motorrad-erinnerungen.de\/shop\/produkt\/oldtimer-praxis-04-2009-ford-mustang-gnome-rhone-d4-yamaha-rd-zweitakter\/"},"modified":"2026-01-12T10:52:46","modified_gmt":"2026-01-12T09:52:46","slug":"oldtimer-praxis-04-2009-ford-mustang-gnome-rhone-d4-yamaha-rd-zweitakter","status":"publish","type":"product","link":"https:\/\/motorrad-erinnerungen.de\/shop\/produkt\/oldtimer-praxis-04-2009-ford-mustang-gnome-rhone-d4-yamaha-rd-zweitakter\/","title":{"rendered":"Oldtimer Praxis 04\/2009 \u2013 Ford Mustang; Gnome Rh\u00f4ne D4; Yamaha-RD-Zweitakter; Goggo Roller"},"content":{"rendered":"<p>Ein St\u00fcck Zeitgeschichte f\u00fcr Fans klassischer Technik: die <strong>Oldtimer Praxis 04\/2009<\/strong><\/p>\n<h2>\ud83d\udccc Titelthema dieser Ausgabe<\/h2>\n<ul>\n<li><strong>Ford Mustang<\/strong> \u2013 Das ideale Restaurierungsobjekt!<\/li>\n<\/ul>\n<h2>\ud83c\udfcd\ufe0f Motorr\u00e4der &amp; Zweir\u00e4der in dieser Ausgabe<\/h2>\n<ul>\n<li><strong>Gnome Rh\u00f4ne D4<\/strong> \u2013 ein begeisterndes Sportmotorrad<\/li>\n<li><strong>Yamaha-RD-Zweitakter<\/strong> \u2013 Seziert: der luftgek\u00fchlte Motor<\/li>\n<li><strong>Goggo Roller mit Royal-Boot<\/strong> \u2013 gut kombiniert, super selten<\/li>\n<\/ul>\n<h2>\ud83d\ude97 Weitere Oldtimer-Themen<\/h2>\n<ul>\n<li><strong>MG TD<\/strong> \u2013 1000 Stunden Arbeit! Zwischenbilanz einer Vollrestaurierung<\/li>\n<li><strong>Lancia Gamma Coup\u00e9<\/strong> \u2013 In den Griff bekommen: Der ewige Patient<\/li>\n<li><strong>IFA P70 Kombi<\/strong> \u2013 Der rare Plaste-Pionier<\/li>\n<li><strong>Citro\u00ebn 2CV<\/strong> \u2013 Youngtimer und Alltag: Citro\u00ebn-2CV-Fakten<\/li>\n<li><strong>Elektrik-Tipps<\/strong> \u2013 Dem Kupferwurm auf der Spur<\/li>\n<li><strong>Schmierigkeiten<\/strong> \u2013 Fett ist nicht gleich Fett: Wir erkl\u00e4ren die Unterschiede<\/li>\n<\/ul>\n<h2>\ud83d\udca1 Tipp<\/h2>\n<ul>\n<li>Eine Oldtimer-Zeitschrift kann auch eine willkommene \u00dcberraschung sein, f\u00fcr Liebhaber klassischer Autos und Motorr\u00e4der \u2013 zum Verschenken von Erinnerungen und Tr\u00e4umen.<\/li>\n<\/ul>\n<h2>\ud83d\udce6 Versand &amp; Service<\/h2>\n<ul>\n<li>Kostenloser Versand in Deutschland, Auslandsversand f\u00fcr eine geringe Pauschale<\/li>\n<li>Erfahrung aus weit \u00fcber 30.000 erfolgreichen Sendungen<\/li>\n<li>Ihre Zeitschrift wird sicher und liebevoll verpackt<\/li>\n<\/ul>\n<h2>\ud83c\udf0d Zustand der Zeitschrift<\/h2>\n<ul>\n<li>Gebraucht, weil gelesen, durchgebl\u00e4ttert, gestapelt, alles original \ud83d\ude09<\/li>\n<\/ul>\n","protected":false},"excerpt":{"rendered":"<p>Hier wird noch selbst geschraubt: Oldtimer Praxis liefert das n\u00f6tige Wissen f\u00fcr die Garage. Von der Wartung bis zur Komplettrestaurierung \u2013 echte Hilfe f\u00fcr alle, die ihre Klassiker auf der Stra\u00dfe halten wollen.<\/p>\n","protected":false},"featured_media":13403,"template":"","meta":{"iawp_total_views":1},"product_brand":[],"product_cat":[10216],"product_tag":[10864,10902,11048,11197,11616,11617,11618,11619,11620],"class_list":{"0":"post-13390","1":"product","2":"type-product","3":"status-publish","4":"has-post-thumbnail","6":"product_cat-oldtimer-praxis","7":"product_tag-mg-td","8":"product_tag-ford-mustang","9":"product_tag-citroen-2cv","10":"product_tag-ente","11":"product_tag-yamaha-rd","12":"product_tag-lancia-gamma","13":"product_tag-schmierfett","14":"product_tag-gnome-rhone-d4","15":"product_tag-ifa-p70","17":"first","18":"instock","19":"shipping-taxable","20":"purchasable","21":"product-type-simple"},"_links":{"self":[{"href":"https:\/\/motorrad-erinnerungen.de\/shop\/wp-json\/wp\/v2\/product\/13390","targetHints":{"allow":["GET"]}}],"collection":[{"href":"https:\/\/motorrad-erinnerungen.de\/shop\/wp-json\/wp\/v2\/product"}],"about":[{"href":"https:\/\/motorrad-erinnerungen.de\/shop\/wp-json\/wp\/v2\/types\/product"}],"wp:featuredmedia":[{"embeddable":true,"href":"https:\/\/motorrad-erinnerungen.de\/shop\/wp-json\/wp\/v2\/media\/13403"}],"wp:attachment":[{"href":"https:\/\/motorrad-erinnerungen.de\/shop\/wp-json\/wp\/v2\/media?parent=13390"}],"wp:term":[{"taxonomy":"product_brand","embeddable":true,"href":"https:\/\/motorrad-erinnerungen.de\/shop\/wp-json\/wp\/v2\/product_brand?post=13390"},{"taxonomy":"product_cat","embeddable":true,"href":"https:\/\/motorrad-erinnerungen.de\/shop\/wp-json\/wp\/v2\/product_cat?post=13390"},{"taxonomy":"product_tag","embeddable":true,"href":"https:\/\/motorrad-erinnerungen.de\/shop\/wp-json\/wp\/v2\/product_tag?post=13390"}],"curies":[{"name":"wp","href":"https:\/\/api.w.org\/{rel}","templated":true}]}}