{"id":13396,"date":"2026-01-12T10:18:36","date_gmt":"2026-01-12T09:18:36","guid":{"rendered":"https:\/\/motorrad-erinnerungen.de\/shop\/produkt\/oldtimer-praxis-09-2009-capri-perana-v8-moto-morini-350-v2-praga-bd-500\/"},"modified":"2026-01-12T11:14:41","modified_gmt":"2026-01-12T10:14:41","slug":"oldtimer-praxis-09-2009-capri-perana-v8-moto-morini-350-v2-praga-bd-500","status":"publish","type":"product","link":"https:\/\/motorrad-erinnerungen.de\/shop\/produkt\/oldtimer-praxis-09-2009-capri-perana-v8-moto-morini-350-v2-praga-bd-500\/","title":{"rendered":"Oldtimer Praxis 09\/2009 \u2013 Ford Capri Perana V8; Moto Morini 350 V2; Praga BD 500; Puch Cobra 50\/6"},"content":{"rendered":"<p>Ein St\u00fcck Zeitgeschichte f\u00fcr Fans klassischer Technik: die <strong>Oldtimer Praxis 09\/2009<\/strong><\/p>\n<h2>\ud83d\udccc Titelthema dieser Ausgabe<\/h2>\n<ul>\n<li><strong>Ford Capri Perana V8<\/strong> \u2013 5000 Kubik, 250 PS!<\/li>\n<\/ul>\n<h2>\ud83c\udfcd\ufe0f Motorr\u00e4der &amp; Zweir\u00e4der in dieser Ausgabe<\/h2>\n<ul>\n<li><strong>Moto Morini 350 V2<\/strong> \u2013 Seziert, unter der Lupe des Experten<\/li>\n<li><strong>Praga BD 500<\/strong> \u2013 Hightech der 20er<\/li>\n<li><strong>Puch Cobra 50\/6<\/strong> \u2013 Hei\u00dfe Fuffziger<\/li>\n<\/ul>\n<h2>\ud83d\ude97 Weitere Oldtimer-Themen<\/h2>\n<ul>\n<li><strong>Mercedes C124 Cabrio<\/strong> \u2013 Youngtimer-Steckbrief: Frischluft und vier Sitze<\/li>\n<li><strong>Tatra 613<\/strong> \u2013 Auf Probefahrt: Vignale-Karosserie und dohc-V8 im Heck<\/li>\n<li><strong>Morris Minor<\/strong> \u2013 Die 25-Jahres-Bilanz eines Fans: Der wahre Dauertest<\/li>\n<li><strong>Panhard Z1<\/strong> \u2013 Halbzeit-Bilanz: Panhard-Z1-Erfahrungen<\/li>\n<li><strong>Mechanische Einspritzanlagen<\/strong> \u2013 Technik-Tipps: Mechanische Einspritzanlagen<\/li>\n<li><strong>Schwei\u00dfen<\/strong> \u2013 So geht&#8217;s einfacher: Profi-Rat: Schwei\u00df-Tipps von K\u00f6nnern<\/li>\n<\/ul>\n<h2>\ud83d\udca1 Tipp<\/h2>\n<ul>\n<li>Eine Oldtimer-Zeitschrift kann auch eine willkommene \u00dcberraschung sein, f\u00fcr Liebhaber klassischer Autos und Motorr\u00e4der \u2013 zum Verschenken von Erinnerungen und Tr\u00e4umen.<\/li>\n<\/ul>\n<h2>\ud83d\udce6 Versand &amp; Service<\/h2>\n<ul>\n<li>Kostenloser Versand in Deutschland, Auslandsversand f\u00fcr eine geringe Pauschale<\/li>\n<li>Erfahrung aus weit \u00fcber 30.000 erfolgreichen Sendungen<\/li>\n<li>Ihre Zeitschrift wird sicher und liebevoll verpackt<\/li>\n<\/ul>\n<h2>\ud83c\udf0d Zustand der Zeitschrift<\/h2>\n<ul>\n<li>Gebraucht, weil gelesen, durchgebl\u00e4ttert, gestapelt, alles original \ud83d\ude09<\/li>\n<\/ul>\n","protected":false},"excerpt":{"rendered":"<p>Hier wird noch selbst geschraubt: Oldtimer Praxis liefert das n\u00f6tige Wissen f\u00fcr die Garage. Von der Wartung bis zur Komplettrestaurierung \u2013 echte Hilfe f\u00fcr alle, die ihre Klassiker auf der Stra\u00dfe halten wollen.<\/p>\n","protected":false},"featured_media":13408,"template":"","meta":{"iawp_total_views":0},"product_brand":[],"product_cat":[10216],"product_tag":[11677,6892,11646,11647,11648,11649,11650,11651,11652,11653],"class_list":{"0":"post-13396","1":"product","2":"type-product","3":"status-publish","4":"has-post-thumbnail","6":"product_cat-oldtimer-praxis","7":"product_tag-ford-capri-perana-v8","8":"product_tag-moto-morini","9":"product_tag-mercedes-c124","10":"product_tag-puch-cobra","11":"product_tag-praga-bd-500","12":"product_tag-tatra-613","13":"product_tag-panhard-z1","14":"product_tag-schweissen","15":"product_tag-morris-minor","16":"product_tag-einspritzanlage","18":"first","19":"instock","20":"shipping-taxable","21":"purchasable","22":"product-type-simple"},"_links":{"self":[{"href":"https:\/\/motorrad-erinnerungen.de\/shop\/wp-json\/wp\/v2\/product\/13396","targetHints":{"allow":["GET"]}}],"collection":[{"href":"https:\/\/motorrad-erinnerungen.de\/shop\/wp-json\/wp\/v2\/product"}],"about":[{"href":"https:\/\/motorrad-erinnerungen.de\/shop\/wp-json\/wp\/v2\/types\/product"}],"wp:featuredmedia":[{"embeddable":true,"href":"https:\/\/motorrad-erinnerungen.de\/shop\/wp-json\/wp\/v2\/media\/13408"}],"wp:attachment":[{"href":"https:\/\/motorrad-erinnerungen.de\/shop\/wp-json\/wp\/v2\/media?parent=13396"}],"wp:term":[{"taxonomy":"product_brand","embeddable":true,"href":"https:\/\/motorrad-erinnerungen.de\/shop\/wp-json\/wp\/v2\/product_brand?post=13396"},{"taxonomy":"product_cat","embeddable":true,"href":"https:\/\/motorrad-erinnerungen.de\/shop\/wp-json\/wp\/v2\/product_cat?post=13396"},{"taxonomy":"product_tag","embeddable":true,"href":"https:\/\/motorrad-erinnerungen.de\/shop\/wp-json\/wp\/v2\/product_tag?post=13396"}],"curies":[{"name":"wp","href":"https:\/\/api.w.org\/{rel}","templated":true}]}}