{"id":13397,"date":"2026-01-12T10:18:37","date_gmt":"2026-01-12T09:18:37","guid":{"rendered":"https:\/\/motorrad-erinnerungen.de\/shop\/produkt\/oldtimer-praxis-10-2009-renault-5-alpine-honda-cx500-dkw-nz-500\/"},"modified":"2026-01-12T11:20:29","modified_gmt":"2026-01-12T10:20:29","slug":"oldtimer-praxis-10-2009-renault-5-alpine-honda-cx500-dkw-nz-500","status":"publish","type":"product","link":"https:\/\/motorrad-erinnerungen.de\/shop\/produkt\/oldtimer-praxis-10-2009-renault-5-alpine-honda-cx500-dkw-nz-500\/","title":{"rendered":"Oldtimer Praxis 10\/2009 \u2013 Renault 5 Alpine; Honda CX500; DKW NZ 500"},"content":{"rendered":"<p>Ein St\u00fcck Zeitgeschichte f\u00fcr Fans klassischer Technik: die <strong>Oldtimer Praxis 10\/2009<\/strong><\/p>\n<h2>\ud83d\udccc Titelthema dieser Ausgabe<\/h2>\n<ul>\n<li><strong>Renault 5 Alpine<\/strong> \u2013 Der kleine Feind<\/li>\n<\/ul>\n<h2>\ud83c\udfcd\ufe0f Motorr\u00e4der &amp; Zweir\u00e4der in dieser Ausgabe<\/h2>\n<ul>\n<li><strong>Honda CX500<\/strong> \u2013 umstritten, verspottet, geliebt: Honda-CX500-Tipps<\/li>\n<li><strong>DKW NZ 500<\/strong> \u2013 Zschopaus Beste, fein restauriert<\/li>\n<li><strong>BMW-sv-Boxer-Derivate<\/strong> \u2013 die BMW-R71-Ost-Derivate auf der Werkbank<\/li>\n<\/ul>\n<h2>\ud83d\ude97 Weitere Oldtimer-Themen<\/h2>\n<ul>\n<li><strong>Tempo E400 Kombi<\/strong> \u2013 Rettung einer skurrilen Rarit\u00e4t: Auf drei R\u00e4dern unterwegs<\/li>\n<li><strong>Jaguar 340<\/strong> \u2013 Chronik einer Dauerbeziehung: Im Fahrtenbuch gebl\u00e4ttert<\/li>\n<li><strong>Opel Monza<\/strong> \u2013 An der Schwelle zum Klassiker: Unter die Haube geschaut<\/li>\n<li><strong>Fiat 850 Special<\/strong> \u2013 Werkstatt-Einblicke: Fiat-850-Halbzeitbilanz<\/li>\n<li><strong>Kugelfischer-Einspritzung<\/strong> \u2013 Technik-Exkurs: Vom nicht immer einfachen Umgang mit der Kugelfischer-Einspritzung<\/li>\n<li><strong>Flexer<\/strong> \u2013 Werkzeug-Ratgeber: Neues vom Flexer<\/li>\n<\/ul>\n<h2>\ud83d\udca1 Tipp<\/h2>\n<ul>\n<li>Eine Oldtimer-Zeitschrift kann auch eine willkommene \u00dcberraschung sein, f\u00fcr Liebhaber klassischer Autos und Motorr\u00e4der \u2013 zum Verschenken von Erinnerungen und Tr\u00e4umen.<\/li>\n<\/ul>\n<h2>\ud83d\udce6 Versand &amp; Service<\/h2>\n<ul>\n<li>Kostenloser Versand in Deutschland, Auslandsversand f\u00fcr eine geringe Pauschale<\/li>\n<li>Erfahrung aus weit \u00fcber 30.000 erfolgreichen Sendungen<\/li>\n<li>Ihre Zeitschrift wird sicher und liebevoll verpackt<\/li>\n<\/ul>\n<h2>\ud83c\udf0d Zustand der Zeitschrift<\/h2>\n<ul>\n<li>Gebraucht, weil gelesen, durchgebl\u00e4ttert, gestapelt, alles original \ud83d\ude09<\/li>\n<\/ul>\n","protected":false},"excerpt":{"rendered":"<p>Hier wird noch selbst geschraubt: Oldtimer Praxis liefert das n\u00f6tige Wissen f\u00fcr die Garage. Von der Wartung bis zur Komplettrestaurierung \u2013 echte Hilfe f\u00fcr alle, die ihre Klassiker auf der Stra\u00dfe halten wollen.<\/p>\n","protected":false},"featured_media":13409,"template":"","meta":{"iawp_total_views":1},"product_brand":[],"product_cat":[10216],"product_tag":[11660,11661,4413,11654,11655,11656,11657,11658,11659],"class_list":{"0":"post-13397","1":"product","2":"type-product","3":"status-publish","4":"has-post-thumbnail","6":"product_cat-oldtimer-praxis","7":"product_tag-opel-monza","8":"product_tag-honda-cx500","9":"product_tag-dkw-nz-500","10":"product_tag-jaguar-340","11":"product_tag-flex","12":"product_tag-kugelfischer","13":"product_tag-tempo-kombi","14":"product_tag-renault-5-alpine","15":"product_tag-fiat-850","17":"first","18":"instock","19":"shipping-taxable","20":"purchasable","21":"product-type-simple"},"_links":{"self":[{"href":"https:\/\/motorrad-erinnerungen.de\/shop\/wp-json\/wp\/v2\/product\/13397","targetHints":{"allow":["GET"]}}],"collection":[{"href":"https:\/\/motorrad-erinnerungen.de\/shop\/wp-json\/wp\/v2\/product"}],"about":[{"href":"https:\/\/motorrad-erinnerungen.de\/shop\/wp-json\/wp\/v2\/types\/product"}],"wp:featuredmedia":[{"embeddable":true,"href":"https:\/\/motorrad-erinnerungen.de\/shop\/wp-json\/wp\/v2\/media\/13409"}],"wp:attachment":[{"href":"https:\/\/motorrad-erinnerungen.de\/shop\/wp-json\/wp\/v2\/media?parent=13397"}],"wp:term":[{"taxonomy":"product_brand","embeddable":true,"href":"https:\/\/motorrad-erinnerungen.de\/shop\/wp-json\/wp\/v2\/product_brand?post=13397"},{"taxonomy":"product_cat","embeddable":true,"href":"https:\/\/motorrad-erinnerungen.de\/shop\/wp-json\/wp\/v2\/product_cat?post=13397"},{"taxonomy":"product_tag","embeddable":true,"href":"https:\/\/motorrad-erinnerungen.de\/shop\/wp-json\/wp\/v2\/product_tag?post=13397"}],"curies":[{"name":"wp","href":"https:\/\/api.w.org\/{rel}","templated":true}]}}