{"id":13399,"date":"2026-01-12T10:18:37","date_gmt":"2026-01-12T09:18:37","guid":{"rendered":"https:\/\/motorrad-erinnerungen.de\/shop\/produkt\/oldtimer-praxis-12-2009-healey-sprite-honda-cb-92-triumph-bdg-250-motor\/"},"modified":"2026-01-27T22:06:52","modified_gmt":"2026-01-27T21:06:52","slug":"oldtimer-praxis-12-2009-healey-sprite-honda-cb-92-triumph-bdg-250-motor","status":"publish","type":"product","link":"https:\/\/motorrad-erinnerungen.de\/shop\/produkt\/oldtimer-praxis-12-2009-healey-sprite-honda-cb-92-triumph-bdg-250-motor\/","title":{"rendered":"Oldtimer Praxis 12\/2009 \u2013 Austin Healey Sprite Mk2; Honda CB 92; Triumph BDG 250 Motor"},"content":{"rendered":"<p>Ein St\u00fcck Zeitgeschichte f\u00fcr Fans klassischer Technik: die <strong>Oldtimer Praxis 12\/2009<\/strong><\/p>\n<h2>\ud83d\udccc Titelthema dieser Ausgabe<\/h2>\n<ul>\n<li><strong>Austin Healey Sprite Mk2<\/strong>\u00a0\u2013 Fahrspa\u00df garantiert!<\/li>\n<\/ul>\n<h2>\ud83c\udfcd\ufe0f Motorr\u00e4der &amp; Zweir\u00e4der in dieser Ausgabe<\/h2>\n<ul>\n<li><strong>Honda CB 92<\/strong> \u2013 Feine Mechanik<\/li>\n<li><strong>Triumph BDG 250 Motor<\/strong> \u2013 Seziert: Triumph-BDG-250-Motor<\/li>\n<li><strong>Bradbury 3 1\/2 h.p.<\/strong> \u2013 Fr\u00fches Werk<\/li>\n<\/ul>\n<h2>\ud83d\ude97 Weitere Oldtimer-Themen<\/h2>\n<ul>\n<li><strong>BMW 321<\/strong> \u2013 Der &#8218;Dreier&#8216; der Drei\u00dfiger: Kostenbewusst restauriert<\/li>\n<li><strong>TVR Griffith 500<\/strong> \u2013 Youngtimer mit Dampf<\/li>\n<li><strong>Opel Kadett B Coup\u00e9<\/strong> \u2013 Gute Zwischenbilanz: Auf dem Weg der Besserung<\/li>\n<li><strong>A112 Abarth<\/strong> \u2013 Fahrtenbuch: Vom Leben mit dem A112 Abarth<\/li>\n<li><strong>Anlasser \u00fcberholen<\/strong> \u2013 Starthilfe: Wenn der Anlasser streikt<\/li>\n<li><strong>Z\u00fcndkerzen<\/strong> \u2013 Technik-Tipps: Das kleine Z\u00fcndkerzen-ABC<\/li>\n<\/ul>\n<h2>\ud83d\udca1 Tipp<\/h2>\n<ul>\n<li>Eine Oldtimer-Zeitschrift kann auch eine willkommene \u00dcberraschung sein, f\u00fcr Liebhaber klassischer Autos und Motorr\u00e4der \u2013 zum Verschenken von Erinnerungen und Tr\u00e4umen.<\/li>\n<\/ul>\n<h2>\ud83d\udce6 Versand &amp; Service<\/h2>\n<ul>\n<li>Kostenloser Versand in Deutschland, Auslandsversand f\u00fcr eine geringe Pauschale<\/li>\n<li>Erfahrung aus weit \u00fcber 30.000 erfolgreichen Sendungen<\/li>\n<li>Ihre Zeitschrift wird sicher und liebevoll verpackt<\/li>\n<\/ul>\n<h2>\ud83c\udf0d Zustand der Zeitschrift<\/h2>\n<ul>\n<li>Gebraucht, weil gelesen, durchgebl\u00e4ttert, gestapelt, alles original \ud83d\ude09<\/li>\n<\/ul>\n","protected":false},"excerpt":{"rendered":"<p>Hier wird noch selbst geschraubt: Oldtimer Praxis liefert das n\u00f6tige Wissen f\u00fcr die Garage. Von der Wartung bis zur Komplettrestaurierung \u2013 echte Hilfe f\u00fcr alle, die ihre Klassiker auf der Stra\u00dfe halten wollen.<\/p>\n","protected":false},"featured_media":13411,"template":"","meta":{"iawp_total_views":0},"product_brand":[],"product_cat":[10216],"product_tag":[11669,11670,11671,11672,11673,11674,12338,4074,11668],"class_list":{"0":"post-13399","1":"product","2":"type-product","3":"status-publish","4":"has-post-thumbnail","6":"product_cat-oldtimer-praxis","7":"product_tag-autobianchi-a112-abarth","8":"product_tag-zuendkerzen","9":"product_tag-tvr-griffith-500","10":"product_tag-bmw-321","11":"product_tag-anlasser","12":"product_tag-opel-kadett-b","13":"product_tag-austin-healey-sprite-mk2","14":"product_tag-honda-cb-92","15":"product_tag-triumph-bdg","17":"first","18":"instock","19":"shipping-taxable","20":"purchasable","21":"product-type-simple"},"_links":{"self":[{"href":"https:\/\/motorrad-erinnerungen.de\/shop\/wp-json\/wp\/v2\/product\/13399","targetHints":{"allow":["GET"]}}],"collection":[{"href":"https:\/\/motorrad-erinnerungen.de\/shop\/wp-json\/wp\/v2\/product"}],"about":[{"href":"https:\/\/motorrad-erinnerungen.de\/shop\/wp-json\/wp\/v2\/types\/product"}],"wp:featuredmedia":[{"embeddable":true,"href":"https:\/\/motorrad-erinnerungen.de\/shop\/wp-json\/wp\/v2\/media\/13411"}],"wp:attachment":[{"href":"https:\/\/motorrad-erinnerungen.de\/shop\/wp-json\/wp\/v2\/media?parent=13399"}],"wp:term":[{"taxonomy":"product_brand","embeddable":true,"href":"https:\/\/motorrad-erinnerungen.de\/shop\/wp-json\/wp\/v2\/product_brand?post=13399"},{"taxonomy":"product_cat","embeddable":true,"href":"https:\/\/motorrad-erinnerungen.de\/shop\/wp-json\/wp\/v2\/product_cat?post=13399"},{"taxonomy":"product_tag","embeddable":true,"href":"https:\/\/motorrad-erinnerungen.de\/shop\/wp-json\/wp\/v2\/product_tag?post=13399"}],"curies":[{"name":"wp","href":"https:\/\/api.w.org\/{rel}","templated":true}]}}