{"id":13425,"date":"2026-01-12T16:21:29","date_gmt":"2026-01-12T15:21:29","guid":{"rendered":"https:\/\/motorrad-erinnerungen.de\/shop\/produkt\/oldtimer-praxis-03-2010-tschaika-gaz-13-bmw-r75-moto-guzzi-v65-tt\/"},"modified":"2026-01-12T21:59:05","modified_gmt":"2026-01-12T20:59:05","slug":"oldtimer-praxis-03-2010-tschaika-gaz-13-bmw-r75-moto-guzzi-v65-tt","status":"publish","type":"product","link":"https:\/\/motorrad-erinnerungen.de\/shop\/produkt\/oldtimer-praxis-03-2010-tschaika-gaz-13-bmw-r75-moto-guzzi-v65-tt\/","title":{"rendered":"Oldtimer Praxis 03\/2010 \u2013 Tschaika GAZ 13; BMW R75; Moto Guzzi V65 TT"},"content":{"rendered":"<p>Erg\u00e4nzen Sie Ihre Sammlung mit der Originalausgabe <strong>Oldtimer Praxis 03\/2010<\/strong>.<\/p>\n<h2>\ud83d\udccc Titelthema dieser Ausgabe<\/h2>\n<ul>\n<li><strong>Tschaika GAZ 13<\/strong> \u2013 Unterwegs mit dem Ost-Flaggschiff<\/li>\n<\/ul>\n<h2>\ud83c\udfcd\ufe0f Motorr\u00e4der &amp; Zweir\u00e4der in dieser Ausgabe<\/h2>\n<ul>\n<li><strong>BMW R75<\/strong> \u2013 Seziert: Der BMW-R75-Antrieb<\/li>\n<li><strong>Moto Guzzi V65 TT<\/strong> \u2013 Wieder in Bestform<\/li>\n<li><strong>Heinkel Perle<\/strong> \u2013 ein dankbares Restaurierungsobjekt<\/li>\n<\/ul>\n<h2>\ud83d\ude97 Weitere Oldtimer-Themen<\/h2>\n<ul>\n<li><strong>BMW 1800<\/strong> \u2013 23 Jahre mit der neuen Klasse: Ein Auto f\u00fcr alle F\u00e4lle<\/li>\n<li><strong>Mercedes G-Modell<\/strong> \u2013 Einfach unsterblich: Offroad- und Evergreen<\/li>\n<li><strong>Opel Kapit\u00e4n Bestatter<\/strong> \u2013 Acht Jahre in Arbeit<\/li>\n<li><strong>Ford Model A<\/strong> \u2013 Vorkrieg f\u00fcr Anf\u00e4nger: Ford-Model-A-Tipps<\/li>\n<li><strong>Autogas<\/strong> \u2013 Gib Gas! Alternative Autogas: Was der Umbau auf LPG kostet, wie die Sache funktioniert<\/li>\n<li><strong>Automatikgetriebe<\/strong> \u2013 Automatikgetriebe: Funktion und Reparatur<\/li>\n<\/ul>\n<h2>\ud83d\udca1 Tipp<\/h2>\n<ul>\n<li>Eine Oldtimer-Zeitschrift kann auch eine willkommene \u00dcberraschung sein, f\u00fcr Liebhaber klassischer Autos und Motorr\u00e4der \u2013 zum Verschenken von Erinnerungen und Tr\u00e4umen.<\/li>\n<\/ul>\n<h2>\ud83d\udce6 Versand &amp; Service<\/h2>\n<ul>\n<li>Kostenloser Versand in Deutschland, Auslandsversand f\u00fcr eine geringe Pauschale<\/li>\n<li>Erfahrung aus weit \u00fcber 30.000 erfolgreichen Sendungen<\/li>\n<li>Ihre Zeitschrift wird sicher und liebevoll verpackt<\/li>\n<\/ul>\n<h2>\ud83c\udf0d Zustand der Zeitschrift<\/h2>\n<ul>\n<li>Gebraucht, weil gelesen, durchgebl\u00e4ttert, gestapelt, alles original \ud83d\ude09<\/li>\n<\/ul>\n","protected":false},"excerpt":{"rendered":"<p>Mehr als nur Altpapier: Diese Zeitschrift ist ein St\u00fcck Zeitgeschichte und technisches Archiv zugleich. Perfekt f\u00fcr Sammler und Schrauber, die tief in die Technik vergangener Jahrzehnte eintauchen m\u00f6chten.<\/p>\n","protected":false},"featured_media":13438,"template":"","meta":{"iawp_total_views":1},"product_brand":[],"product_cat":[10216],"product_tag":[11692,11693,11694,11695,11696,11697,11698,11699,4655,11700,11056],"class_list":{"0":"post-13425","1":"product","2":"type-product","3":"status-publish","4":"has-post-thumbnail","6":"product_cat-oldtimer-praxis","7":"product_tag-lpg","8":"product_tag-tschaika-gaz-13","9":"product_tag-autogas","10":"product_tag-ford-model-a","11":"product_tag-moto-guzzi-v65-tt","12":"product_tag-mercedes-g-modell","13":"product_tag-bmw-1800","14":"product_tag-bmw-r75","15":"product_tag-heinkel-perle","16":"product_tag-automatikgetriebe","17":"product_tag-opel-kapitaen","19":"first","20":"instock","21":"shipping-taxable","22":"purchasable","23":"product-type-simple"},"_links":{"self":[{"href":"https:\/\/motorrad-erinnerungen.de\/shop\/wp-json\/wp\/v2\/product\/13425","targetHints":{"allow":["GET"]}}],"collection":[{"href":"https:\/\/motorrad-erinnerungen.de\/shop\/wp-json\/wp\/v2\/product"}],"about":[{"href":"https:\/\/motorrad-erinnerungen.de\/shop\/wp-json\/wp\/v2\/types\/product"}],"wp:featuredmedia":[{"embeddable":true,"href":"https:\/\/motorrad-erinnerungen.de\/shop\/wp-json\/wp\/v2\/media\/13438"}],"wp:attachment":[{"href":"https:\/\/motorrad-erinnerungen.de\/shop\/wp-json\/wp\/v2\/media?parent=13425"}],"wp:term":[{"taxonomy":"product_brand","embeddable":true,"href":"https:\/\/motorrad-erinnerungen.de\/shop\/wp-json\/wp\/v2\/product_brand?post=13425"},{"taxonomy":"product_cat","embeddable":true,"href":"https:\/\/motorrad-erinnerungen.de\/shop\/wp-json\/wp\/v2\/product_cat?post=13425"},{"taxonomy":"product_tag","embeddable":true,"href":"https:\/\/motorrad-erinnerungen.de\/shop\/wp-json\/wp\/v2\/product_tag?post=13425"}],"curies":[{"name":"wp","href":"https:\/\/api.w.org\/{rel}","templated":true}]}}