{"id":13427,"date":"2026-01-12T16:21:29","date_gmt":"2026-01-12T15:21:29","guid":{"rendered":"https:\/\/motorrad-erinnerungen.de\/shop\/produkt\/oldtimer-praxis-05-2010-volvo-164-horex-regina-single-triton-cafe-racer\/"},"modified":"2026-01-12T22:10:33","modified_gmt":"2026-01-12T21:10:33","slug":"oldtimer-praxis-05-2010-volvo-164-horex-regina-single-triton-cafe-racer","status":"publish","type":"product","link":"https:\/\/motorrad-erinnerungen.de\/shop\/produkt\/oldtimer-praxis-05-2010-volvo-164-horex-regina-single-triton-cafe-racer\/","title":{"rendered":"Oldtimer Praxis 05\/2010 \u2013 Volvo 164; Horex Regina Single; Triton Caf\u00e9 Racer"},"content":{"rendered":"<p>Erg\u00e4nzen Sie Ihre Sammlung mit der Originalausgabe <strong>Oldtimer Praxis 05\/2010<\/strong>.<\/p>\n<h2>\ud83d\udccc Titelthema dieser Ausgabe<\/h2>\n<ul>\n<li><strong>Volvo 164<\/strong> \u2013 Schwedens S-Klasse<\/li>\n<\/ul>\n<h2>\ud83c\udfcd\ufe0f Motorr\u00e4der &amp; Zweir\u00e4der in dieser Ausgabe<\/h2>\n<ul>\n<li><strong>Horex Regina Single<\/strong> \u2013 gilt als solide, hier unter der Lupe<\/li>\n<li><strong>Triton Caf\u00e9 Racer<\/strong> \u2013 mit besten Zutaten ausgestattet<\/li>\n<li><strong>Vespa Hoffmann HC<\/strong> \u2013 Restauriert bis ins Detail<\/li>\n<\/ul>\n<h2>\ud83d\ude97 Weitere Oldtimer-Themen<\/h2>\n<ul>\n<li><strong>Porsche 356<\/strong> \u2013 Laternenparker: Im 356 durch den Alltag<\/li>\n<li><strong>Framo V901\/2 Bus<\/strong> \u2013 Omnibus en miniature: Die Rettung einer Rarit\u00e4t<\/li>\n<li><strong>Suzuki Cappuccino<\/strong> \u2013 Spa\u00df-Garantie inklusive: Des Midgets w\u00fcrdiger Erbe<\/li>\n<li><strong>VW Bulli T2 Pritsche<\/strong> \u2013 Halbzeitstand: VW Bulli T2 Pritsche<\/li>\n<li><strong>Unterbodenschutz<\/strong> \u2013 Alles \u00fcber Unterbodenschutz<\/li>\n<li><strong>Lichtanlage<\/strong> \u2013 Mehr Licht! Die Erleuchtung: Wie Sie aus Ihrer Lichtanlage das Maximum herausholen<\/li>\n<\/ul>\n<h2>\ud83d\udca1 Tipp<\/h2>\n<ul>\n<li>Eine Oldtimer-Zeitschrift kann auch eine willkommene \u00dcberraschung sein, f\u00fcr Liebhaber klassischer Autos und Motorr\u00e4der \u2013 zum Verschenken von Erinnerungen und Tr\u00e4umen.<\/li>\n<\/ul>\n<h2>\ud83d\udce6 Versand &amp; Service<\/h2>\n<ul>\n<li>Kostenloser Versand in Deutschland, Auslandsversand f\u00fcr eine geringe Pauschale<\/li>\n<li>Erfahrung aus weit \u00fcber 30.000 erfolgreichen Sendungen<\/li>\n<li>Ihre Zeitschrift wird sicher und liebevoll verpackt<\/li>\n<\/ul>\n<h2>\ud83c\udf0d Zustand der Zeitschrift<\/h2>\n<ul>\n<li>Gebraucht, weil gelesen, durchgebl\u00e4ttert, gestapelt, alles original \ud83d\ude09<\/li>\n<\/ul>\n","protected":false},"excerpt":{"rendered":"<p>Mehr als nur Altpapier: Diese Zeitschrift ist ein St\u00fcck Zeitgeschichte und technisches Archiv zugleich. Perfekt f\u00fcr Sammler und Schrauber, die tief in die Technik vergangener Jahrzehnte eintauchen m\u00f6chten.<\/p>\n","protected":false},"featured_media":13440,"template":"","meta":{"iawp_total_views":7},"product_brand":[],"product_cat":[10216],"product_tag":[11714,88,10981,11131,11708,11709,11710,11711,11712,11713],"class_list":{"0":"post-13427","1":"product","2":"type-product","3":"status-publish","4":"has-post-thumbnail","6":"product_cat-oldtimer-praxis","7":"product_tag-unterbodenschutz","8":"product_tag-horex-regina","9":"product_tag-porsche-356","10":"product_tag-triton","11":"product_tag-lichtanlage","12":"product_tag-volvo-164","13":"product_tag-vespa-hoffmann","14":"product_tag-framo","15":"product_tag-suzuki-cappuccino","16":"product_tag-vw-t2","18":"first","19":"instock","20":"shipping-taxable","21":"product-type-simple"},"_links":{"self":[{"href":"https:\/\/motorrad-erinnerungen.de\/shop\/wp-json\/wp\/v2\/product\/13427","targetHints":{"allow":["GET"]}}],"collection":[{"href":"https:\/\/motorrad-erinnerungen.de\/shop\/wp-json\/wp\/v2\/product"}],"about":[{"href":"https:\/\/motorrad-erinnerungen.de\/shop\/wp-json\/wp\/v2\/types\/product"}],"wp:featuredmedia":[{"embeddable":true,"href":"https:\/\/motorrad-erinnerungen.de\/shop\/wp-json\/wp\/v2\/media\/13440"}],"wp:attachment":[{"href":"https:\/\/motorrad-erinnerungen.de\/shop\/wp-json\/wp\/v2\/media?parent=13427"}],"wp:term":[{"taxonomy":"product_brand","embeddable":true,"href":"https:\/\/motorrad-erinnerungen.de\/shop\/wp-json\/wp\/v2\/product_brand?post=13427"},{"taxonomy":"product_cat","embeddable":true,"href":"https:\/\/motorrad-erinnerungen.de\/shop\/wp-json\/wp\/v2\/product_cat?post=13427"},{"taxonomy":"product_tag","embeddable":true,"href":"https:\/\/motorrad-erinnerungen.de\/shop\/wp-json\/wp\/v2\/product_tag?post=13427"}],"curies":[{"name":"wp","href":"https:\/\/api.w.org\/{rel}","templated":true}]}}