{"id":13428,"date":"2026-01-12T16:21:30","date_gmt":"2026-01-12T15:21:30","guid":{"rendered":"https:\/\/motorrad-erinnerungen.de\/shop\/produkt\/oldtimer-praxis-06-2010-bmw-1600-gt-bmw-r25-scott-zweitakter\/"},"modified":"2026-01-12T22:17:53","modified_gmt":"2026-01-12T21:17:53","slug":"oldtimer-praxis-06-2010-bmw-1600-gt-bmw-r25-scott-zweitakter","status":"publish","type":"product","link":"https:\/\/motorrad-erinnerungen.de\/shop\/produkt\/oldtimer-praxis-06-2010-bmw-1600-gt-bmw-r25-scott-zweitakter\/","title":{"rendered":"Oldtimer Praxis 06\/2010 \u2013 BMW 1600 GT; BMW R25\/2; Scott-Zweitakter; Peripoli Giulietta Super Sport"},"content":{"rendered":"<p>Erg\u00e4nzen Sie Ihre Sammlung mit der Originalausgabe <strong>Oldtimer Praxis 06\/2010<\/strong>.<\/p>\n<h2>\ud83d\udccc Titelthema dieser Ausgabe<\/h2>\n<ul>\n<li><strong>BMW 1600 GT<\/strong> \u2013 Das Dingolfinger Erbst\u00fcck<\/li>\n<\/ul>\n<h2>\ud83c\udfcd\ufe0f Motorr\u00e4der &amp; Zweir\u00e4der in dieser Ausgabe<\/h2>\n<ul>\n<li><strong>BMW R25\/2<\/strong> \u2013 30 PS und 9000 U\/min, sie bewegt sich<\/li>\n<li><strong>Scott-Zweitakter<\/strong> \u2013 Unter der Lupe<\/li>\n<li><strong>Peripoli Giulietta Super Sport<\/strong> \u2013 den Moped-Traum der Jugend entdeckt<\/li>\n<\/ul>\n<h2>\ud83d\ude97 Weitere Oldtimer-Themen<\/h2>\n<ul>\n<li><strong>Mercedes 190 SL<\/strong> \u2013 30 Jahre im 190 SL \u2013 wir bl\u00e4ttern im Fahrtenbuch<\/li>\n<li><strong>Alfa 75<\/strong> \u2013 Giulias w\u00fcrdiger Nachfolger: Vom Leben mit dem Transaxle-Sportler<\/li>\n<li><strong>Riley RMD Drophead<\/strong> \u2013 Halbzeitstand der Restauration<\/li>\n<li><strong>Bremskraftverst\u00e4rker<\/strong> \u2013 Ratgeber: Alles \u00fcber Bremskraftverst\u00e4rker<\/li>\n<li><strong>Blechschere<\/strong> \u2013 Schnittware: Kleine Werkzeugkunde: Tipps zum Kauf und zum richtigen Umgang mit der Blechschere<\/li>\n<\/ul>\n<h2>\ud83d\udca1 Tipp<\/h2>\n<ul>\n<li>Eine Oldtimer-Zeitschrift kann auch eine willkommene \u00dcberraschung sein, f\u00fcr Liebhaber klassischer Autos und Motorr\u00e4der \u2013 zum Verschenken von Erinnerungen und Tr\u00e4umen.<\/li>\n<\/ul>\n<h2>\ud83d\udce6 Versand &amp; Service<\/h2>\n<ul>\n<li>Kostenloser Versand in Deutschland, Auslandsversand f\u00fcr eine geringe Pauschale<\/li>\n<li>Erfahrung aus weit \u00fcber 30.000 erfolgreichen Sendungen<\/li>\n<li>Ihre Zeitschrift wird sicher und liebevoll verpackt<\/li>\n<\/ul>\n<h2>\ud83c\udf0d Zustand der Zeitschrift<\/h2>\n<ul>\n<li>Gebraucht, weil gelesen, durchgebl\u00e4ttert, gestapelt, alles original \ud83d\ude09<\/li>\n<\/ul>\n","protected":false},"excerpt":{"rendered":"<p>Mehr als nur Altpapier: Diese Zeitschrift ist ein St\u00fcck Zeitgeschichte und technisches Archiv zugleich. Perfekt f\u00fcr Sammler und Schrauber, die tief in die Technik vergangener Jahrzehnte eintauchen m\u00f6chten.<\/p>\n","protected":false},"featured_media":13441,"template":"","meta":{"iawp_total_views":0},"product_brand":[],"product_cat":[10216],"product_tag":[11720,11767,11768,123,10893,10961,11716,11717,11718,11719],"class_list":{"0":"post-13428","1":"product","2":"type-product","3":"status-publish","4":"has-post-thumbnail","6":"product_cat-oldtimer-praxis","7":"product_tag-bmw-1600-gt","8":"product_tag-bmw-r25-2","9":"product_tag-peripoli-giulietta-super-sport","10":"product_tag-scott","11":"product_tag-bremskraftverstaerker","12":"product_tag-mercedes-190-sl","13":"product_tag-blechschere","14":"product_tag-riley-rmd","15":"product_tag-peripoli-giulietta","16":"product_tag-alfa-romeo-75","18":"first","19":"instock","20":"shipping-taxable","21":"purchasable","22":"product-type-simple"},"_links":{"self":[{"href":"https:\/\/motorrad-erinnerungen.de\/shop\/wp-json\/wp\/v2\/product\/13428","targetHints":{"allow":["GET"]}}],"collection":[{"href":"https:\/\/motorrad-erinnerungen.de\/shop\/wp-json\/wp\/v2\/product"}],"about":[{"href":"https:\/\/motorrad-erinnerungen.de\/shop\/wp-json\/wp\/v2\/types\/product"}],"wp:featuredmedia":[{"embeddable":true,"href":"https:\/\/motorrad-erinnerungen.de\/shop\/wp-json\/wp\/v2\/media\/13441"}],"wp:attachment":[{"href":"https:\/\/motorrad-erinnerungen.de\/shop\/wp-json\/wp\/v2\/media?parent=13428"}],"wp:term":[{"taxonomy":"product_brand","embeddable":true,"href":"https:\/\/motorrad-erinnerungen.de\/shop\/wp-json\/wp\/v2\/product_brand?post=13428"},{"taxonomy":"product_cat","embeddable":true,"href":"https:\/\/motorrad-erinnerungen.de\/shop\/wp-json\/wp\/v2\/product_cat?post=13428"},{"taxonomy":"product_tag","embeddable":true,"href":"https:\/\/motorrad-erinnerungen.de\/shop\/wp-json\/wp\/v2\/product_tag?post=13428"}],"curies":[{"name":"wp","href":"https:\/\/api.w.org\/{rel}","templated":true}]}}