{"id":13431,"date":"2026-01-12T16:22:00","date_gmt":"2026-01-12T15:22:00","guid":{"rendered":"https:\/\/motorrad-erinnerungen.de\/shop\/produkt\/oldtimer-praxis-08-2010-die-16-ventiler-honda-cb450-bmw-r75-5\/"},"modified":"2026-01-12T22:30:47","modified_gmt":"2026-01-12T21:30:47","slug":"oldtimer-praxis-08-2010-die-16-ventiler-honda-cb450-bmw-r75-5","status":"publish","type":"product","link":"https:\/\/motorrad-erinnerungen.de\/shop\/produkt\/oldtimer-praxis-08-2010-die-16-ventiler-honda-cb450-bmw-r75-5\/","title":{"rendered":"Oldtimer Praxis 08\/2010 \u2013 Die 16-Ventiler; Honda CB450; BMW R75\/5; Simson Schwalbe"},"content":{"rendered":"<p>Erg\u00e4nzen Sie Ihre Sammlung mit der Originalausgabe <strong>Oldtimer Praxis 08\/2010<\/strong>.<\/p>\n<h2>\ud83d\udccc Titelthema dieser Ausgabe<\/h2>\n<ul>\n<li><strong>Mercedes 190<\/strong> \u2013 die 16-Ventiler \u2013 der heimliche Sportler<\/li>\n<\/ul>\n<h2>\ud83c\udfcd\ufe0f Motorr\u00e4der &amp; Zweir\u00e4der in dieser Ausgabe<\/h2>\n<ul>\n<li><strong>Honda CB450<\/strong> \u2013 Seziert: Hondas Hightech-CB450<\/li>\n<li><strong>BMW R75\/5<\/strong> \u2013 Klassik und Alltag<\/li>\n<li><strong>Simson Schwalbe<\/strong> \u2013 Schraubertipps f\u00fcr den wackeren Kult-Roller<\/li>\n<\/ul>\n<h2>\ud83d\ude97 Weitere Oldtimer-Themen<\/h2>\n<ul>\n<li><strong>Renault Juvaquatre<\/strong> \u2013 Saubere Arbeit: Brot und Butter: Die Erlebnisse eines wackeren Restaurierers mit seinem Renault Juvaquatre<\/li>\n<li><strong>Volvo PV 544<\/strong> \u2013 Fahrtenbuch-Fakten: 40 Jahre Buckel-Volvo<\/li>\n<li><strong>Lomax 223<\/strong> \u2013 Wildente im Tiefflug: Eigenbau-Spa\u00df auf drei R\u00e4dern<\/li>\n<li><strong>Citro\u00ebn DS Cabriolet<\/strong> \u2013 Eine G\u00f6ttin in Arbeit: Auf der Gro\u00dfbaustelle<\/li>\n<li><strong>Motorschaden<\/strong> \u2013 Wenn der Motor klappert: Schadendiagnose<\/li>\n<li><strong>Abgastester<\/strong> \u2013 Werkstatt-Tipps: Was Abgastester k\u00f6nnen<\/li>\n<\/ul>\n<h2>\ud83d\udca1 Tipp<\/h2>\n<ul>\n<li>Eine Oldtimer-Zeitschrift kann auch eine willkommene \u00dcberraschung sein, f\u00fcr Liebhaber klassischer Autos und Motorr\u00e4der \u2013 zum Verschenken von Erinnerungen und Tr\u00e4umen.<\/li>\n<\/ul>\n<h2>\ud83d\udce6 Versand &amp; Service<\/h2>\n<ul>\n<li>Kostenloser Versand in Deutschland, Auslandsversand f\u00fcr eine geringe Pauschale<\/li>\n<li>Erfahrung aus weit \u00fcber 30.000 erfolgreichen Sendungen<\/li>\n<li>Ihre Zeitschrift wird sicher und liebevoll verpackt<\/li>\n<\/ul>\n<h2>\ud83c\udf0d Zustand der Zeitschrift<\/h2>\n<ul>\n<li>Gebraucht, weil gelesen, durchgebl\u00e4ttert, gestapelt, alles original \ud83d\ude09<\/li>\n<\/ul>\n","protected":false},"excerpt":{"rendered":"<p>Mehr als nur Altpapier: Diese Zeitschrift ist ein St\u00fcck Zeitgeschichte und technisches Archiv zugleich. Perfekt f\u00fcr Sammler und Schrauber, die tief in die Technik vergangener Jahrzehnte eintauchen m\u00f6chten.<\/p>\n","protected":false},"featured_media":13443,"template":"","meta":{"iawp_total_views":9},"product_brand":[],"product_cat":[10216],"product_tag":[11639,11727,11728,11729,11731,11732,11733,11734,11735,11118],"class_list":{"0":"post-13431","1":"product","2":"type-product","3":"status-publish","4":"has-post-thumbnail","6":"product_cat-oldtimer-praxis","7":"product_tag-citroen-ds","8":"product_tag-motorschaden","9":"product_tag-simson-schwalbe","10":"product_tag-mercedes-190-e","11":"product_tag-renault-juvaquatre","12":"product_tag-abgastester","13":"product_tag-lomax-223","14":"product_tag-honda-cb450","15":"product_tag-bmw-r75-5","16":"product_tag-volvo-pv-544","18":"first","19":"instock","20":"shipping-taxable","21":"purchasable","22":"product-type-simple"},"_links":{"self":[{"href":"https:\/\/motorrad-erinnerungen.de\/shop\/wp-json\/wp\/v2\/product\/13431","targetHints":{"allow":["GET"]}}],"collection":[{"href":"https:\/\/motorrad-erinnerungen.de\/shop\/wp-json\/wp\/v2\/product"}],"about":[{"href":"https:\/\/motorrad-erinnerungen.de\/shop\/wp-json\/wp\/v2\/types\/product"}],"wp:featuredmedia":[{"embeddable":true,"href":"https:\/\/motorrad-erinnerungen.de\/shop\/wp-json\/wp\/v2\/media\/13443"}],"wp:attachment":[{"href":"https:\/\/motorrad-erinnerungen.de\/shop\/wp-json\/wp\/v2\/media?parent=13431"}],"wp:term":[{"taxonomy":"product_brand","embeddable":true,"href":"https:\/\/motorrad-erinnerungen.de\/shop\/wp-json\/wp\/v2\/product_brand?post=13431"},{"taxonomy":"product_cat","embeddable":true,"href":"https:\/\/motorrad-erinnerungen.de\/shop\/wp-json\/wp\/v2\/product_cat?post=13431"},{"taxonomy":"product_tag","embeddable":true,"href":"https:\/\/motorrad-erinnerungen.de\/shop\/wp-json\/wp\/v2\/product_tag?post=13431"}],"curies":[{"name":"wp","href":"https:\/\/api.w.org\/{rel}","templated":true}]}}